{"id":459,"date":"2021-07-21T11:57:58","date_gmt":"2021-07-21T09:57:58","guid":{"rendered":"https:\/\/pmed-services.online\/?page_id=459"},"modified":"2021-07-21T11:57:58","modified_gmt":"2021-07-21T09:57:58","slug":"descargo-de-responsabilidad","status":"publish","type":"page","link":"https:\/\/pmed-services.online\/es\/tienda-online\/descargo-de-responsabilidad\/","title":{"rendered":"Descargo de responsabilidad"},"content":{"rendered":"<div id=\"pl-459\"  class=\"panel-layout\" ><div id=\"pg-459-0\"  class=\"panel-grid panel-has-style\" ><div class=\"panel-row-style panel-row-style-for-459-0\" ><div id=\"pgc-459-0-0\"  class=\"panel-grid-cell\" ><div id=\"panel-459-0-0-0\" class=\"so-panel widget widget_sow-editor panel-first-child panel-last-child\" data-index=\"0\" ><div\n\t\t\t\n\t\t\tclass=\"so-widget-sow-editor so-widget-sow-editor-base\"\n\t\t\t\n\t\t>\n<div class=\"siteorigin-widget-tinymce textwidget\">\n\t<p>&nbsp;<\/p>\n<h1>Descargo de responsabilidad<\/h1>\n<p>Este sitio web es operado por PMed Services GmbH. Todos los derechos del sitio web est\u00e1n reservados por PMed Services GmbH. PMed Services GmbH no acepta ninguna responsabilidad por da\u00f1os indirectos, incidentales, consecuentes o punitivos que surjan de o en relaci\u00f3n con el uso de este sitio web. Toda la informaci\u00f3n publicada a trav\u00e9s del sitio web es proporcionada por PMed Services GmbH seg\u00fan su leal saber y entender. Sin embargo, en la medida permitida por la ley, toda esta informaci\u00f3n no constituye una garant\u00eda, promesa o responsabilidad por parte de PMed Services GmbH.<\/p>\n<p>&nbsp;<\/p>\n<p>PMed Services GmbH puede, a su propia discreci\u00f3n y sin asumir responsabilidad, cambiar este sitio web en su totalidad o en parte, en cualquier momento y sin previo aviso y suspender su funcionamiento. Al establecer enlaces a sitios web externos (\"hiperv\u00ednculos\"), PMed Services GmbH no adopta este sitio web o su contenido como propio. Adem\u00e1s, PMed Services GmbH no es responsable de la disponibilidad de estos sitios web ni de su contenido.<\/p>\n<\/div>\n<\/div><\/div><\/div><\/div><\/div><div id=\"pg-459-1\"  class=\"panel-grid panel-has-style\" ><div class=\"siteorigin-panels-stretch panel-row-style panel-row-style-for-459-1\" id=\"seoRow\" data-stretch-type=\"full-stretched-padded\" ><div id=\"pgc-459-1-0\"  class=\"panel-grid-cell\" ><div id=\"panel-459-1-0-0\" class=\"so-panel widget widget_sow-image panel-first-child\" data-index=\"1\" ><div\n\t\t\t\n\t\t\tclass=\"so-widget-sow-image so-widget-sow-image-default-c67d20f9f743-459\"\n\t\t\t\n\t\t>\n<div class=\"sow-image-container\">\n\t\t<img \n\tsrc=\"https:\/\/pmed-services.online\/wp-content\/uploads\/2021\/02\/pmed_serv_icon_phone.png\" width=\"53\" height=\"53\" sizes=\"(max-width: 53px) 100vw, 53px\" title=\"Icon Telefon\" alt=\"Icon Telefonh\u00f6rer f\u00fcr beste Erreichbarkeit\" \t\tclass=\"so-widget-image\"\/>\n\t<\/div>\n\n<\/div><\/div><div id=\"panel-459-1-0-1\" class=\"so-panel widget widget_sow-editor panel-last-child\" data-index=\"2\" ><div\n\t\t\t\n\t\t\tclass=\"so-widget-sow-editor so-widget-sow-editor-base\"\n\t\t\t\n\t\t>\n<div class=\"siteorigin-widget-tinymce textwidget\">\n\t<h3>Tiene preguntas sobre nuestros productos?<\/h3>\n<p>Llamenos, estamos para atenderle<br \/>\n+49 (0)171-2368871<\/p>\n<\/div>\n<\/div><\/div><\/div><div id=\"pgc-459-1-1\"  class=\"panel-grid-cell\" ><div id=\"panel-459-1-1-0\" class=\"so-panel widget widget_sow-image panel-first-child\" data-index=\"3\" ><div\n\t\t\t\n\t\t\tclass=\"so-widget-sow-image so-widget-sow-image-default-c67d20f9f743-459\"\n\t\t\t\n\t\t>\n<div class=\"sow-image-container\">\n\t\t<img \n\tsrc=\"https:\/\/pmed-services.online\/wp-content\/uploads\/2021\/02\/pmed_serv_icon_service.png\" width=\"52\" height=\"52\" sizes=\"(max-width: 52px) 100vw, 52px\" title=\"Icon Service\" alt=\"Icon Person f\u00fcr besten Service\" \t\tclass=\"so-widget-image\"\/>\n\t<\/div>\n\n<\/div><\/div><div id=\"panel-459-1-1-1\" class=\"so-panel widget widget_sow-editor panel-last-child\" data-index=\"4\" ><div\n\t\t\t\n\t\t\tclass=\"so-widget-sow-editor so-widget-sow-editor-base\"\n\t\t\t\n\t\t>\n<div class=\"siteorigin-widget-tinymce textwidget\">\n\t<h3>Productos de alta calidad<\/h3>\n<p>Nuestra empresa est\u00e1 especializada en productos m\u00e9dicos desde hace muchos a\u00f1os. Nos centramos en la calidad, seguridad, funcionalidad e innovaci\u00f3n de los productos.<\/p>\n<\/div>\n<\/div><\/div><\/div><div id=\"pgc-459-1-2\"  class=\"panel-grid-cell\" ><div id=\"panel-459-1-2-0\" class=\"so-panel widget widget_sow-image panel-first-child\" data-index=\"5\" ><div\n\t\t\t\n\t\t\tclass=\"so-widget-sow-image so-widget-sow-image-default-c67d20f9f743-459\"\n\t\t\t\n\t\t>\n<div class=\"sow-image-container\">\n\t\t<img \n\tsrc=\"https:\/\/pmed-services.online\/wp-content\/uploads\/2021\/02\/pmed_serv_icon_versand.png\" width=\"55\" height=\"44\" sizes=\"(max-width: 55px) 100vw, 55px\" title=\"Icon Versand\" alt=\"Icon Lieferung, schnelle Lieferung innerhalb von zwei Werktagen\" \t\tclass=\"so-widget-image\"\/>\n\t<\/div>\n\n<\/div><\/div><div id=\"panel-459-1-2-1\" class=\"so-panel widget widget_sow-editor panel-last-child\" data-index=\"6\" ><div\n\t\t\t\n\t\t\tclass=\"so-widget-sow-editor so-widget-sow-editor-base\"\n\t\t\t\n\t\t>\n<div class=\"siteorigin-widget-tinymce textwidget\">\n\t<h3>Env\u00edo r\u00e1pido<\/h3>\n<p>Por regla general, sus pedidos estar\u00e1n listos para ser enviados en un plazo m\u00e1ximo de 2 d\u00edas.<\/p>\n<\/div>\n<\/div><\/div><\/div><div id=\"pgc-459-1-3\"  class=\"panel-grid-cell\" ><div id=\"panel-459-1-3-0\" class=\"so-panel widget widget_sow-image panel-first-child\" data-index=\"7\" ><div\n\t\t\t\n\t\t\tclass=\"so-widget-sow-image so-widget-sow-image-default-c67d20f9f743-459\"\n\t\t\t\n\t\t>\n<div class=\"sow-image-container\">\n\t\t<img \n\tsrc=\"https:\/\/pmed-services.online\/wp-content\/uploads\/2021\/02\/pmed_serv_icon_mengen.png\" width=\"54\" height=\"60\" sizes=\"(max-width: 54px) 100vw, 54px\" title=\"Icon Mengen\" alt=\"Icon Verkauf von gro\u00dfen Mengen von medizinischen Produkten\" \t\tclass=\"so-widget-image\"\/>\n\t<\/div>\n\n<\/div><\/div><div id=\"panel-459-1-3-1\" class=\"so-panel widget widget_sow-editor panel-last-child\" data-index=\"8\" ><div\n\t\t\t\n\t\t\tclass=\"so-widget-sow-editor so-widget-sow-editor-base\"\n\t\t\t\n\t\t>\n<div class=\"siteorigin-widget-tinymce textwidget\">\n\t<h3>Venta de grandes cantidades<\/h3>\n<p>Si desea comprar cantidades mayores, ll\u00e1menos y le haremos una oferta individual.<\/p>\n<\/div>\n<\/div><\/div><\/div><\/div><\/div><\/div>","protected":false},"excerpt":{"rendered":"<p>&nbsp; Descargo de responsabilidad Este sitio web es operado por PMed Services GmbH. Todos los derechos del sitio web est\u00e1n reservados por PMed Services GmbH. PMed Services GmbH no acepta ninguna responsabilidad por da\u00f1os indirectos, incidentales, consecuentes o punitivos que surjan de o en relaci\u00f3n con el uso de este sitio web. Toda la informaci\u00f3n [&hellip;]<\/p>\n","protected":false},"author":1,"featured_media":0,"parent":428,"menu_order":0,"comment_status":"closed","ping_status":"closed","template":"","meta":{"_genesis_hide_title":false,"_genesis_hide_breadcrumbs":false,"_genesis_hide_singular_image":false,"_genesis_hide_footer_widgets":false,"_genesis_custom_body_class":"","_genesis_custom_post_class":"","_genesis_layout":"","footnotes":""},"class_list":{"0":"post-459","1":"page","2":"type-page","3":"status-publish","5":"entry"},"yoast_head":"<!-- This site is optimized with the Yoast SEO plugin v27.0 - https:\/\/yoast.com\/product\/yoast-seo-wordpress\/ -->\n<title>Descargo de responsabilidad - PMed Services Online<\/title>\n<meta name=\"robots\" content=\"index, follow, max-snippet:-1, max-image-preview:large, max-video-preview:-1\" \/>\n<link rel=\"canonical\" href=\"https:\/\/pmed-services.online\/es\/tienda-online\/descargo-de-responsabilidad\/\" \/>\n<meta property=\"og:locale\" content=\"es_ES\" \/>\n<meta property=\"og:type\" content=\"article\" \/>\n<meta property=\"og:title\" content=\"Descargo de responsabilidad - PMed Services Online\" \/>\n<meta property=\"og:description\" content=\"&nbsp; Descargo de responsabilidad Este sitio web es operado por PMed Services GmbH. Todos los derechos del sitio web est\u00e1n reservados por PMed Services GmbH. PMed Services GmbH no acepta ninguna responsabilidad por da\u00f1os indirectos, incidentales, consecuentes o punitivos que surjan de o en relaci\u00f3n con el uso de este sitio web. Toda la informaci\u00f3n [&hellip;]\" \/>\n<meta property=\"og:url\" content=\"https:\/\/pmed-services.online\/es\/tienda-online\/descargo-de-responsabilidad\/\" \/>\n<meta property=\"og:site_name\" content=\"PMed Services Online\" \/>\n<meta name=\"twitter:card\" content=\"summary_large_image\" \/>\n<meta name=\"twitter:label1\" content=\"Tiempo de lectura\" \/>\n\t<meta name=\"twitter:data1\" content=\"1 minuto\" \/>\n<script type=\"application\/ld+json\" class=\"yoast-schema-graph\">{\"@context\":\"https:\/\/schema.org\",\"@graph\":[{\"@type\":\"WebPage\",\"@id\":\"https:\/\/pmed-services.online\/es\/tienda-online\/descargo-de-responsabilidad\/\",\"url\":\"https:\/\/pmed-services.online\/es\/tienda-online\/descargo-de-responsabilidad\/\",\"name\":\"Descargo de responsabilidad - PMed Services Online\",\"isPartOf\":{\"@id\":\"https:\/\/pmed-services.online\/es\/#website\"},\"datePublished\":\"2021-07-21T09:57:58+00:00\",\"breadcrumb\":{\"@id\":\"https:\/\/pmed-services.online\/es\/tienda-online\/descargo-de-responsabilidad\/#breadcrumb\"},\"inLanguage\":\"es\",\"potentialAction\":[{\"@type\":\"ReadAction\",\"target\":[\"https:\/\/pmed-services.online\/es\/tienda-online\/descargo-de-responsabilidad\/\"]}]},{\"@type\":\"BreadcrumbList\",\"@id\":\"https:\/\/pmed-services.online\/es\/tienda-online\/descargo-de-responsabilidad\/#breadcrumb\",\"itemListElement\":[{\"@type\":\"ListItem\",\"position\":1,\"name\":\"Startseite\",\"item\":\"https:\/\/pmed-services.online\/es\/\"},{\"@type\":\"ListItem\",\"position\":2,\"name\":\"Tienda\",\"item\":\"https:\/\/pmed-services.online\/es\/tienda-online-productos-de-proteccion-y-rehabilitacion\/\"},{\"@type\":\"ListItem\",\"position\":3,\"name\":\"Descargo de responsabilidad\"}]},{\"@type\":\"WebSite\",\"@id\":\"https:\/\/pmed-services.online\/es\/#website\",\"url\":\"https:\/\/pmed-services.online\/es\/\",\"name\":\"PMed Services Online\",\"description\":\"Ihr Webshop f\u00fcr medizinische Produkte\",\"publisher\":{\"@id\":\"https:\/\/pmed-services.online\/es\/#organization\"},\"potentialAction\":[{\"@type\":\"SearchAction\",\"target\":{\"@type\":\"EntryPoint\",\"urlTemplate\":\"https:\/\/pmed-services.online\/es\/?s={search_term_string}\"},\"query-input\":{\"@type\":\"PropertyValueSpecification\",\"valueRequired\":true,\"valueName\":\"search_term_string\"}}],\"inLanguage\":\"es\"},{\"@type\":\"Organization\",\"@id\":\"https:\/\/pmed-services.online\/es\/#organization\",\"name\":\"PMed Services GmbH\",\"url\":\"https:\/\/pmed-services.online\/es\/\",\"logo\":{\"@type\":\"ImageObject\",\"inLanguage\":\"es\",\"@id\":\"https:\/\/pmed-services.online\/es\/#\/schema\/logo\/image\/\",\"url\":\"https:\/\/pmed-services.online\/wp-content\/uploads\/2021\/02\/pmed_serv_logo.png\",\"contentUrl\":\"https:\/\/pmed-services.online\/wp-content\/uploads\/2021\/02\/pmed_serv_logo.png\",\"width\":291,\"height\":51,\"caption\":\"PMed Services GmbH\"},\"image\":{\"@id\":\"https:\/\/pmed-services.online\/es\/#\/schema\/logo\/image\/\"}}]}<\/script>\n<!-- \/ Yoast SEO plugin. -->","yoast_head_json":{"title":"Descargo de responsabilidad - PMed Services Online","robots":{"index":"index","follow":"follow","max-snippet":"max-snippet:-1","max-image-preview":"max-image-preview:large","max-video-preview":"max-video-preview:-1"},"canonical":"https:\/\/pmed-services.online\/es\/tienda-online\/descargo-de-responsabilidad\/","og_locale":"es_ES","og_type":"article","og_title":"Descargo de responsabilidad - PMed Services Online","og_description":"&nbsp; Descargo de responsabilidad Este sitio web es operado por PMed Services GmbH. Todos los derechos del sitio web est\u00e1n reservados por PMed Services GmbH. PMed Services GmbH no acepta ninguna responsabilidad por da\u00f1os indirectos, incidentales, consecuentes o punitivos que surjan de o en relaci\u00f3n con el uso de este sitio web. Toda la informaci\u00f3n [&hellip;]","og_url":"https:\/\/pmed-services.online\/es\/tienda-online\/descargo-de-responsabilidad\/","og_site_name":"PMed Services Online","twitter_card":"summary_large_image","twitter_misc":{"Tiempo de lectura":"1 minuto"},"schema":{"@context":"https:\/\/schema.org","@graph":[{"@type":"WebPage","@id":"https:\/\/pmed-services.online\/es\/tienda-online\/descargo-de-responsabilidad\/","url":"https:\/\/pmed-services.online\/es\/tienda-online\/descargo-de-responsabilidad\/","name":"Descargo de responsabilidad - PMed Services Online","isPartOf":{"@id":"https:\/\/pmed-services.online\/es\/#website"},"datePublished":"2021-07-21T09:57:58+00:00","breadcrumb":{"@id":"https:\/\/pmed-services.online\/es\/tienda-online\/descargo-de-responsabilidad\/#breadcrumb"},"inLanguage":"es","potentialAction":[{"@type":"ReadAction","target":["https:\/\/pmed-services.online\/es\/tienda-online\/descargo-de-responsabilidad\/"]}]},{"@type":"BreadcrumbList","@id":"https:\/\/pmed-services.online\/es\/tienda-online\/descargo-de-responsabilidad\/#breadcrumb","itemListElement":[{"@type":"ListItem","position":1,"name":"Startseite","item":"https:\/\/pmed-services.online\/es\/"},{"@type":"ListItem","position":2,"name":"Tienda","item":"https:\/\/pmed-services.online\/es\/tienda-online-productos-de-proteccion-y-rehabilitacion\/"},{"@type":"ListItem","position":3,"name":"Descargo de responsabilidad"}]},{"@type":"WebSite","@id":"https:\/\/pmed-services.online\/es\/#website","url":"https:\/\/pmed-services.online\/es\/","name":"PMed Services Online","description":"Ihr Webshop f\u00fcr medizinische Produkte","publisher":{"@id":"https:\/\/pmed-services.online\/es\/#organization"},"potentialAction":[{"@type":"SearchAction","target":{"@type":"EntryPoint","urlTemplate":"https:\/\/pmed-services.online\/es\/?s={search_term_string}"},"query-input":{"@type":"PropertyValueSpecification","valueRequired":true,"valueName":"search_term_string"}}],"inLanguage":"es"},{"@type":"Organization","@id":"https:\/\/pmed-services.online\/es\/#organization","name":"PMed Services GmbH","url":"https:\/\/pmed-services.online\/es\/","logo":{"@type":"ImageObject","inLanguage":"es","@id":"https:\/\/pmed-services.online\/es\/#\/schema\/logo\/image\/","url":"https:\/\/pmed-services.online\/wp-content\/uploads\/2021\/02\/pmed_serv_logo.png","contentUrl":"https:\/\/pmed-services.online\/wp-content\/uploads\/2021\/02\/pmed_serv_logo.png","width":291,"height":51,"caption":"PMed Services GmbH"},"image":{"@id":"https:\/\/pmed-services.online\/es\/#\/schema\/logo\/image\/"}}]}},"_links":{"self":[{"href":"https:\/\/pmed-services.online\/es\/wp-json\/wp\/v2\/pages\/459","targetHints":{"allow":["GET"]}}],"collection":[{"href":"https:\/\/pmed-services.online\/es\/wp-json\/wp\/v2\/pages"}],"about":[{"href":"https:\/\/pmed-services.online\/es\/wp-json\/wp\/v2\/types\/page"}],"author":[{"embeddable":true,"href":"https:\/\/pmed-services.online\/es\/wp-json\/wp\/v2\/users\/1"}],"replies":[{"embeddable":true,"href":"https:\/\/pmed-services.online\/es\/wp-json\/wp\/v2\/comments?post=459"}],"version-history":[{"count":2,"href":"https:\/\/pmed-services.online\/es\/wp-json\/wp\/v2\/pages\/459\/revisions"}],"predecessor-version":[{"id":461,"href":"https:\/\/pmed-services.online\/es\/wp-json\/wp\/v2\/pages\/459\/revisions\/461"}],"up":[{"embeddable":true,"href":"https:\/\/pmed-services.online\/es\/wp-json\/wp\/v2\/pages\/428"}],"wp:attachment":[{"href":"https:\/\/pmed-services.online\/es\/wp-json\/wp\/v2\/media?parent=459"}],"curies":[{"name":"wp","href":"https:\/\/api.w.org\/{rel}","templated":true}]}}