{"id":465,"date":"2021-07-21T12:00:13","date_gmt":"2021-07-21T10:00:13","guid":{"rendered":"https:\/\/pmed-services.online\/?page_id=465"},"modified":"2021-07-21T12:01:18","modified_gmt":"2021-07-21T10:01:18","slug":"envio-y-entrega","status":"publish","type":"page","link":"https:\/\/pmed-services.online\/es\/tienda-online\/envio-y-entrega\/","title":{"rendered":"Env\u00edo y entrega"},"content":{"rendered":"<div id=\"pl-465\"  class=\"panel-layout\" ><div id=\"pg-465-0\"  class=\"panel-grid panel-no-style\" ><div id=\"pgc-465-0-0\"  class=\"panel-grid-cell\" ><div id=\"panel-465-0-0-0\" class=\"so-panel widget widget_sow-editor panel-first-child panel-last-child\" data-index=\"0\" ><div\n\t\t\t\n\t\t\tclass=\"so-widget-sow-editor so-widget-sow-editor-base\"\n\t\t\t\n\t\t>\n<div class=\"siteorigin-widget-tinymce textwidget\">\n\t<h1>Precios, gastos de env\u00edo e informaci\u00f3n de entrega<\/h1>\n<p>Los precios cotizados en las p\u00e1ginas del producto se muestran sin el impuesto al valor agregado legal y otros componentes del precio. <\/p>\n<p>Solo realizamos env\u00edos dentro de Alemania y dentro de la EU. Envios a terceros pa\u00edses pueden ser realizados bajo un acuerdo individual entre ambas partes.  Los pedidos suelen estar listos para su env\u00edo en 2 d\u00edas.<\/p>\n<p>Adem\u00e1s de los precios indicados, cobramos una tarifa plana de 4,95 euros por pedido para la entrega dentro de Alemania, para envios de un paquete dentro de la EU 15,95 Eur. Para envios a terceros pa\u00edses el precio de envio ser\u00e1 calculado individualmente. Los costos de env\u00edo se le comunican claramente en el sistema de carrito de compras y en la p\u00e1gina de pedido.<\/p>\n<p>Tambi\u00e9n puede utilizar la entrega urgente. Tenga en cuenta que solo se pueden tener en cuenta los pedidos realizados antes de las 11 a.m. . <\/p>\n<p>No hay costos de env\u00edo para el contenido digital.<\/p>\n<\/div>\n<\/div><\/div><\/div><\/div><\/div>","protected":false},"excerpt":{"rendered":"<p>Precios, gastos de env\u00edo e informaci\u00f3n de entrega Los precios cotizados en las p\u00e1ginas del producto se muestran sin el impuesto al valor agregado legal y otros componentes del precio. Solo realizamos env\u00edos dentro de Alemania y dentro de la EU. Envios a terceros pa\u00edses pueden ser realizados bajo un acuerdo individual entre ambas partes. [&hellip;]<\/p>\n","protected":false},"author":1,"featured_media":0,"parent":428,"menu_order":0,"comment_status":"closed","ping_status":"closed","template":"","meta":{"_genesis_hide_title":false,"_genesis_hide_breadcrumbs":false,"_genesis_hide_singular_image":false,"_genesis_hide_footer_widgets":false,"_genesis_custom_body_class":"","_genesis_custom_post_class":"","_genesis_layout":"","footnotes":""},"class_list":{"0":"post-465","1":"page","2":"type-page","3":"status-publish","5":"entry"},"yoast_head":"<!-- This site is optimized with the Yoast SEO plugin v27.0 - https:\/\/yoast.com\/product\/yoast-seo-wordpress\/ -->\n<title>Env\u00edo y entrega - PMed Services Online<\/title>\n<meta name=\"robots\" content=\"index, follow, max-snippet:-1, max-image-preview:large, max-video-preview:-1\" \/>\n<link rel=\"canonical\" href=\"https:\/\/pmed-services.online\/es\/tienda-online\/envio-y-entrega\/\" \/>\n<meta property=\"og:locale\" content=\"es_ES\" \/>\n<meta property=\"og:type\" content=\"article\" \/>\n<meta property=\"og:title\" content=\"Env\u00edo y entrega - PMed Services Online\" \/>\n<meta property=\"og:description\" content=\"Precios, gastos de env\u00edo e informaci\u00f3n de entrega Los precios cotizados en las p\u00e1ginas del producto se muestran sin el impuesto al valor agregado legal y otros componentes del precio. Solo realizamos env\u00edos dentro de Alemania y dentro de la EU. Envios a terceros pa\u00edses pueden ser realizados bajo un acuerdo individual entre ambas partes. [&hellip;]\" \/>\n<meta property=\"og:url\" content=\"https:\/\/pmed-services.online\/es\/tienda-online\/envio-y-entrega\/\" \/>\n<meta property=\"og:site_name\" content=\"PMed Services Online\" \/>\n<meta property=\"article:modified_time\" content=\"2021-07-21T10:01:18+00:00\" \/>\n<meta name=\"twitter:card\" content=\"summary_large_image\" \/>\n<meta name=\"twitter:label1\" content=\"Tiempo de lectura\" \/>\n\t<meta name=\"twitter:data1\" content=\"1 minuto\" \/>\n<script type=\"application\/ld+json\" class=\"yoast-schema-graph\">{\"@context\":\"https:\/\/schema.org\",\"@graph\":[{\"@type\":\"WebPage\",\"@id\":\"https:\/\/pmed-services.online\/es\/tienda-online\/envio-y-entrega\/\",\"url\":\"https:\/\/pmed-services.online\/es\/tienda-online\/envio-y-entrega\/\",\"name\":\"Env\u00edo y entrega - PMed Services Online\",\"isPartOf\":{\"@id\":\"https:\/\/pmed-services.online\/es\/#website\"},\"datePublished\":\"2021-07-21T10:00:13+00:00\",\"dateModified\":\"2021-07-21T10:01:18+00:00\",\"breadcrumb\":{\"@id\":\"https:\/\/pmed-services.online\/es\/tienda-online\/envio-y-entrega\/#breadcrumb\"},\"inLanguage\":\"es\",\"potentialAction\":[{\"@type\":\"ReadAction\",\"target\":[\"https:\/\/pmed-services.online\/es\/tienda-online\/envio-y-entrega\/\"]}]},{\"@type\":\"BreadcrumbList\",\"@id\":\"https:\/\/pmed-services.online\/es\/tienda-online\/envio-y-entrega\/#breadcrumb\",\"itemListElement\":[{\"@type\":\"ListItem\",\"position\":1,\"name\":\"Startseite\",\"item\":\"https:\/\/pmed-services.online\/es\/\"},{\"@type\":\"ListItem\",\"position\":2,\"name\":\"Tienda\",\"item\":\"https:\/\/pmed-services.online\/es\/tienda-online-productos-de-proteccion-y-rehabilitacion\/\"},{\"@type\":\"ListItem\",\"position\":3,\"name\":\"Env\u00edo y entrega\"}]},{\"@type\":\"WebSite\",\"@id\":\"https:\/\/pmed-services.online\/es\/#website\",\"url\":\"https:\/\/pmed-services.online\/es\/\",\"name\":\"PMed Services Online\",\"description\":\"Ihr Webshop f\u00fcr medizinische Produkte\",\"publisher\":{\"@id\":\"https:\/\/pmed-services.online\/es\/#organization\"},\"potentialAction\":[{\"@type\":\"SearchAction\",\"target\":{\"@type\":\"EntryPoint\",\"urlTemplate\":\"https:\/\/pmed-services.online\/es\/?s={search_term_string}\"},\"query-input\":{\"@type\":\"PropertyValueSpecification\",\"valueRequired\":true,\"valueName\":\"search_term_string\"}}],\"inLanguage\":\"es\"},{\"@type\":\"Organization\",\"@id\":\"https:\/\/pmed-services.online\/es\/#organization\",\"name\":\"PMed Services GmbH\",\"url\":\"https:\/\/pmed-services.online\/es\/\",\"logo\":{\"@type\":\"ImageObject\",\"inLanguage\":\"es\",\"@id\":\"https:\/\/pmed-services.online\/es\/#\/schema\/logo\/image\/\",\"url\":\"https:\/\/pmed-services.online\/wp-content\/uploads\/2021\/02\/pmed_serv_logo.png\",\"contentUrl\":\"https:\/\/pmed-services.online\/wp-content\/uploads\/2021\/02\/pmed_serv_logo.png\",\"width\":291,\"height\":51,\"caption\":\"PMed Services GmbH\"},\"image\":{\"@id\":\"https:\/\/pmed-services.online\/es\/#\/schema\/logo\/image\/\"}}]}<\/script>\n<!-- \/ Yoast SEO plugin. -->","yoast_head_json":{"title":"Env\u00edo y entrega - PMed Services Online","robots":{"index":"index","follow":"follow","max-snippet":"max-snippet:-1","max-image-preview":"max-image-preview:large","max-video-preview":"max-video-preview:-1"},"canonical":"https:\/\/pmed-services.online\/es\/tienda-online\/envio-y-entrega\/","og_locale":"es_ES","og_type":"article","og_title":"Env\u00edo y entrega - PMed Services Online","og_description":"Precios, gastos de env\u00edo e informaci\u00f3n de entrega Los precios cotizados en las p\u00e1ginas del producto se muestran sin el impuesto al valor agregado legal y otros componentes del precio. Solo realizamos env\u00edos dentro de Alemania y dentro de la EU. Envios a terceros pa\u00edses pueden ser realizados bajo un acuerdo individual entre ambas partes. [&hellip;]","og_url":"https:\/\/pmed-services.online\/es\/tienda-online\/envio-y-entrega\/","og_site_name":"PMed Services Online","article_modified_time":"2021-07-21T10:01:18+00:00","twitter_card":"summary_large_image","twitter_misc":{"Tiempo de lectura":"1 minuto"},"schema":{"@context":"https:\/\/schema.org","@graph":[{"@type":"WebPage","@id":"https:\/\/pmed-services.online\/es\/tienda-online\/envio-y-entrega\/","url":"https:\/\/pmed-services.online\/es\/tienda-online\/envio-y-entrega\/","name":"Env\u00edo y entrega - PMed Services Online","isPartOf":{"@id":"https:\/\/pmed-services.online\/es\/#website"},"datePublished":"2021-07-21T10:00:13+00:00","dateModified":"2021-07-21T10:01:18+00:00","breadcrumb":{"@id":"https:\/\/pmed-services.online\/es\/tienda-online\/envio-y-entrega\/#breadcrumb"},"inLanguage":"es","potentialAction":[{"@type":"ReadAction","target":["https:\/\/pmed-services.online\/es\/tienda-online\/envio-y-entrega\/"]}]},{"@type":"BreadcrumbList","@id":"https:\/\/pmed-services.online\/es\/tienda-online\/envio-y-entrega\/#breadcrumb","itemListElement":[{"@type":"ListItem","position":1,"name":"Startseite","item":"https:\/\/pmed-services.online\/es\/"},{"@type":"ListItem","position":2,"name":"Tienda","item":"https:\/\/pmed-services.online\/es\/tienda-online-productos-de-proteccion-y-rehabilitacion\/"},{"@type":"ListItem","position":3,"name":"Env\u00edo y entrega"}]},{"@type":"WebSite","@id":"https:\/\/pmed-services.online\/es\/#website","url":"https:\/\/pmed-services.online\/es\/","name":"PMed Services Online","description":"Ihr Webshop f\u00fcr medizinische Produkte","publisher":{"@id":"https:\/\/pmed-services.online\/es\/#organization"},"potentialAction":[{"@type":"SearchAction","target":{"@type":"EntryPoint","urlTemplate":"https:\/\/pmed-services.online\/es\/?s={search_term_string}"},"query-input":{"@type":"PropertyValueSpecification","valueRequired":true,"valueName":"search_term_string"}}],"inLanguage":"es"},{"@type":"Organization","@id":"https:\/\/pmed-services.online\/es\/#organization","name":"PMed Services GmbH","url":"https:\/\/pmed-services.online\/es\/","logo":{"@type":"ImageObject","inLanguage":"es","@id":"https:\/\/pmed-services.online\/es\/#\/schema\/logo\/image\/","url":"https:\/\/pmed-services.online\/wp-content\/uploads\/2021\/02\/pmed_serv_logo.png","contentUrl":"https:\/\/pmed-services.online\/wp-content\/uploads\/2021\/02\/pmed_serv_logo.png","width":291,"height":51,"caption":"PMed Services GmbH"},"image":{"@id":"https:\/\/pmed-services.online\/es\/#\/schema\/logo\/image\/"}}]}},"_links":{"self":[{"href":"https:\/\/pmed-services.online\/es\/wp-json\/wp\/v2\/pages\/465","targetHints":{"allow":["GET"]}}],"collection":[{"href":"https:\/\/pmed-services.online\/es\/wp-json\/wp\/v2\/pages"}],"about":[{"href":"https:\/\/pmed-services.online\/es\/wp-json\/wp\/v2\/types\/page"}],"author":[{"embeddable":true,"href":"https:\/\/pmed-services.online\/es\/wp-json\/wp\/v2\/users\/1"}],"replies":[{"embeddable":true,"href":"https:\/\/pmed-services.online\/es\/wp-json\/wp\/v2\/comments?post=465"}],"version-history":[{"count":4,"href":"https:\/\/pmed-services.online\/es\/wp-json\/wp\/v2\/pages\/465\/revisions"}],"predecessor-version":[{"id":472,"href":"https:\/\/pmed-services.online\/es\/wp-json\/wp\/v2\/pages\/465\/revisions\/472"}],"up":[{"embeddable":true,"href":"https:\/\/pmed-services.online\/es\/wp-json\/wp\/v2\/pages\/428"}],"wp:attachment":[{"href":"https:\/\/pmed-services.online\/es\/wp-json\/wp\/v2\/media?parent=465"}],"curies":[{"name":"wp","href":"https:\/\/api.w.org\/{rel}","templated":true}]}}