{"id":468,"date":"2021-07-21T12:12:59","date_gmt":"2021-07-21T10:12:59","guid":{"rendered":"https:\/\/pmed-services.online\/?page_id=468"},"modified":"2021-07-21T12:12:59","modified_gmt":"2021-07-21T10:12:59","slug":"metodos-de-pago","status":"publish","type":"page","link":"https:\/\/pmed-services.online\/es\/tienda-online\/metodos-de-pago\/","title":{"rendered":"M\u00e9todos de pago"},"content":{"rendered":"<h1>M\u00e9todos de pago<\/h1>\n<p>Ofrecemos los siguientes m\u00e9todos de pago. S\u00f3lo tiene que elegir el m\u00e9todo de pago que m\u00e1s le convenga.<\/p>\n<p>Los precios indicados en las respectivas ofertas son precios netos. Los gastos de entrega y env\u00edo no est\u00e1n incluidos en el precio de compra, pueden consultarse en la p\u00e1gina \u00abEnv\u00edo y entrega\u00bb, se muestran por separado durante el proceso de pedido y corren a su cargo.<\/p>\n<p><strong><em>PayPal Plus<\/em><\/strong><\/p>\n<p>Gracias a PayPal Plus tiene varias posibilidades para pagar:<\/p>\n<p><em>PayPal<\/em><\/p>\n<p>Pague como siempre con su cuenta de PayPal<\/p>\n<p><em>Domiciliaci\u00f3n bancaria<\/em><\/p>\n<p>PayPal deduce f\u00e1cilmente el importe a pagar de su cuenta.<\/p>\n<p><em>A factura<\/em><br \/>\nS\u00f3lo tiene que hacer el pedido y pagar despu\u00e9s.<\/p>\n<p><em>Tarjeta de cr\u00e9dito<\/em><\/p>\n<p>Pague f\u00e1cilmente con tarjeta de cr\u00e9dito.<\/p>\n","protected":false},"excerpt":{"rendered":"<p>M\u00e9todos de pago Ofrecemos los siguientes m\u00e9todos de pago. S\u00f3lo tiene que elegir el m\u00e9todo de pago que m\u00e1s le convenga. Los precios indicados en las respectivas ofertas son precios netos. Los gastos de entrega y env\u00edo no est\u00e1n incluidos en el precio de compra, pueden consultarse en la p\u00e1gina \u00abEnv\u00edo y entrega\u00bb, se muestran [&hellip;]<\/p>\n","protected":false},"author":1,"featured_media":0,"parent":428,"menu_order":0,"comment_status":"closed","ping_status":"closed","template":"","meta":{"_genesis_hide_title":false,"_genesis_hide_breadcrumbs":false,"_genesis_hide_singular_image":false,"_genesis_hide_footer_widgets":false,"_genesis_custom_body_class":"","_genesis_custom_post_class":"","_genesis_layout":"","footnotes":""},"class_list":{"0":"post-468","1":"page","2":"type-page","3":"status-publish","5":"entry"},"yoast_head":"<!-- This site is optimized with the Yoast SEO plugin v27.0 - https:\/\/yoast.com\/product\/yoast-seo-wordpress\/ -->\n<title>M\u00e9todos de pago - PMed Services Online<\/title>\n<meta name=\"robots\" content=\"index, follow, max-snippet:-1, max-image-preview:large, max-video-preview:-1\" \/>\n<link rel=\"canonical\" href=\"https:\/\/pmed-services.online\/es\/tienda-online\/metodos-de-pago\/\" \/>\n<meta property=\"og:locale\" content=\"es_ES\" \/>\n<meta property=\"og:type\" content=\"article\" \/>\n<meta property=\"og:title\" content=\"M\u00e9todos de pago - PMed Services Online\" \/>\n<meta property=\"og:description\" content=\"M\u00e9todos de pago Ofrecemos los siguientes m\u00e9todos de pago. S\u00f3lo tiene que elegir el m\u00e9todo de pago que m\u00e1s le convenga. Los precios indicados en las respectivas ofertas son precios netos. Los gastos de entrega y env\u00edo no est\u00e1n incluidos en el precio de compra, pueden consultarse en la p\u00e1gina \u00abEnv\u00edo y entrega\u00bb, se muestran [&hellip;]\" \/>\n<meta property=\"og:url\" content=\"https:\/\/pmed-services.online\/es\/tienda-online\/metodos-de-pago\/\" \/>\n<meta property=\"og:site_name\" content=\"PMed Services Online\" \/>\n<meta name=\"twitter:card\" content=\"summary_large_image\" \/>\n<meta name=\"twitter:label1\" content=\"Tiempo de lectura\" \/>\n\t<meta name=\"twitter:data1\" content=\"1 minuto\" \/>\n<script type=\"application\/ld+json\" class=\"yoast-schema-graph\">{\"@context\":\"https:\/\/schema.org\",\"@graph\":[{\"@type\":\"WebPage\",\"@id\":\"https:\/\/pmed-services.online\/es\/tienda-online\/metodos-de-pago\/\",\"url\":\"https:\/\/pmed-services.online\/es\/tienda-online\/metodos-de-pago\/\",\"name\":\"M\u00e9todos de pago - PMed Services Online\",\"isPartOf\":{\"@id\":\"https:\/\/pmed-services.online\/es\/#website\"},\"datePublished\":\"2021-07-21T10:12:59+00:00\",\"breadcrumb\":{\"@id\":\"https:\/\/pmed-services.online\/es\/tienda-online\/metodos-de-pago\/#breadcrumb\"},\"inLanguage\":\"es\",\"potentialAction\":[{\"@type\":\"ReadAction\",\"target\":[\"https:\/\/pmed-services.online\/es\/tienda-online\/metodos-de-pago\/\"]}]},{\"@type\":\"BreadcrumbList\",\"@id\":\"https:\/\/pmed-services.online\/es\/tienda-online\/metodos-de-pago\/#breadcrumb\",\"itemListElement\":[{\"@type\":\"ListItem\",\"position\":1,\"name\":\"Startseite\",\"item\":\"https:\/\/pmed-services.online\/es\/\"},{\"@type\":\"ListItem\",\"position\":2,\"name\":\"Tienda\",\"item\":\"https:\/\/pmed-services.online\/es\/tienda-online-productos-de-proteccion-y-rehabilitacion\/\"},{\"@type\":\"ListItem\",\"position\":3,\"name\":\"M\u00e9todos de pago\"}]},{\"@type\":\"WebSite\",\"@id\":\"https:\/\/pmed-services.online\/es\/#website\",\"url\":\"https:\/\/pmed-services.online\/es\/\",\"name\":\"PMed Services Online\",\"description\":\"Ihr Webshop f\u00fcr medizinische Produkte\",\"publisher\":{\"@id\":\"https:\/\/pmed-services.online\/es\/#organization\"},\"potentialAction\":[{\"@type\":\"SearchAction\",\"target\":{\"@type\":\"EntryPoint\",\"urlTemplate\":\"https:\/\/pmed-services.online\/es\/?s={search_term_string}\"},\"query-input\":{\"@type\":\"PropertyValueSpecification\",\"valueRequired\":true,\"valueName\":\"search_term_string\"}}],\"inLanguage\":\"es\"},{\"@type\":\"Organization\",\"@id\":\"https:\/\/pmed-services.online\/es\/#organization\",\"name\":\"PMed Services GmbH\",\"url\":\"https:\/\/pmed-services.online\/es\/\",\"logo\":{\"@type\":\"ImageObject\",\"inLanguage\":\"es\",\"@id\":\"https:\/\/pmed-services.online\/es\/#\/schema\/logo\/image\/\",\"url\":\"https:\/\/pmed-services.online\/wp-content\/uploads\/2021\/02\/pmed_serv_logo.png\",\"contentUrl\":\"https:\/\/pmed-services.online\/wp-content\/uploads\/2021\/02\/pmed_serv_logo.png\",\"width\":291,\"height\":51,\"caption\":\"PMed Services GmbH\"},\"image\":{\"@id\":\"https:\/\/pmed-services.online\/es\/#\/schema\/logo\/image\/\"}}]}<\/script>\n<!-- \/ Yoast SEO plugin. -->","yoast_head_json":{"title":"M\u00e9todos de pago - PMed Services Online","robots":{"index":"index","follow":"follow","max-snippet":"max-snippet:-1","max-image-preview":"max-image-preview:large","max-video-preview":"max-video-preview:-1"},"canonical":"https:\/\/pmed-services.online\/es\/tienda-online\/metodos-de-pago\/","og_locale":"es_ES","og_type":"article","og_title":"M\u00e9todos de pago - PMed Services Online","og_description":"M\u00e9todos de pago Ofrecemos los siguientes m\u00e9todos de pago. S\u00f3lo tiene que elegir el m\u00e9todo de pago que m\u00e1s le convenga. Los precios indicados en las respectivas ofertas son precios netos. Los gastos de entrega y env\u00edo no est\u00e1n incluidos en el precio de compra, pueden consultarse en la p\u00e1gina \u00abEnv\u00edo y entrega\u00bb, se muestran [&hellip;]","og_url":"https:\/\/pmed-services.online\/es\/tienda-online\/metodos-de-pago\/","og_site_name":"PMed Services Online","twitter_card":"summary_large_image","twitter_misc":{"Tiempo de lectura":"1 minuto"},"schema":{"@context":"https:\/\/schema.org","@graph":[{"@type":"WebPage","@id":"https:\/\/pmed-services.online\/es\/tienda-online\/metodos-de-pago\/","url":"https:\/\/pmed-services.online\/es\/tienda-online\/metodos-de-pago\/","name":"M\u00e9todos de pago - PMed Services Online","isPartOf":{"@id":"https:\/\/pmed-services.online\/es\/#website"},"datePublished":"2021-07-21T10:12:59+00:00","breadcrumb":{"@id":"https:\/\/pmed-services.online\/es\/tienda-online\/metodos-de-pago\/#breadcrumb"},"inLanguage":"es","potentialAction":[{"@type":"ReadAction","target":["https:\/\/pmed-services.online\/es\/tienda-online\/metodos-de-pago\/"]}]},{"@type":"BreadcrumbList","@id":"https:\/\/pmed-services.online\/es\/tienda-online\/metodos-de-pago\/#breadcrumb","itemListElement":[{"@type":"ListItem","position":1,"name":"Startseite","item":"https:\/\/pmed-services.online\/es\/"},{"@type":"ListItem","position":2,"name":"Tienda","item":"https:\/\/pmed-services.online\/es\/tienda-online-productos-de-proteccion-y-rehabilitacion\/"},{"@type":"ListItem","position":3,"name":"M\u00e9todos de pago"}]},{"@type":"WebSite","@id":"https:\/\/pmed-services.online\/es\/#website","url":"https:\/\/pmed-services.online\/es\/","name":"PMed Services Online","description":"Ihr Webshop f\u00fcr medizinische Produkte","publisher":{"@id":"https:\/\/pmed-services.online\/es\/#organization"},"potentialAction":[{"@type":"SearchAction","target":{"@type":"EntryPoint","urlTemplate":"https:\/\/pmed-services.online\/es\/?s={search_term_string}"},"query-input":{"@type":"PropertyValueSpecification","valueRequired":true,"valueName":"search_term_string"}}],"inLanguage":"es"},{"@type":"Organization","@id":"https:\/\/pmed-services.online\/es\/#organization","name":"PMed Services GmbH","url":"https:\/\/pmed-services.online\/es\/","logo":{"@type":"ImageObject","inLanguage":"es","@id":"https:\/\/pmed-services.online\/es\/#\/schema\/logo\/image\/","url":"https:\/\/pmed-services.online\/wp-content\/uploads\/2021\/02\/pmed_serv_logo.png","contentUrl":"https:\/\/pmed-services.online\/wp-content\/uploads\/2021\/02\/pmed_serv_logo.png","width":291,"height":51,"caption":"PMed Services GmbH"},"image":{"@id":"https:\/\/pmed-services.online\/es\/#\/schema\/logo\/image\/"}}]}},"_links":{"self":[{"href":"https:\/\/pmed-services.online\/es\/wp-json\/wp\/v2\/pages\/468","targetHints":{"allow":["GET"]}}],"collection":[{"href":"https:\/\/pmed-services.online\/es\/wp-json\/wp\/v2\/pages"}],"about":[{"href":"https:\/\/pmed-services.online\/es\/wp-json\/wp\/v2\/types\/page"}],"author":[{"embeddable":true,"href":"https:\/\/pmed-services.online\/es\/wp-json\/wp\/v2\/users\/1"}],"replies":[{"embeddable":true,"href":"https:\/\/pmed-services.online\/es\/wp-json\/wp\/v2\/comments?post=468"}],"version-history":[{"count":1,"href":"https:\/\/pmed-services.online\/es\/wp-json\/wp\/v2\/pages\/468\/revisions"}],"predecessor-version":[{"id":474,"href":"https:\/\/pmed-services.online\/es\/wp-json\/wp\/v2\/pages\/468\/revisions\/474"}],"up":[{"embeddable":true,"href":"https:\/\/pmed-services.online\/es\/wp-json\/wp\/v2\/pages\/428"}],"wp:attachment":[{"href":"https:\/\/pmed-services.online\/es\/wp-json\/wp\/v2\/media?parent=468"}],"curies":[{"name":"wp","href":"https:\/\/api.w.org\/{rel}","templated":true}]}}