{"id":1022,"date":"2022-07-26T19:20:30","date_gmt":"2022-07-26T17:20:30","guid":{"rendered":"https:\/\/pmed-services.online\/?post_type=product&#038;p=1022"},"modified":"2023-02-19T19:19:10","modified_gmt":"2023-02-19T18:19:10","slug":"roami-andador-ajustable-4x-funciones","status":"publish","type":"product","link":"https:\/\/pmed-services.online\/es\/producto\/roami-andador-ajustable-4x-funciones\/","title":{"rendered":"ROAMI. Andador ajustable 4x funciones"},"content":{"rendered":"<div id=\"pl-1022\"  class=\"panel-layout\" ><div id=\"pg-1022-0\"  class=\"panel-grid panel-no-style\" ><div id=\"pgc-1022-0-0\"  class=\"panel-grid-cell\" ><div id=\"panel-1022-0-0-0\" class=\"so-panel widget widget_sow-editor panel-first-child panel-last-child\" data-index=\"0\" ><div\n\t\t\t\n\t\t\tclass=\"so-widget-sow-editor so-widget-sow-editor-base\"\n\t\t\t\n\t\t>\n<div class=\"siteorigin-widget-tinymce textwidget\">\n\t<p>ROAMI es el primer andador del mundo ajustable din\u00e1micamente que facilita el ajuste de diferentes configuracions para todo tipo de situaciones durante la marcha, subir una pendiente, descender, subir y bajar escaleras lo que permite <strong>una marcha sin barreras<\/strong>. <\/p>\n<p>El andador Roami integra todas las funciones que desear\u00edas en un andador, para tener una movilidad ilimitada y segura en todo tipo de ambientes y situaciones.<\/p>\n<p>Que tipo de personas pueden usar <strong>ROAMI<\/strong>?<br \/>\nEs recomendado para personas entre hasta 136Kg de peso y una altura entre 1,4 - 1,95 Mts.<\/p>\n<p>Roami es una innovaci\u00f3n de movilidad sorprendente y nueva en el mundo, que funciona en pendientes, descensos y escaleras, lo que permite a las personas moverse dentro de sus hogares, lugares de trabajo y comunidades, facilitando y dando a las personas, total libertad de desplazamiento sin barreras.<\/p>\n<p>El sistema puede ajustarse a cualquier pendiente y situaci\u00f3n, permitiendo en todo momento un ajuste \u00f3ptimo manteniendo una postura correcta y por lo tanto asegurando un balance y coordinaci\u00f3n adecuados para permitir una marcha asistida segura.<\/p>\n<p>El sistema es plegable y libiano con un peso inferior a 5,5Kg, lo que permote guardarlo y llevarlo a cualquier lugar.<\/p>\n<p>Gracias a un sistema de seguridad de doble bot\u00f3n, el sistema evita posicionamientos indeseados o inseguros.<\/p>\n<\/div>\n<\/div><\/div><\/div><\/div><div id=\"pg-1022-1\"  class=\"panel-grid panel-has-style\" ><div class=\"siteorigin-panels-stretch panel-row-style panel-row-style-for-1022-1\" data-stretch-type=\"full\" ><div id=\"pgc-1022-1-0\"  class=\"panel-grid-cell\" ><div id=\"panel-1022-1-0-0\" class=\"so-panel widget widget_sow-editor panel-first-child panel-last-child\" data-index=\"1\" ><div\n\t\t\t\n\t\t\tclass=\"so-widget-sow-editor so-widget-sow-editor-base\"\n\t\t\t\n\t\t><h3 class=\"widget-title\">Como usar ROAMI?<\/h3>\n<div class=\"siteorigin-widget-tinymce textwidget\">\n\t<p><iframe loading=\"lazy\" title=\"ShortIntrotoRoami\" width=\"500\" height=\"281\" src=\"https:\/\/www.youtube.com\/embed\/U6TeMAp8tR8?feature=oembed\" frameborder=\"0\" allow=\"accelerometer; autoplay; clipboard-write; encrypted-media; gyroscope; picture-in-picture; web-share\" referrerpolicy=\"strict-origin-when-cross-origin\" allowfullscreen><\/iframe><\/p>\n<p>Que funciones puedo usar con <strong>ROAMI<\/strong>?<br \/>\n\u2022 Andador<br \/>\n\u2022 Andador c\/ruedas<br \/>\n\u2022 Alineador de la marcha y la postura<br \/>\n\u2022 Totalmente ajustable para asitir la marcha en escaleras (subir y bajar)<\/p>\n<\/div>\n<\/div><\/div><\/div><div id=\"pgc-1022-1-1\"  class=\"panel-grid-cell\" ><div id=\"panel-1022-1-1-0\" class=\"so-panel widget widget_sow-editor panel-first-child panel-last-child\" data-index=\"2\" ><div\n\t\t\t\n\t\t\tclass=\"so-widget-sow-editor so-widget-sow-editor-base\"\n\t\t\t\n\t\t><h3 class=\"widget-title\">Introducci\u00f3n a ROAMI<\/h3>\n<div class=\"siteorigin-widget-tinymce textwidget\">\n\t<p><iframe loading=\"lazy\" title=\"RoamiPMAInstructionVideo\" width=\"500\" height=\"281\" src=\"https:\/\/www.youtube.com\/embed\/VDnL81EZKXY?feature=oembed\" frameborder=\"0\" allow=\"accelerometer; autoplay; clipboard-write; encrypted-media; gyroscope; picture-in-picture; web-share\" referrerpolicy=\"strict-origin-when-cross-origin\" allowfullscreen><\/iframe><\/p>\n<\/div>\n<\/div><\/div><\/div><\/div><\/div><div id=\"pg-1022-2\"  class=\"panel-grid panel-has-style\" ><div class=\"siteorigin-panels-stretch panel-row-style panel-row-style-for-1022-2\" data-stretch-type=\"full\" ><div id=\"pgc-1022-2-0\"  class=\"panel-grid-cell\" ><div id=\"panel-1022-2-0-0\" class=\"so-panel widget widget_sow-editor panel-first-child panel-last-child\" data-index=\"3\" ><div\n\t\t\t\n\t\t\tclass=\"so-widget-sow-editor so-widget-sow-editor-base\"\n\t\t\t\n\t\t>\n<div class=\"siteorigin-widget-tinymce textwidget\">\n\t<p>Muy sencillo de ajustar en <strong>3 pasos<\/strong><br \/>\n<img loading=\"lazy\" decoding=\"async\" class=\"alignnone size-medium wp-image-1025\" src=\"https:\/\/pmed-services.online\/wp-content\/uploads\/2022\/07\/roami_easyas_1-1656598441896-300x300.webp\" alt=\"\" width=\"300\" height=\"300\" srcset=\"https:\/\/pmed-services.online\/wp-content\/uploads\/2022\/07\/roami_easyas_1-1656598441896-300x300.webp 300w, https:\/\/pmed-services.online\/wp-content\/uploads\/2022\/07\/roami_easyas_1-1656598441896-1024x1024.webp 1024w, https:\/\/pmed-services.online\/wp-content\/uploads\/2022\/07\/roami_easyas_1-1656598441896-150x150.webp 150w, https:\/\/pmed-services.online\/wp-content\/uploads\/2022\/07\/roami_easyas_1-1656598441896-768x768.webp 768w, https:\/\/pmed-services.online\/wp-content\/uploads\/2022\/07\/roami_easyas_1-1656598441896-75x75.webp 75w, https:\/\/pmed-services.online\/wp-content\/uploads\/2022\/07\/roami_easyas_1-1656598441896-400x400.webp 400w, https:\/\/pmed-services.online\/wp-content\/uploads\/2022\/07\/roami_easyas_1-1656598441896-450x450.webp 450w, https:\/\/pmed-services.online\/wp-content\/uploads\/2022\/07\/roami_easyas_1-1656598441896-200x200.webp 200w, https:\/\/pmed-services.online\/wp-content\/uploads\/2022\/07\/roami_easyas_1-1656598441896.webp 1080w\" sizes=\"auto, (max-width: 300px) 100vw, 300px\" \/> <img loading=\"lazy\" decoding=\"async\" class=\"alignnone size-medium wp-image-1027\" src=\"https:\/\/pmed-services.online\/wp-content\/uploads\/2022\/07\/roami_easyas_2-1656598473497-300x300.webp\" alt=\"\" width=\"300\" height=\"300\" srcset=\"https:\/\/pmed-services.online\/wp-content\/uploads\/2022\/07\/roami_easyas_2-1656598473497-300x300.webp 300w, https:\/\/pmed-services.online\/wp-content\/uploads\/2022\/07\/roami_easyas_2-1656598473497-1024x1024.webp 1024w, https:\/\/pmed-services.online\/wp-content\/uploads\/2022\/07\/roami_easyas_2-1656598473497-150x150.webp 150w, https:\/\/pmed-services.online\/wp-content\/uploads\/2022\/07\/roami_easyas_2-1656598473497-768x768.webp 768w, https:\/\/pmed-services.online\/wp-content\/uploads\/2022\/07\/roami_easyas_2-1656598473497-75x75.webp 75w, https:\/\/pmed-services.online\/wp-content\/uploads\/2022\/07\/roami_easyas_2-1656598473497-400x400.webp 400w, https:\/\/pmed-services.online\/wp-content\/uploads\/2022\/07\/roami_easyas_2-1656598473497-450x450.webp 450w, https:\/\/pmed-services.online\/wp-content\/uploads\/2022\/07\/roami_easyas_2-1656598473497-200x200.webp 200w, https:\/\/pmed-services.online\/wp-content\/uploads\/2022\/07\/roami_easyas_2-1656598473497.webp 1080w\" sizes=\"auto, (max-width: 300px) 100vw, 300px\" \/> \u00a0 \u00a0\u00a0 <img loading=\"lazy\" decoding=\"async\" class=\"alignnone size-medium wp-image-1029\" src=\"https:\/\/pmed-services.online\/wp-content\/uploads\/2022\/07\/roami_easyas_3-1656598488790-300x300.webp\" alt=\"\" width=\"300\" height=\"300\" srcset=\"https:\/\/pmed-services.online\/wp-content\/uploads\/2022\/07\/roami_easyas_3-1656598488790-300x300.webp 300w, https:\/\/pmed-services.online\/wp-content\/uploads\/2022\/07\/roami_easyas_3-1656598488790-1024x1024.webp 1024w, https:\/\/pmed-services.online\/wp-content\/uploads\/2022\/07\/roami_easyas_3-1656598488790-150x150.webp 150w, https:\/\/pmed-services.online\/wp-content\/uploads\/2022\/07\/roami_easyas_3-1656598488790-768x768.webp 768w, https:\/\/pmed-services.online\/wp-content\/uploads\/2022\/07\/roami_easyas_3-1656598488790-75x75.webp 75w, https:\/\/pmed-services.online\/wp-content\/uploads\/2022\/07\/roami_easyas_3-1656598488790-400x400.webp 400w, https:\/\/pmed-services.online\/wp-content\/uploads\/2022\/07\/roami_easyas_3-1656598488790-450x450.webp 450w, https:\/\/pmed-services.online\/wp-content\/uploads\/2022\/07\/roami_easyas_3-1656598488790-200x200.webp 200w, https:\/\/pmed-services.online\/wp-content\/uploads\/2022\/07\/roami_easyas_3-1656598488790.webp 1080w\" sizes=\"auto, (max-width: 300px) 100vw, 300px\" \/><\/p>\n<\/div>\n<\/div><\/div><\/div><div id=\"pgc-1022-2-1\"  class=\"panel-grid-cell\" ><div class=\"panel-cell-style panel-cell-style-for-1022-2-1\" ><div id=\"panel-1022-2-1-0\" class=\"so-panel widget widget_sow-editor panel-first-child panel-last-child\" data-index=\"4\" ><div\n\t\t\t\n\t\t\tclass=\"so-widget-sow-editor so-widget-sow-editor-base\"\n\t\t\t\n\t\t><h3 class=\"widget-title\"><strong>Vista 360\u00b0<\/strong><\/h3>\n<div class=\"siteorigin-widget-tinymce textwidget\">\n\t<div style=\"width: 576px;\" class=\"wp-video\"><video class=\"wp-video-shortcode\" id=\"video-1022-1\" width=\"576\" height=\"576\" preload=\"metadata\" controls=\"controls\"><source type=\"video\/mp4\" src=\"https:\/\/pmed-services.online\/wp-content\/uploads\/2022\/07\/roami_360_square.mp4?_=1\" \/><a href=\"https:\/\/pmed-services.online\/wp-content\/uploads\/2022\/07\/roami_360_square.mp4\">https:\/\/pmed-services.online\/wp-content\/uploads\/2022\/07\/roami_360_square.mp4<\/a><\/video><\/div>\n<\/div>\n<\/div><\/div><\/div><\/div><\/div><\/div><\/div>","protected":false},"excerpt":{"rendered":"<p>Primer andador del mundo configurable din\u00e1micamente para subir y bajar escaleras, premiado por\u00a0<a href=\"https:\/\/mobilitymgmt.com\/productawards\"><strong> Mobility Product Award 2022 Winners<\/strong><img loading=\"lazy\" decoding=\"async\" class=\"alignnone size-medium wp-image-1031\" src=\"https:\/\/pmed-services.online\/wp-content\/uploads\/2022\/07\/mpoy_award_logo_2022-1657803509469-300x128.webp\" alt=\"\" width=\"300\" height=\"128\" srcset=\"https:\/\/pmed-services.online\/wp-content\/uploads\/2022\/07\/mpoy_award_logo_2022-1657803509469-300x128.webp 300w, https:\/\/pmed-services.online\/wp-content\/uploads\/2022\/07\/mpoy_award_logo_2022-1657803509469-450x191.webp 450w, https:\/\/pmed-services.online\/wp-content\/uploads\/2022\/07\/mpoy_award_logo_2022-1657803509469-200x85.webp 200w, https:\/\/pmed-services.online\/wp-content\/uploads\/2022\/07\/mpoy_award_logo_2022-1657803509469.webp 729w\" sizes=\"auto, (max-width: 300px) 100vw, 300px\" \/><\/a><br \/>\n4x 1 modos de trabajo ajustables dinamicamente<br \/>\n\u2022 Andador<br \/>\n\u2022 Andador c\/ruedas (Necesario agregar la opci\u00f3n &lt;strong&gt;ruedas&lt;\/strong&gt;)<br \/>\n\u2022 Alineador de la marcha y la postura<br \/>\n\u2022 Subir y bajar escaleras<br \/>\nLiviano, portable y totalmente ajustable para una amplia gama de pacientes<\/p>\n<p>Para m\u00e1s informaci\u00f3n, utilice nuestro <a href=\"https:\/\/pmed-services.online\/es\/contacto\/\">formulario de contacto<\/a> <\/p>\n","protected":false},"featured_media":1033,"comment_status":"open","ping_status":"closed","template":"","meta":{"_genesis_hide_title":false,"_genesis_hide_breadcrumbs":false,"_genesis_hide_singular_image":false,"_genesis_hide_footer_widgets":false,"_genesis_custom_body_class":"","_genesis_custom_post_class":"","_genesis_layout":""},"product_brand":[],"product_cat":[240,96],"product_tag":[],"class_list":{"0":"post-1022","1":"product","2":"type-product","3":"status-publish","4":"has-post-thumbnail","6":"product_cat-analisis-biomecanico","7":"product_cat-equipos-fisioterapia-y-rehabilitacion-es","8":"product_shipping_class-standard-es","9":"entry","11":"first","12":"instock","13":"taxable","14":"shipping-taxable","15":"purchasable","16":"product-type-variable","17":"has-default-attributes"},"yoast_head":"<!-- This site is optimized with the Yoast SEO plugin v27.0 - https:\/\/yoast.com\/product\/yoast-seo-wordpress\/ -->\n<title>ROAMI. Andador ajustable 4x funciones - PMed Services Online<\/title>\n<meta name=\"robots\" content=\"index, follow, max-snippet:-1, max-image-preview:large, max-video-preview:-1\" \/>\n<link rel=\"canonical\" href=\"https:\/\/pmed-services.online\/es\/producto\/roami-andador-ajustable-4x-funciones\/\" \/>\n<meta property=\"og:locale\" content=\"es_ES\" \/>\n<meta property=\"og:type\" content=\"article\" \/>\n<meta property=\"og:title\" content=\"ROAMI. Andador ajustable 4x funciones - PMed Services Online\" \/>\n<meta property=\"og:description\" content=\"Primer andador del mundo configurable din\u00e1micamente para subir y bajar escaleras, premiado por\u00a0 Mobility Product Award 2022 Winners 4x 1 modos de trabajo ajustables dinamicamente \u2022 Andador \u2022 Andador c\/ruedas (Necesario agregar la opci\u00f3n &lt;strong&gt;ruedas&lt;\/strong&gt;) \u2022 Alineador de la marcha y la postura \u2022 Subir y bajar escaleras Liviano, portable y totalmente ajustable para una amplia gama de pacientes  Para m\u00e1s informaci\u00f3n, utilice nuestro formulario de contacto\" \/>\n<meta property=\"og:url\" content=\"https:\/\/pmed-services.online\/es\/producto\/roami-andador-ajustable-4x-funciones\/\" \/>\n<meta property=\"og:site_name\" content=\"PMed Services Online\" \/>\n<meta property=\"article:modified_time\" content=\"2023-02-19T18:19:10+00:00\" \/>\n<meta property=\"og:image\" content=\"https:\/\/pmed-services.online\/wp-content\/uploads\/2022\/07\/Roami_red.webp\" \/>\n\t<meta property=\"og:image:width\" content=\"667\" \/>\n\t<meta property=\"og:image:height\" content=\"667\" \/>\n\t<meta property=\"og:image:type\" content=\"image\/webp\" \/>\n<meta name=\"twitter:card\" content=\"summary_large_image\" \/>\n<meta name=\"twitter:label1\" content=\"Tiempo de lectura\" \/>\n\t<meta name=\"twitter:data1\" content=\"1 minuto\" \/>\n<script type=\"application\/ld+json\" class=\"yoast-schema-graph\">{\"@context\":\"https:\/\/schema.org\",\"@graph\":[{\"@type\":\"WebPage\",\"@id\":\"https:\/\/pmed-services.online\/es\/producto\/roami-andador-ajustable-4x-funciones\/\",\"url\":\"https:\/\/pmed-services.online\/es\/producto\/roami-andador-ajustable-4x-funciones\/\",\"name\":\"ROAMI. Andador ajustable 4x funciones - PMed Services Online\",\"isPartOf\":{\"@id\":\"https:\/\/pmed-services.online\/es\/#website\"},\"primaryImageOfPage\":{\"@id\":\"https:\/\/pmed-services.online\/es\/producto\/roami-andador-ajustable-4x-funciones\/#primaryimage\"},\"image\":{\"@id\":\"https:\/\/pmed-services.online\/es\/producto\/roami-andador-ajustable-4x-funciones\/#primaryimage\"},\"thumbnailUrl\":\"https:\/\/pmed-services.online\/wp-content\/uploads\/2022\/07\/Roami_red.webp\",\"datePublished\":\"2022-07-26T17:20:30+00:00\",\"dateModified\":\"2023-02-19T18:19:10+00:00\",\"breadcrumb\":{\"@id\":\"https:\/\/pmed-services.online\/es\/producto\/roami-andador-ajustable-4x-funciones\/#breadcrumb\"},\"inLanguage\":\"es\",\"potentialAction\":[{\"@type\":\"ReadAction\",\"target\":[\"https:\/\/pmed-services.online\/es\/producto\/roami-andador-ajustable-4x-funciones\/\"]}]},{\"@type\":\"ImageObject\",\"inLanguage\":\"es\",\"@id\":\"https:\/\/pmed-services.online\/es\/producto\/roami-andador-ajustable-4x-funciones\/#primaryimage\",\"url\":\"https:\/\/pmed-services.online\/wp-content\/uploads\/2022\/07\/Roami_red.webp\",\"contentUrl\":\"https:\/\/pmed-services.online\/wp-content\/uploads\/2022\/07\/Roami_red.webp\",\"width\":667,\"height\":667},{\"@type\":\"BreadcrumbList\",\"@id\":\"https:\/\/pmed-services.online\/es\/producto\/roami-andador-ajustable-4x-funciones\/#breadcrumb\",\"itemListElement\":[{\"@type\":\"ListItem\",\"position\":1,\"name\":\"Startseite\",\"item\":\"https:\/\/pmed-services.online\/es\/\"},{\"@type\":\"ListItem\",\"position\":2,\"name\":\"Tienda\",\"item\":\"https:\/\/pmed-services.online\/es\/tienda-online-productos-de-proteccion-y-rehabilitacion\/\"},{\"@type\":\"ListItem\",\"position\":3,\"name\":\"ROAMI. Andador ajustable 4x funciones\"}]},{\"@type\":\"WebSite\",\"@id\":\"https:\/\/pmed-services.online\/es\/#website\",\"url\":\"https:\/\/pmed-services.online\/es\/\",\"name\":\"PMed Services Online\",\"description\":\"Ihr Webshop f\u00fcr medizinische Produkte\",\"publisher\":{\"@id\":\"https:\/\/pmed-services.online\/es\/#organization\"},\"potentialAction\":[{\"@type\":\"SearchAction\",\"target\":{\"@type\":\"EntryPoint\",\"urlTemplate\":\"https:\/\/pmed-services.online\/es\/?s={search_term_string}\"},\"query-input\":{\"@type\":\"PropertyValueSpecification\",\"valueRequired\":true,\"valueName\":\"search_term_string\"}}],\"inLanguage\":\"es\"},{\"@type\":\"Organization\",\"@id\":\"https:\/\/pmed-services.online\/es\/#organization\",\"name\":\"PMed Services GmbH\",\"url\":\"https:\/\/pmed-services.online\/es\/\",\"logo\":{\"@type\":\"ImageObject\",\"inLanguage\":\"es\",\"@id\":\"https:\/\/pmed-services.online\/es\/#\/schema\/logo\/image\/\",\"url\":\"https:\/\/pmed-services.online\/wp-content\/uploads\/2021\/02\/pmed_serv_logo.png\",\"contentUrl\":\"https:\/\/pmed-services.online\/wp-content\/uploads\/2021\/02\/pmed_serv_logo.png\",\"width\":291,\"height\":51,\"caption\":\"PMed Services GmbH\"},\"image\":{\"@id\":\"https:\/\/pmed-services.online\/es\/#\/schema\/logo\/image\/\"}}]}<\/script>\n<!-- \/ Yoast SEO plugin. -->","yoast_head_json":{"title":"ROAMI. Andador ajustable 4x funciones - PMed Services Online","robots":{"index":"index","follow":"follow","max-snippet":"max-snippet:-1","max-image-preview":"max-image-preview:large","max-video-preview":"max-video-preview:-1"},"canonical":"https:\/\/pmed-services.online\/es\/producto\/roami-andador-ajustable-4x-funciones\/","og_locale":"es_ES","og_type":"article","og_title":"ROAMI. Andador ajustable 4x funciones - PMed Services Online","og_description":"Primer andador del mundo configurable din\u00e1micamente para subir y bajar escaleras, premiado por\u00a0 Mobility Product Award 2022 Winners 4x 1 modos de trabajo ajustables dinamicamente \u2022 Andador \u2022 Andador c\/ruedas (Necesario agregar la opci\u00f3n &lt;strong&gt;ruedas&lt;\/strong&gt;) \u2022 Alineador de la marcha y la postura \u2022 Subir y bajar escaleras Liviano, portable y totalmente ajustable para una amplia gama de pacientes  Para m\u00e1s informaci\u00f3n, utilice nuestro formulario de contacto","og_url":"https:\/\/pmed-services.online\/es\/producto\/roami-andador-ajustable-4x-funciones\/","og_site_name":"PMed Services Online","article_modified_time":"2023-02-19T18:19:10+00:00","og_image":[{"width":667,"height":667,"url":"https:\/\/pmed-services.online\/wp-content\/uploads\/2022\/07\/Roami_red.webp","type":"image\/webp"}],"twitter_card":"summary_large_image","twitter_misc":{"Tiempo de lectura":"1 minuto"},"schema":{"@context":"https:\/\/schema.org","@graph":[{"@type":"WebPage","@id":"https:\/\/pmed-services.online\/es\/producto\/roami-andador-ajustable-4x-funciones\/","url":"https:\/\/pmed-services.online\/es\/producto\/roami-andador-ajustable-4x-funciones\/","name":"ROAMI. Andador ajustable 4x funciones - PMed Services Online","isPartOf":{"@id":"https:\/\/pmed-services.online\/es\/#website"},"primaryImageOfPage":{"@id":"https:\/\/pmed-services.online\/es\/producto\/roami-andador-ajustable-4x-funciones\/#primaryimage"},"image":{"@id":"https:\/\/pmed-services.online\/es\/producto\/roami-andador-ajustable-4x-funciones\/#primaryimage"},"thumbnailUrl":"https:\/\/pmed-services.online\/wp-content\/uploads\/2022\/07\/Roami_red.webp","datePublished":"2022-07-26T17:20:30+00:00","dateModified":"2023-02-19T18:19:10+00:00","breadcrumb":{"@id":"https:\/\/pmed-services.online\/es\/producto\/roami-andador-ajustable-4x-funciones\/#breadcrumb"},"inLanguage":"es","potentialAction":[{"@type":"ReadAction","target":["https:\/\/pmed-services.online\/es\/producto\/roami-andador-ajustable-4x-funciones\/"]}]},{"@type":"ImageObject","inLanguage":"es","@id":"https:\/\/pmed-services.online\/es\/producto\/roami-andador-ajustable-4x-funciones\/#primaryimage","url":"https:\/\/pmed-services.online\/wp-content\/uploads\/2022\/07\/Roami_red.webp","contentUrl":"https:\/\/pmed-services.online\/wp-content\/uploads\/2022\/07\/Roami_red.webp","width":667,"height":667},{"@type":"BreadcrumbList","@id":"https:\/\/pmed-services.online\/es\/producto\/roami-andador-ajustable-4x-funciones\/#breadcrumb","itemListElement":[{"@type":"ListItem","position":1,"name":"Startseite","item":"https:\/\/pmed-services.online\/es\/"},{"@type":"ListItem","position":2,"name":"Tienda","item":"https:\/\/pmed-services.online\/es\/tienda-online-productos-de-proteccion-y-rehabilitacion\/"},{"@type":"ListItem","position":3,"name":"ROAMI. Andador ajustable 4x funciones"}]},{"@type":"WebSite","@id":"https:\/\/pmed-services.online\/es\/#website","url":"https:\/\/pmed-services.online\/es\/","name":"PMed Services Online","description":"Ihr Webshop f\u00fcr medizinische Produkte","publisher":{"@id":"https:\/\/pmed-services.online\/es\/#organization"},"potentialAction":[{"@type":"SearchAction","target":{"@type":"EntryPoint","urlTemplate":"https:\/\/pmed-services.online\/es\/?s={search_term_string}"},"query-input":{"@type":"PropertyValueSpecification","valueRequired":true,"valueName":"search_term_string"}}],"inLanguage":"es"},{"@type":"Organization","@id":"https:\/\/pmed-services.online\/es\/#organization","name":"PMed Services GmbH","url":"https:\/\/pmed-services.online\/es\/","logo":{"@type":"ImageObject","inLanguage":"es","@id":"https:\/\/pmed-services.online\/es\/#\/schema\/logo\/image\/","url":"https:\/\/pmed-services.online\/wp-content\/uploads\/2021\/02\/pmed_serv_logo.png","contentUrl":"https:\/\/pmed-services.online\/wp-content\/uploads\/2021\/02\/pmed_serv_logo.png","width":291,"height":51,"caption":"PMed Services GmbH"},"image":{"@id":"https:\/\/pmed-services.online\/es\/#\/schema\/logo\/image\/"}}]}},"_links":{"self":[{"href":"https:\/\/pmed-services.online\/es\/wp-json\/wp\/v2\/product\/1022","targetHints":{"allow":["GET"]}}],"collection":[{"href":"https:\/\/pmed-services.online\/es\/wp-json\/wp\/v2\/product"}],"about":[{"href":"https:\/\/pmed-services.online\/es\/wp-json\/wp\/v2\/types\/product"}],"replies":[{"embeddable":true,"href":"https:\/\/pmed-services.online\/es\/wp-json\/wp\/v2\/comments?post=1022"}],"wp:featuredmedia":[{"embeddable":true,"href":"https:\/\/pmed-services.online\/es\/wp-json\/wp\/v2\/media\/1033"}],"wp:attachment":[{"href":"https:\/\/pmed-services.online\/es\/wp-json\/wp\/v2\/media?parent=1022"}],"wp:term":[{"taxonomy":"product_brand","embeddable":true,"href":"https:\/\/pmed-services.online\/es\/wp-json\/wp\/v2\/product_brand?post=1022"},{"taxonomy":"product_cat","embeddable":true,"href":"https:\/\/pmed-services.online\/es\/wp-json\/wp\/v2\/product_cat?post=1022"},{"taxonomy":"product_tag","embeddable":true,"href":"https:\/\/pmed-services.online\/es\/wp-json\/wp\/v2\/product_tag?post=1022"}],"curies":[{"name":"wp","href":"https:\/\/api.w.org\/{rel}","templated":true}]}}