{"id":1124,"date":"2022-11-26T17:05:22","date_gmt":"2023-02-19T16:25:47","guid":{"rendered":"https:\/\/pmed-services.online\/produkt\/filtro-de-agua-orion-set-cpl\/"},"modified":"2023-02-19T17:25:47","modified_gmt":"2023-02-19T16:25:47","slug":"filtro-de-agua-orion-set-cpl","status":"publish","type":"product","link":"https:\/\/pmed-services.online\/es\/producto\/filtro-de-agua-orion-set-cpl\/","title":{"rendered":"Filtro de agua ORION Set cpl."},"content":{"rendered":"<p>En las plantas de procesamiento de agua, el agua es inicialmente absolutamente limpia y saludable, pero luego a menudo se le agrega cloro y qu\u00edmicos para su procesamiento. Pero tambi\u00e9n debido a la red de distribuci\u00f3n y tuber\u00edas obsoletas, se produce la llamada contaminaci\u00f3n secundaria, por lo que el agua de su hogar ya no es la mejor agua potable y deber\u00eda filtrarse antes de su uso. La mejor soluci\u00f3n es un filtro que sea f\u00e1cil de montar en el grifo. Le presentamos el mejor producto para esto:<br \/>\n<strong>Filtro de agua ORION Aqua <\/strong><br \/>\nOrion Aqua es un sistema de filtraci\u00f3n para agua potable con la f\u00f3rmula de limpieza conocida como \u00ab5+2\u00bb<br \/>\n&#8211; Limpia el agua de cloro, metales pesados, pesticidas y part\u00edculas de pl\u00e1stico<br \/>\n&#8211; Elimina microbios, microorganismos y filtra la contaminaci\u00f3n por polvo fino<br \/>\n&#8211; Elimina la suciedad org\u00e1nica<br \/>\n&#8211; Reaciva la pureza natural del agua,<br \/>\n&#8211; Elimina olores, sabores y colores desagradables<\/p>\n<p>El filtro Orion Aqua funciona con 5 diferentes <strong>mecanismos de filtrado<\/strong>:<\/p>\n<p>1. Plata &#8211; \u00a1Destruye los microbios y microorganismos (que quedan) en el agua! La plata es un metal completamente no t\u00f3xico para el cuerpo humano.<br \/>\n2. Tejido Microbiol\u00f3gico &#8211; Elimina microorganismos y turbidez del agua<br \/>\n3. Carb\u00f3n de coco activado: elimina el cloro, los metales pesados \u200b\u200by los desechos org\u00e1nicos del agua.<br \/>\n4. Imanes de neodimio &#8211; para activar el agua<br \/>\n5. Zeolitas: atrae, une y neutraliza materiales y compuestos t\u00f3xicos. <\/p>\n<p>..y se ofrecen 2 mecanismos adicionales<br \/>\n6. \u00abTecnolog\u00eda Calcio-Magnesio\u00bb &#8211; Garantiza una proporci\u00f3n \u00f3ptima de calcio y magnesio en el agua<br \/>\n7. Oro: revestimiento de oro real para vitalizar el agua potable.<\/p>\n<p><strong>Caracter\u00edsticas t\u00e9cnicas:<\/strong><br \/>\nMaterial de la carcasa del filtro: ABS<br \/>\nAdaptador: ABS<br \/>\nConexi\u00f3n: SEBS (bergaflex)<br \/>\nJuntas de goma SEBS (bergaflex) 40 Shore<br \/>\nPresi\u00f3n m\u00e1xima de trabajo: 6 bar<br \/>\nCapacidad del filtro: m\u00e1ximo 2 meses (o 400-600 Lts para una familia de cuatro)<br \/>\nVelocidad de filtraci\u00f3n: 0,6-0,8 l\/min<br \/>\nTemperatura de funcionamiento: 4 &#8211; 40 \u00b0C<br \/>\nDimensiones (R x A): 45,0 mm x 65,0 mm<br \/>\nPeso: Filtro (incluido el filtro de recarga): 50gr. (72gr.) Bruto, incluyendo embalaje: 137gr.<\/p>\n<p><strong>Lugar de instalaci\u00f3n<\/strong>: El filtro Orion Aqua es peque\u00f1o, ligero y f\u00e1cil de montar.<br \/>\nSeg\u00fan el tipo de rosca del grifo cl\u00e1sico (hembra o macho), despu\u00e9s de quitar el filtro, es necesario enroscar el filtro con rosca hembra o el filtro con rosca macho en la rosca correspondiente. O simplemente se fija el filtro al grifo con una funda de silicona.<br \/>\n<img loading=\"lazy\" decoding=\"async\" src=\"https:\/\/pmed-services.online\/wp-content\/uploads\/2022\/11\/Aquafilter.png\" alt=\"\" width=\"209\" height=\"208\" class=\"alignnone size-full wp-image-1116\" srcset=\"https:\/\/pmed-services.online\/wp-content\/uploads\/2022\/11\/Aquafilter.png 209w, https:\/\/pmed-services.online\/wp-content\/uploads\/2022\/11\/Aquafilter-150x150.png 150w, https:\/\/pmed-services.online\/wp-content\/uploads\/2022\/11\/Aquafilter-75x75.png 75w, https:\/\/pmed-services.online\/wp-content\/uploads\/2022\/11\/Aquafilter-200x200.png 200w\" sizes=\"auto, (max-width: 209px) 100vw, 209px\" \/><\/p>\n<p>Accesorios est\u00e1ndar completos<br \/>\n1. Filtro completo (hay un cartucho dentro del filtro)<br \/>\n2. Adaptador para grifo hembra.<br \/>\n3. Adaptador para grifo rosca macho.<br \/>\n4. Accesorio SEBS bergaflex (para grifos de peque\u00f1o di\u00e1metro). <\/p>\n<p>La carcasa del filtro est\u00e1 dise\u00f1ada para un cartucho con las dimensiones (R x H): 34 mm x 31 mm.<br \/>\nLos cartuchos de filtro de repuesto deben pedirse por separado.<\/p>\n<p><strong> Caracter\u00edsticas t\u00e9cnicas del cartucho de filtro<\/strong><br \/>\nMaterial de fabricaci\u00f3n: 100% poliestireno<br \/>\nDi\u00e1metro (D): 34 mm<br \/>\nAltura (A): 31 mm<br \/>\nPeso: 19 gr<br \/>\nPresi\u00f3n de trabajo: 6 Bar<br \/>\nTemperatura m\u00e1xima de funcionamiento: 40\u00b0C<\/p>\n<p>Se recomienda cambiar el cartucho del filtro cada 400 a 600 Lts de agua (para una familia de cuatro personas, esto corresponde aproximadamente al consumo de 2 meses).<\/p>\n","protected":false},"excerpt":{"rendered":"<p>Filtro de agua de alta calidad<br \/>\nOrion Aqua es un sistema de filtraci\u00f3n para agua potable con la f\u00f3rmula de limpieza conocida como \u00ab5+2\u00bb<br \/>\n&#8211; Limpia el agua de cloro, metales pesados, pesticidas y part\u00edculas de pl\u00e1stico<br \/>\n&#8211; Elimina microbios, microorganismos y filtra la contaminaci\u00f3n por polvo fino<br \/>\n&#8211; Elimina la suciedad org\u00e1nica<br \/>\n&#8211; Reaciva la pureza natural del agua,<br \/>\n&#8211; Elimina olores, sabores y colores desagradables<\/p>\n","protected":false},"featured_media":1100,"comment_status":"open","ping_status":"closed","template":"","meta":{"_genesis_hide_title":false,"_genesis_hide_breadcrumbs":false,"_genesis_hide_singular_image":false,"_genesis_hide_footer_widgets":false,"_genesis_custom_body_class":"","_genesis_custom_post_class":"","_genesis_layout":""},"product_brand":[],"product_cat":[231,94],"product_tag":[234,233,235,232,236],"class_list":{"0":"post-1124","1":"product","2":"type-product","3":"status-publish","4":"has-post-thumbnail","6":"product_cat-filtro-de-agua","7":"product_cat-covid-19-es","8":"product_tag-antical-es","9":"product_tag-antical","10":"product_tag-filtro-antibacterial","11":"product_tag-filtro-de-agua","12":"product_tag-sistema-de-filtro","13":"product_shipping_class-standard-es","14":"entry","16":"first","17":"instock","18":"taxable","19":"shipping-taxable","20":"purchasable","21":"product-type-simple"},"yoast_head":"<!-- This site is optimized with the Yoast SEO plugin v27.0 - https:\/\/yoast.com\/product\/yoast-seo-wordpress\/ -->\n<title>Filtro de agua ORION Set cpl. - PMed Services Online<\/title>\n<meta name=\"robots\" content=\"index, follow, max-snippet:-1, max-image-preview:large, max-video-preview:-1\" \/>\n<link rel=\"canonical\" href=\"https:\/\/pmed-services.online\/es\/producto\/filtro-de-agua-orion-set-cpl\/\" \/>\n<meta property=\"og:locale\" content=\"es_ES\" \/>\n<meta property=\"og:type\" content=\"article\" \/>\n<meta property=\"og:title\" content=\"Filtro de agua ORION Set cpl. - PMed Services Online\" \/>\n<meta property=\"og:description\" content=\"Filtro de agua de alta calidad Orion Aqua es un sistema de filtraci\u00f3n para agua potable con la f\u00f3rmula de limpieza conocida como &quot;5+2&quot; - Limpia el agua de cloro, metales pesados, pesticidas y part\u00edculas de pl\u00e1stico - Elimina microbios, microorganismos y filtra la contaminaci\u00f3n por polvo fino - Elimina la suciedad org\u00e1nica - Reaciva la pureza natural del agua, - Elimina olores, sabores y colores desagradables\" \/>\n<meta property=\"og:url\" content=\"https:\/\/pmed-services.online\/es\/producto\/filtro-de-agua-orion-set-cpl\/\" \/>\n<meta property=\"og:site_name\" content=\"PMed Services Online\" \/>\n<meta property=\"og:image\" content=\"https:\/\/pmed-services.online\/wp-content\/uploads\/2022\/11\/the-box-composition-Copy.jpg\" \/>\n\t<meta property=\"og:image:width\" content=\"500\" \/>\n\t<meta property=\"og:image:height\" content=\"353\" \/>\n\t<meta property=\"og:image:type\" content=\"image\/jpeg\" \/>\n<meta name=\"twitter:card\" content=\"summary_large_image\" \/>\n<meta name=\"twitter:label1\" content=\"Tiempo de lectura\" \/>\n\t<meta name=\"twitter:data1\" content=\"3 minutos\" \/>\n<script type=\"application\/ld+json\" class=\"yoast-schema-graph\">{\"@context\":\"https:\/\/schema.org\",\"@graph\":[{\"@type\":\"WebPage\",\"@id\":\"https:\/\/pmed-services.online\/es\/producto\/filtro-de-agua-orion-set-cpl\/\",\"url\":\"https:\/\/pmed-services.online\/es\/producto\/filtro-de-agua-orion-set-cpl\/\",\"name\":\"Filtro de agua ORION Set cpl. - PMed Services Online\",\"isPartOf\":{\"@id\":\"https:\/\/pmed-services.online\/es\/#website\"},\"primaryImageOfPage\":{\"@id\":\"https:\/\/pmed-services.online\/es\/producto\/filtro-de-agua-orion-set-cpl\/#primaryimage\"},\"image\":{\"@id\":\"https:\/\/pmed-services.online\/es\/producto\/filtro-de-agua-orion-set-cpl\/#primaryimage\"},\"thumbnailUrl\":\"https:\/\/pmed-services.online\/wp-content\/uploads\/2022\/11\/the-box-composition-Copy.jpg\",\"datePublished\":\"2023-02-19T16:25:47+00:00\",\"breadcrumb\":{\"@id\":\"https:\/\/pmed-services.online\/es\/producto\/filtro-de-agua-orion-set-cpl\/#breadcrumb\"},\"inLanguage\":\"es\",\"potentialAction\":[{\"@type\":\"ReadAction\",\"target\":[\"https:\/\/pmed-services.online\/es\/producto\/filtro-de-agua-orion-set-cpl\/\"]}]},{\"@type\":\"ImageObject\",\"inLanguage\":\"es\",\"@id\":\"https:\/\/pmed-services.online\/es\/producto\/filtro-de-agua-orion-set-cpl\/#primaryimage\",\"url\":\"https:\/\/pmed-services.online\/wp-content\/uploads\/2022\/11\/the-box-composition-Copy.jpg\",\"contentUrl\":\"https:\/\/pmed-services.online\/wp-content\/uploads\/2022\/11\/the-box-composition-Copy.jpg\",\"width\":500,\"height\":353},{\"@type\":\"BreadcrumbList\",\"@id\":\"https:\/\/pmed-services.online\/es\/producto\/filtro-de-agua-orion-set-cpl\/#breadcrumb\",\"itemListElement\":[{\"@type\":\"ListItem\",\"position\":1,\"name\":\"Startseite\",\"item\":\"https:\/\/pmed-services.online\/es\/\"},{\"@type\":\"ListItem\",\"position\":2,\"name\":\"Tienda\",\"item\":\"https:\/\/pmed-services.online\/es\/tienda-online-productos-de-proteccion-y-rehabilitacion\/\"},{\"@type\":\"ListItem\",\"position\":3,\"name\":\"Filtro de agua ORION Set cpl.\"}]},{\"@type\":\"WebSite\",\"@id\":\"https:\/\/pmed-services.online\/es\/#website\",\"url\":\"https:\/\/pmed-services.online\/es\/\",\"name\":\"PMed Services Online\",\"description\":\"Ihr Webshop f\u00fcr medizinische Produkte\",\"publisher\":{\"@id\":\"https:\/\/pmed-services.online\/es\/#organization\"},\"potentialAction\":[{\"@type\":\"SearchAction\",\"target\":{\"@type\":\"EntryPoint\",\"urlTemplate\":\"https:\/\/pmed-services.online\/es\/?s={search_term_string}\"},\"query-input\":{\"@type\":\"PropertyValueSpecification\",\"valueRequired\":true,\"valueName\":\"search_term_string\"}}],\"inLanguage\":\"es\"},{\"@type\":\"Organization\",\"@id\":\"https:\/\/pmed-services.online\/es\/#organization\",\"name\":\"PMed Services GmbH\",\"url\":\"https:\/\/pmed-services.online\/es\/\",\"logo\":{\"@type\":\"ImageObject\",\"inLanguage\":\"es\",\"@id\":\"https:\/\/pmed-services.online\/es\/#\/schema\/logo\/image\/\",\"url\":\"https:\/\/pmed-services.online\/wp-content\/uploads\/2021\/02\/pmed_serv_logo.png\",\"contentUrl\":\"https:\/\/pmed-services.online\/wp-content\/uploads\/2021\/02\/pmed_serv_logo.png\",\"width\":291,\"height\":51,\"caption\":\"PMed Services GmbH\"},\"image\":{\"@id\":\"https:\/\/pmed-services.online\/es\/#\/schema\/logo\/image\/\"}}]}<\/script>\n<!-- \/ Yoast SEO plugin. -->","yoast_head_json":{"title":"Filtro de agua ORION Set cpl. - PMed Services Online","robots":{"index":"index","follow":"follow","max-snippet":"max-snippet:-1","max-image-preview":"max-image-preview:large","max-video-preview":"max-video-preview:-1"},"canonical":"https:\/\/pmed-services.online\/es\/producto\/filtro-de-agua-orion-set-cpl\/","og_locale":"es_ES","og_type":"article","og_title":"Filtro de agua ORION Set cpl. - PMed Services Online","og_description":"Filtro de agua de alta calidad Orion Aqua es un sistema de filtraci\u00f3n para agua potable con la f\u00f3rmula de limpieza conocida como \"5+2\" - Limpia el agua de cloro, metales pesados, pesticidas y part\u00edculas de pl\u00e1stico - Elimina microbios, microorganismos y filtra la contaminaci\u00f3n por polvo fino - Elimina la suciedad org\u00e1nica - Reaciva la pureza natural del agua, - Elimina olores, sabores y colores desagradables","og_url":"https:\/\/pmed-services.online\/es\/producto\/filtro-de-agua-orion-set-cpl\/","og_site_name":"PMed Services Online","og_image":[{"width":500,"height":353,"url":"https:\/\/pmed-services.online\/wp-content\/uploads\/2022\/11\/the-box-composition-Copy.jpg","type":"image\/jpeg"}],"twitter_card":"summary_large_image","twitter_misc":{"Tiempo de lectura":"3 minutos"},"schema":{"@context":"https:\/\/schema.org","@graph":[{"@type":"WebPage","@id":"https:\/\/pmed-services.online\/es\/producto\/filtro-de-agua-orion-set-cpl\/","url":"https:\/\/pmed-services.online\/es\/producto\/filtro-de-agua-orion-set-cpl\/","name":"Filtro de agua ORION Set cpl. - PMed Services Online","isPartOf":{"@id":"https:\/\/pmed-services.online\/es\/#website"},"primaryImageOfPage":{"@id":"https:\/\/pmed-services.online\/es\/producto\/filtro-de-agua-orion-set-cpl\/#primaryimage"},"image":{"@id":"https:\/\/pmed-services.online\/es\/producto\/filtro-de-agua-orion-set-cpl\/#primaryimage"},"thumbnailUrl":"https:\/\/pmed-services.online\/wp-content\/uploads\/2022\/11\/the-box-composition-Copy.jpg","datePublished":"2023-02-19T16:25:47+00:00","breadcrumb":{"@id":"https:\/\/pmed-services.online\/es\/producto\/filtro-de-agua-orion-set-cpl\/#breadcrumb"},"inLanguage":"es","potentialAction":[{"@type":"ReadAction","target":["https:\/\/pmed-services.online\/es\/producto\/filtro-de-agua-orion-set-cpl\/"]}]},{"@type":"ImageObject","inLanguage":"es","@id":"https:\/\/pmed-services.online\/es\/producto\/filtro-de-agua-orion-set-cpl\/#primaryimage","url":"https:\/\/pmed-services.online\/wp-content\/uploads\/2022\/11\/the-box-composition-Copy.jpg","contentUrl":"https:\/\/pmed-services.online\/wp-content\/uploads\/2022\/11\/the-box-composition-Copy.jpg","width":500,"height":353},{"@type":"BreadcrumbList","@id":"https:\/\/pmed-services.online\/es\/producto\/filtro-de-agua-orion-set-cpl\/#breadcrumb","itemListElement":[{"@type":"ListItem","position":1,"name":"Startseite","item":"https:\/\/pmed-services.online\/es\/"},{"@type":"ListItem","position":2,"name":"Tienda","item":"https:\/\/pmed-services.online\/es\/tienda-online-productos-de-proteccion-y-rehabilitacion\/"},{"@type":"ListItem","position":3,"name":"Filtro de agua ORION Set cpl."}]},{"@type":"WebSite","@id":"https:\/\/pmed-services.online\/es\/#website","url":"https:\/\/pmed-services.online\/es\/","name":"PMed Services Online","description":"Ihr Webshop f\u00fcr medizinische Produkte","publisher":{"@id":"https:\/\/pmed-services.online\/es\/#organization"},"potentialAction":[{"@type":"SearchAction","target":{"@type":"EntryPoint","urlTemplate":"https:\/\/pmed-services.online\/es\/?s={search_term_string}"},"query-input":{"@type":"PropertyValueSpecification","valueRequired":true,"valueName":"search_term_string"}}],"inLanguage":"es"},{"@type":"Organization","@id":"https:\/\/pmed-services.online\/es\/#organization","name":"PMed Services GmbH","url":"https:\/\/pmed-services.online\/es\/","logo":{"@type":"ImageObject","inLanguage":"es","@id":"https:\/\/pmed-services.online\/es\/#\/schema\/logo\/image\/","url":"https:\/\/pmed-services.online\/wp-content\/uploads\/2021\/02\/pmed_serv_logo.png","contentUrl":"https:\/\/pmed-services.online\/wp-content\/uploads\/2021\/02\/pmed_serv_logo.png","width":291,"height":51,"caption":"PMed Services GmbH"},"image":{"@id":"https:\/\/pmed-services.online\/es\/#\/schema\/logo\/image\/"}}]}},"_links":{"self":[{"href":"https:\/\/pmed-services.online\/es\/wp-json\/wp\/v2\/product\/1124","targetHints":{"allow":["GET"]}}],"collection":[{"href":"https:\/\/pmed-services.online\/es\/wp-json\/wp\/v2\/product"}],"about":[{"href":"https:\/\/pmed-services.online\/es\/wp-json\/wp\/v2\/types\/product"}],"replies":[{"embeddable":true,"href":"https:\/\/pmed-services.online\/es\/wp-json\/wp\/v2\/comments?post=1124"}],"wp:featuredmedia":[{"embeddable":true,"href":"https:\/\/pmed-services.online\/es\/wp-json\/wp\/v2\/media\/1100"}],"wp:attachment":[{"href":"https:\/\/pmed-services.online\/es\/wp-json\/wp\/v2\/media?parent=1124"}],"wp:term":[{"taxonomy":"product_brand","embeddable":true,"href":"https:\/\/pmed-services.online\/es\/wp-json\/wp\/v2\/product_brand?post=1124"},{"taxonomy":"product_cat","embeddable":true,"href":"https:\/\/pmed-services.online\/es\/wp-json\/wp\/v2\/product_cat?post=1124"},{"taxonomy":"product_tag","embeddable":true,"href":"https:\/\/pmed-services.online\/es\/wp-json\/wp\/v2\/product_tag?post=1124"}],"curies":[{"name":"wp","href":"https:\/\/api.w.org\/{rel}","templated":true}]}}