{"id":1125,"date":"2022-11-26T17:06:10","date_gmt":"2023-02-19T16:32:47","guid":{"rendered":"https:\/\/pmed-services.online\/produkt\/repuesto-del-filtro-de-agua-orion-5er-paq\/"},"modified":"2025-01-12T20:57:19","modified_gmt":"2025-01-12T19:57:19","slug":"inserto-de-filtro-de-agua-orion-5er-paq","status":"publish","type":"product","link":"https:\/\/pmed-services.online\/es\/producto\/inserto-de-filtro-de-agua-orion-5er-paq\/","title":{"rendered":"Repuesto del filtro de agua ORION (5er-Paq)"},"content":{"rendered":"<p>Adecuado solo para filtro de agua <a href=\"https:\/\/pmed-services.online\/produkt\/orion-wasserfilter-cpl-set\/\">Orion Aqua<\/a><\/p>\n<p><strong>Caracter\u00edsticas t\u00e9cnicas:<\/strong><br \/>\nMaterial de la carcasa del filtro: ABS<br \/>\nAdaptador: ABS<br \/>\nConexi\u00f3n: SEBS (bergaflex)<br \/>\nJuntas de goma SEBS (bergaflex) 40 Shore<br \/>\nPresi\u00f3n m\u00e1xima de trabajo: 6 bar<br \/>\nCapacidad del filtro: m\u00e1ximo 2 meses (o 400-600 Lts para una familia de cuatro)<br \/>\nVelocidad de filtraci\u00f3n: 0,6-0,8 l\/min<br \/>\nTemperatura de funcionamiento: 4 &#8211; 40 \u00b0C<br \/>\nDimensiones (R x A): 45,0 mm x 65,0 mm<br \/>\nPeso: Filtro (incluido el filtro de recarga): 50gr. (72gr.) Bruto, incluyendo embalaje: 137gr.<\/p>\n<p>La carcasa del filtro est\u00e1 dise\u00f1ada para un cartucho con las dimensiones (R x H): 34 mm x 31 mm.<\/p>\n<p><strong> Caracter\u00edsticas t\u00e9cnicas del cartucho de filtro<\/strong><br \/>\nMaterial de fabricaci\u00f3n: 100% poliestireno<br \/>\nDi\u00e1metro (D): 34 mm<br \/>\nAltura (A): 31 mm<br \/>\nPeso: 19 gr<br \/>\nPresi\u00f3n de trabajo: 6 Bar<br \/>\nTemperatura m\u00e1xima de funcionamiento: 40\u00b0C<\/p>\n<p><strong>Material del cartucho de filtro:<\/strong><br \/>\n1. Tejido microbiol\u00f3gico<br \/>\n2. Carb\u00f3n activado de c\u00e1scaras de coco<br \/>\n3. Imanes de neodimio<br \/>\n4. Zeolita modificada para \u00abTecnolog\u00eda Cal-Mag\u00bb.<br \/>\n5. Plata<br \/>\n6. Oro<\/p>\n","protected":false},"excerpt":{"rendered":"<p><strong>Material del cartucho de filtro:<\/strong><br \/>\n1. Tejido microbiol\u00f3gico<br \/>\n2. Carb\u00f3n activado de c\u00e1scaras de coco<br \/>\n3. Imanes de neodimio<br \/>\n4. Zeolita modificada para \u00abTecnolog\u00eda Cal-Mag\u00bb.<br \/>\n5. Plata<br \/>\n6. Oro<\/p>\n","protected":false},"featured_media":1107,"comment_status":"open","ping_status":"closed","template":"","meta":{"_genesis_hide_title":false,"_genesis_hide_breadcrumbs":false,"_genesis_hide_singular_image":false,"_genesis_hide_footer_widgets":false,"_genesis_custom_body_class":"","_genesis_custom_post_class":"","_genesis_layout":""},"product_brand":[],"product_cat":[231,94],"product_tag":[234,233,237,235,232],"class_list":{"0":"post-1125","1":"product","2":"type-product","3":"status-publish","4":"has-post-thumbnail","6":"product_cat-filtro-de-agua","7":"product_cat-covid-19-es","8":"product_tag-antical-es","9":"product_tag-antical","10":"product_tag-elemento-filtrante","11":"product_tag-filtro-antibacterial","12":"product_tag-filtro-de-agua","13":"product_shipping_class-standard-es","14":"entry","16":"first","17":"instock","18":"taxable","19":"shipping-taxable","20":"purchasable","21":"product-type-simple"},"yoast_head":"<!-- This site is optimized with the Yoast SEO plugin v27.0 - https:\/\/yoast.com\/product\/yoast-seo-wordpress\/ -->\n<title>Repuesto del filtro de agua ORION (5er-Paq) - PMed Services Online<\/title>\n<meta name=\"robots\" content=\"index, follow, max-snippet:-1, max-image-preview:large, max-video-preview:-1\" \/>\n<link rel=\"canonical\" href=\"https:\/\/pmed-services.online\/es\/producto\/inserto-de-filtro-de-agua-orion-5er-paq\/\" \/>\n<meta property=\"og:locale\" content=\"es_ES\" \/>\n<meta property=\"og:type\" content=\"article\" \/>\n<meta property=\"og:title\" content=\"Repuesto del filtro de agua ORION (5er-Paq) - PMed Services Online\" \/>\n<meta property=\"og:description\" content=\"Material del cartucho de filtro: 1. Tejido microbiol\u00f3gico 2. Carb\u00f3n activado de c\u00e1scaras de coco 3. Imanes de neodimio 4. Zeolita modificada para &quot;Tecnolog\u00eda Cal-Mag&quot;. 5. Plata 6. Oro\" \/>\n<meta property=\"og:url\" content=\"https:\/\/pmed-services.online\/es\/producto\/inserto-de-filtro-de-agua-orion-5er-paq\/\" \/>\n<meta property=\"og:site_name\" content=\"PMed Services Online\" \/>\n<meta property=\"article:modified_time\" content=\"2025-01-12T19:57:19+00:00\" \/>\n<meta property=\"og:image\" content=\"https:\/\/pmed-services.online\/wp-content\/uploads\/2022\/11\/filter-cartridges-pack-Copy.jpg\" \/>\n\t<meta property=\"og:image:width\" content=\"500\" \/>\n\t<meta property=\"og:image:height\" content=\"360\" \/>\n\t<meta property=\"og:image:type\" content=\"image\/jpeg\" \/>\n<meta name=\"twitter:card\" content=\"summary_large_image\" \/>\n<meta name=\"twitter:label1\" content=\"Tiempo de lectura\" \/>\n\t<meta name=\"twitter:data1\" content=\"1 minuto\" \/>\n<script type=\"application\/ld+json\" class=\"yoast-schema-graph\">{\"@context\":\"https:\/\/schema.org\",\"@graph\":[{\"@type\":\"WebPage\",\"@id\":\"https:\/\/pmed-services.online\/es\/producto\/inserto-de-filtro-de-agua-orion-5er-paq\/\",\"url\":\"https:\/\/pmed-services.online\/es\/producto\/inserto-de-filtro-de-agua-orion-5er-paq\/\",\"name\":\"Repuesto del filtro de agua ORION (5er-Paq) - PMed Services Online\",\"isPartOf\":{\"@id\":\"https:\/\/pmed-services.online\/es\/#website\"},\"primaryImageOfPage\":{\"@id\":\"https:\/\/pmed-services.online\/es\/producto\/inserto-de-filtro-de-agua-orion-5er-paq\/#primaryimage\"},\"image\":{\"@id\":\"https:\/\/pmed-services.online\/es\/producto\/inserto-de-filtro-de-agua-orion-5er-paq\/#primaryimage\"},\"thumbnailUrl\":\"https:\/\/pmed-services.online\/wp-content\/uploads\/2022\/11\/filter-cartridges-pack-Copy.jpg\",\"datePublished\":\"2023-02-19T16:32:47+00:00\",\"dateModified\":\"2025-01-12T19:57:19+00:00\",\"breadcrumb\":{\"@id\":\"https:\/\/pmed-services.online\/es\/producto\/inserto-de-filtro-de-agua-orion-5er-paq\/#breadcrumb\"},\"inLanguage\":\"es\",\"potentialAction\":[{\"@type\":\"ReadAction\",\"target\":[\"https:\/\/pmed-services.online\/es\/producto\/inserto-de-filtro-de-agua-orion-5er-paq\/\"]}]},{\"@type\":\"ImageObject\",\"inLanguage\":\"es\",\"@id\":\"https:\/\/pmed-services.online\/es\/producto\/inserto-de-filtro-de-agua-orion-5er-paq\/#primaryimage\",\"url\":\"https:\/\/pmed-services.online\/wp-content\/uploads\/2022\/11\/filter-cartridges-pack-Copy.jpg\",\"contentUrl\":\"https:\/\/pmed-services.online\/wp-content\/uploads\/2022\/11\/filter-cartridges-pack-Copy.jpg\",\"width\":500,\"height\":360},{\"@type\":\"BreadcrumbList\",\"@id\":\"https:\/\/pmed-services.online\/es\/producto\/inserto-de-filtro-de-agua-orion-5er-paq\/#breadcrumb\",\"itemListElement\":[{\"@type\":\"ListItem\",\"position\":1,\"name\":\"Startseite\",\"item\":\"https:\/\/pmed-services.online\/es\/\"},{\"@type\":\"ListItem\",\"position\":2,\"name\":\"Tienda\",\"item\":\"https:\/\/pmed-services.online\/es\/tienda-online-productos-de-proteccion-y-rehabilitacion\/\"},{\"@type\":\"ListItem\",\"position\":3,\"name\":\"Repuesto del filtro de agua ORION (5er-Paq)\"}]},{\"@type\":\"WebSite\",\"@id\":\"https:\/\/pmed-services.online\/es\/#website\",\"url\":\"https:\/\/pmed-services.online\/es\/\",\"name\":\"PMed Services Online\",\"description\":\"Ihr Webshop f\u00fcr medizinische Produkte\",\"publisher\":{\"@id\":\"https:\/\/pmed-services.online\/es\/#organization\"},\"potentialAction\":[{\"@type\":\"SearchAction\",\"target\":{\"@type\":\"EntryPoint\",\"urlTemplate\":\"https:\/\/pmed-services.online\/es\/?s={search_term_string}\"},\"query-input\":{\"@type\":\"PropertyValueSpecification\",\"valueRequired\":true,\"valueName\":\"search_term_string\"}}],\"inLanguage\":\"es\"},{\"@type\":\"Organization\",\"@id\":\"https:\/\/pmed-services.online\/es\/#organization\",\"name\":\"PMed Services GmbH\",\"url\":\"https:\/\/pmed-services.online\/es\/\",\"logo\":{\"@type\":\"ImageObject\",\"inLanguage\":\"es\",\"@id\":\"https:\/\/pmed-services.online\/es\/#\/schema\/logo\/image\/\",\"url\":\"https:\/\/pmed-services.online\/wp-content\/uploads\/2021\/02\/pmed_serv_logo.png\",\"contentUrl\":\"https:\/\/pmed-services.online\/wp-content\/uploads\/2021\/02\/pmed_serv_logo.png\",\"width\":291,\"height\":51,\"caption\":\"PMed Services GmbH\"},\"image\":{\"@id\":\"https:\/\/pmed-services.online\/es\/#\/schema\/logo\/image\/\"}}]}<\/script>\n<!-- \/ Yoast SEO plugin. -->","yoast_head_json":{"title":"Repuesto del filtro de agua ORION (5er-Paq) - PMed Services Online","robots":{"index":"index","follow":"follow","max-snippet":"max-snippet:-1","max-image-preview":"max-image-preview:large","max-video-preview":"max-video-preview:-1"},"canonical":"https:\/\/pmed-services.online\/es\/producto\/inserto-de-filtro-de-agua-orion-5er-paq\/","og_locale":"es_ES","og_type":"article","og_title":"Repuesto del filtro de agua ORION (5er-Paq) - PMed Services Online","og_description":"Material del cartucho de filtro: 1. Tejido microbiol\u00f3gico 2. Carb\u00f3n activado de c\u00e1scaras de coco 3. Imanes de neodimio 4. Zeolita modificada para \"Tecnolog\u00eda Cal-Mag\". 5. Plata 6. Oro","og_url":"https:\/\/pmed-services.online\/es\/producto\/inserto-de-filtro-de-agua-orion-5er-paq\/","og_site_name":"PMed Services Online","article_modified_time":"2025-01-12T19:57:19+00:00","og_image":[{"width":500,"height":360,"url":"https:\/\/pmed-services.online\/wp-content\/uploads\/2022\/11\/filter-cartridges-pack-Copy.jpg","type":"image\/jpeg"}],"twitter_card":"summary_large_image","twitter_misc":{"Tiempo de lectura":"1 minuto"},"schema":{"@context":"https:\/\/schema.org","@graph":[{"@type":"WebPage","@id":"https:\/\/pmed-services.online\/es\/producto\/inserto-de-filtro-de-agua-orion-5er-paq\/","url":"https:\/\/pmed-services.online\/es\/producto\/inserto-de-filtro-de-agua-orion-5er-paq\/","name":"Repuesto del filtro de agua ORION (5er-Paq) - PMed Services Online","isPartOf":{"@id":"https:\/\/pmed-services.online\/es\/#website"},"primaryImageOfPage":{"@id":"https:\/\/pmed-services.online\/es\/producto\/inserto-de-filtro-de-agua-orion-5er-paq\/#primaryimage"},"image":{"@id":"https:\/\/pmed-services.online\/es\/producto\/inserto-de-filtro-de-agua-orion-5er-paq\/#primaryimage"},"thumbnailUrl":"https:\/\/pmed-services.online\/wp-content\/uploads\/2022\/11\/filter-cartridges-pack-Copy.jpg","datePublished":"2023-02-19T16:32:47+00:00","dateModified":"2025-01-12T19:57:19+00:00","breadcrumb":{"@id":"https:\/\/pmed-services.online\/es\/producto\/inserto-de-filtro-de-agua-orion-5er-paq\/#breadcrumb"},"inLanguage":"es","potentialAction":[{"@type":"ReadAction","target":["https:\/\/pmed-services.online\/es\/producto\/inserto-de-filtro-de-agua-orion-5er-paq\/"]}]},{"@type":"ImageObject","inLanguage":"es","@id":"https:\/\/pmed-services.online\/es\/producto\/inserto-de-filtro-de-agua-orion-5er-paq\/#primaryimage","url":"https:\/\/pmed-services.online\/wp-content\/uploads\/2022\/11\/filter-cartridges-pack-Copy.jpg","contentUrl":"https:\/\/pmed-services.online\/wp-content\/uploads\/2022\/11\/filter-cartridges-pack-Copy.jpg","width":500,"height":360},{"@type":"BreadcrumbList","@id":"https:\/\/pmed-services.online\/es\/producto\/inserto-de-filtro-de-agua-orion-5er-paq\/#breadcrumb","itemListElement":[{"@type":"ListItem","position":1,"name":"Startseite","item":"https:\/\/pmed-services.online\/es\/"},{"@type":"ListItem","position":2,"name":"Tienda","item":"https:\/\/pmed-services.online\/es\/tienda-online-productos-de-proteccion-y-rehabilitacion\/"},{"@type":"ListItem","position":3,"name":"Repuesto del filtro de agua ORION (5er-Paq)"}]},{"@type":"WebSite","@id":"https:\/\/pmed-services.online\/es\/#website","url":"https:\/\/pmed-services.online\/es\/","name":"PMed Services Online","description":"Ihr Webshop f\u00fcr medizinische Produkte","publisher":{"@id":"https:\/\/pmed-services.online\/es\/#organization"},"potentialAction":[{"@type":"SearchAction","target":{"@type":"EntryPoint","urlTemplate":"https:\/\/pmed-services.online\/es\/?s={search_term_string}"},"query-input":{"@type":"PropertyValueSpecification","valueRequired":true,"valueName":"search_term_string"}}],"inLanguage":"es"},{"@type":"Organization","@id":"https:\/\/pmed-services.online\/es\/#organization","name":"PMed Services GmbH","url":"https:\/\/pmed-services.online\/es\/","logo":{"@type":"ImageObject","inLanguage":"es","@id":"https:\/\/pmed-services.online\/es\/#\/schema\/logo\/image\/","url":"https:\/\/pmed-services.online\/wp-content\/uploads\/2021\/02\/pmed_serv_logo.png","contentUrl":"https:\/\/pmed-services.online\/wp-content\/uploads\/2021\/02\/pmed_serv_logo.png","width":291,"height":51,"caption":"PMed Services GmbH"},"image":{"@id":"https:\/\/pmed-services.online\/es\/#\/schema\/logo\/image\/"}}]}},"_links":{"self":[{"href":"https:\/\/pmed-services.online\/es\/wp-json\/wp\/v2\/product\/1125","targetHints":{"allow":["GET"]}}],"collection":[{"href":"https:\/\/pmed-services.online\/es\/wp-json\/wp\/v2\/product"}],"about":[{"href":"https:\/\/pmed-services.online\/es\/wp-json\/wp\/v2\/types\/product"}],"replies":[{"embeddable":true,"href":"https:\/\/pmed-services.online\/es\/wp-json\/wp\/v2\/comments?post=1125"}],"wp:featuredmedia":[{"embeddable":true,"href":"https:\/\/pmed-services.online\/es\/wp-json\/wp\/v2\/media\/1107"}],"wp:attachment":[{"href":"https:\/\/pmed-services.online\/es\/wp-json\/wp\/v2\/media?parent=1125"}],"wp:term":[{"taxonomy":"product_brand","embeddable":true,"href":"https:\/\/pmed-services.online\/es\/wp-json\/wp\/v2\/product_brand?post=1125"},{"taxonomy":"product_cat","embeddable":true,"href":"https:\/\/pmed-services.online\/es\/wp-json\/wp\/v2\/product_cat?post=1125"},{"taxonomy":"product_tag","embeddable":true,"href":"https:\/\/pmed-services.online\/es\/wp-json\/wp\/v2\/product_tag?post=1125"}],"curies":[{"name":"wp","href":"https:\/\/api.w.org\/{rel}","templated":true}]}}