{"id":1135,"date":"2023-02-19T20:09:15","date_gmt":"2023-02-19T19:09:15","guid":{"rendered":"https:\/\/pmed-services.online\/?post_type=product&#038;p=1135"},"modified":"2024-06-20T15:38:40","modified_gmt":"2024-06-20T13:38:40","slug":"plataforma-de-balance-con-doble-sensor-mtd-balance-cobs","status":"publish","type":"product","link":"https:\/\/pmed-services.online\/es\/producto\/plataforma-de-balance-con-doble-sensor-mtd-balance-cobs\/","title":{"rendered":"Plataforma de balance con doble Sensor, mtd- Balance\/COBS"},"content":{"rendered":"<p><strong>mtd-Balance System<\/strong> es un sistema de doble plataforma multifuncional para el an\u00e1lisis y la rehabilitaci\u00f3n del Balance, la Coordinaci\u00f3n y la Funci\u00f3n Sensoriomotora.<\/p>\n<p>El sistema permite el entrenamiento de las funciones locomotrices en la rehabilitaci\u00f3n f\u00edsica y en el deporte.<\/p>\n<p>mtd-balance\/COBS Feedback, es un dispositivo de respuesta informativa y <strong>Entrenamiento Terap\u00e9utico<\/strong> de las funciones locomotrices como la Coordinaci\u00f3n, el Equilibrio, el Balance, la Postura y la Fuerza.<\/p>\n<p>El dispositivo brinda al paciente la realimentaci\u00f3n que necesita en tiempo real representada de forma gr\u00e1fica y\/o ac\u00fastica, para realizar las tareas de rehabilitaci\u00f3n motora eficaz y corregir las deficiencias acorde a su nivel de afectaci\u00f3n.<\/p>\n<p>El sistema permite planificar con exactitud la terapia o el entrenamiento, orientarlo y dirigirlo hacia un objetivo y documentarlo en forma inmediata y confiable.<\/p>\n<p>Los 19 modos de medici\u00f3n preinstalados, ej. el equilibrio mientras est\u00e1 sentado, hasta el salto, as\u00ed como la posibilidad de crear modos de medici\u00f3n individuales, le brindan al sistema gran versatilidad.<\/p>\n<p>Las funciones de medici\u00f3n del sistema permiten evaluar de forma cualitativa y cuantitativa las siguientes habilidades:<\/p>\n<p>\u00bb Simetr\u00eda de movimientos \u00bb Reacci\u00f3n<br \/>\n\u00bb Capacidad de carga \u00bb Fuerza<br \/>\n\u00bb Potencia de salto \u00bb Coordinaci\u00f3n<br \/>\n\u00bb Anticipaci\u00f3n \u00bb Funciones cognitivas<br \/>\n\u00bb Equilibrio en la direcci\u00f3n X e Y<\/p>\n","protected":false},"excerpt":{"rendered":"<p>Plataforma estabilom\u00e9trica para el entrenamiento y diagn\u00f3stico del balance, el equilibrio y la coordinaci\u00f3n motora.<\/p>\n","protected":false},"featured_media":1138,"comment_status":"open","ping_status":"closed","template":"","meta":{"_genesis_hide_title":false,"_genesis_hide_breadcrumbs":false,"_genesis_hide_singular_image":false,"_genesis_hide_footer_widgets":false,"_genesis_custom_body_class":"","_genesis_custom_post_class":"","_genesis_layout":""},"product_brand":[],"product_cat":[240,96],"product_tag":[247,246,245],"class_list":{"0":"post-1135","1":"product","2":"type-product","3":"status-publish","4":"has-post-thumbnail","6":"product_cat-analisis-biomecanico","7":"product_cat-equipos-fisioterapia-y-rehabilitacion-es","8":"product_tag-entrenamiento-del-equilibrio","9":"product_tag-entrenamiento-postural","10":"product_tag-plataforma-de-balance","11":"product_shipping_class-vehiculo-de-carga","12":"entry","14":"first","15":"instock","16":"taxable","17":"shipping-taxable","18":"purchasable","19":"product-type-simple"},"yoast_head":"<!-- This site is optimized with the Yoast SEO plugin v27.0 - https:\/\/yoast.com\/product\/yoast-seo-wordpress\/ -->\n<title>Plataforma de balance con doble Sensor, mtd- Balance\/COBS - PMed Services Online<\/title>\n<meta name=\"robots\" content=\"index, follow, max-snippet:-1, max-image-preview:large, max-video-preview:-1\" \/>\n<link rel=\"canonical\" href=\"https:\/\/pmed-services.online\/es\/producto\/plataforma-de-balance-con-doble-sensor-mtd-balance-cobs\/\" \/>\n<meta property=\"og:locale\" content=\"es_ES\" \/>\n<meta property=\"og:type\" content=\"article\" \/>\n<meta property=\"og:title\" content=\"Plataforma de balance con doble Sensor, mtd- Balance\/COBS - PMed Services Online\" \/>\n<meta property=\"og:description\" content=\"Plataforma estabilom\u00e9trica para el entrenamiento y diagn\u00f3stico del balance, el equilibrio y la coordinaci\u00f3n motora.\" \/>\n<meta property=\"og:url\" content=\"https:\/\/pmed-services.online\/es\/producto\/plataforma-de-balance-con-doble-sensor-mtd-balance-cobs\/\" \/>\n<meta property=\"og:site_name\" content=\"PMed Services Online\" \/>\n<meta property=\"article:modified_time\" content=\"2024-06-20T13:38:40+00:00\" \/>\n<meta property=\"og:image\" content=\"https:\/\/pmed-services.online\/wp-content\/uploads\/2023\/02\/1040-10-mtd-balance-Arbeitsplatz-e1676833813269.jpg\" \/>\n\t<meta property=\"og:image:width\" content=\"400\" \/>\n\t<meta property=\"og:image:height\" content=\"331\" \/>\n\t<meta property=\"og:image:type\" content=\"image\/jpeg\" \/>\n<meta name=\"twitter:card\" content=\"summary_large_image\" \/>\n<meta name=\"twitter:label1\" content=\"Tiempo de lectura\" \/>\n\t<meta name=\"twitter:data1\" content=\"2 minutos\" \/>\n<script type=\"application\/ld+json\" class=\"yoast-schema-graph\">{\"@context\":\"https:\/\/schema.org\",\"@graph\":[{\"@type\":\"WebPage\",\"@id\":\"https:\/\/pmed-services.online\/es\/producto\/plataforma-de-balance-con-doble-sensor-mtd-balance-cobs\/\",\"url\":\"https:\/\/pmed-services.online\/es\/producto\/plataforma-de-balance-con-doble-sensor-mtd-balance-cobs\/\",\"name\":\"Plataforma de balance con doble Sensor, mtd- Balance\/COBS - PMed Services Online\",\"isPartOf\":{\"@id\":\"https:\/\/pmed-services.online\/es\/#website\"},\"primaryImageOfPage\":{\"@id\":\"https:\/\/pmed-services.online\/es\/producto\/plataforma-de-balance-con-doble-sensor-mtd-balance-cobs\/#primaryimage\"},\"image\":{\"@id\":\"https:\/\/pmed-services.online\/es\/producto\/plataforma-de-balance-con-doble-sensor-mtd-balance-cobs\/#primaryimage\"},\"thumbnailUrl\":\"https:\/\/pmed-services.online\/wp-content\/uploads\/2023\/02\/1040-10-mtd-balance-Arbeitsplatz-e1676833813269.jpg\",\"datePublished\":\"2023-02-19T19:09:15+00:00\",\"dateModified\":\"2024-06-20T13:38:40+00:00\",\"breadcrumb\":{\"@id\":\"https:\/\/pmed-services.online\/es\/producto\/plataforma-de-balance-con-doble-sensor-mtd-balance-cobs\/#breadcrumb\"},\"inLanguage\":\"es\",\"potentialAction\":[{\"@type\":\"ReadAction\",\"target\":[\"https:\/\/pmed-services.online\/es\/producto\/plataforma-de-balance-con-doble-sensor-mtd-balance-cobs\/\"]}]},{\"@type\":\"ImageObject\",\"inLanguage\":\"es\",\"@id\":\"https:\/\/pmed-services.online\/es\/producto\/plataforma-de-balance-con-doble-sensor-mtd-balance-cobs\/#primaryimage\",\"url\":\"https:\/\/pmed-services.online\/wp-content\/uploads\/2023\/02\/1040-10-mtd-balance-Arbeitsplatz-e1676833813269.jpg\",\"contentUrl\":\"https:\/\/pmed-services.online\/wp-content\/uploads\/2023\/02\/1040-10-mtd-balance-Arbeitsplatz-e1676833813269.jpg\",\"width\":400,\"height\":331},{\"@type\":\"BreadcrumbList\",\"@id\":\"https:\/\/pmed-services.online\/es\/producto\/plataforma-de-balance-con-doble-sensor-mtd-balance-cobs\/#breadcrumb\",\"itemListElement\":[{\"@type\":\"ListItem\",\"position\":1,\"name\":\"Startseite\",\"item\":\"https:\/\/pmed-services.online\/es\/\"},{\"@type\":\"ListItem\",\"position\":2,\"name\":\"Tienda\",\"item\":\"https:\/\/pmed-services.online\/es\/tienda-online-productos-de-proteccion-y-rehabilitacion\/\"},{\"@type\":\"ListItem\",\"position\":3,\"name\":\"Plataforma de balance con doble Sensor, mtd- Balance\/COBS\"}]},{\"@type\":\"WebSite\",\"@id\":\"https:\/\/pmed-services.online\/es\/#website\",\"url\":\"https:\/\/pmed-services.online\/es\/\",\"name\":\"PMed Services Online\",\"description\":\"Ihr Webshop f\u00fcr medizinische Produkte\",\"publisher\":{\"@id\":\"https:\/\/pmed-services.online\/es\/#organization\"},\"potentialAction\":[{\"@type\":\"SearchAction\",\"target\":{\"@type\":\"EntryPoint\",\"urlTemplate\":\"https:\/\/pmed-services.online\/es\/?s={search_term_string}\"},\"query-input\":{\"@type\":\"PropertyValueSpecification\",\"valueRequired\":true,\"valueName\":\"search_term_string\"}}],\"inLanguage\":\"es\"},{\"@type\":\"Organization\",\"@id\":\"https:\/\/pmed-services.online\/es\/#organization\",\"name\":\"PMed Services GmbH\",\"url\":\"https:\/\/pmed-services.online\/es\/\",\"logo\":{\"@type\":\"ImageObject\",\"inLanguage\":\"es\",\"@id\":\"https:\/\/pmed-services.online\/es\/#\/schema\/logo\/image\/\",\"url\":\"https:\/\/pmed-services.online\/wp-content\/uploads\/2021\/02\/pmed_serv_logo.png\",\"contentUrl\":\"https:\/\/pmed-services.online\/wp-content\/uploads\/2021\/02\/pmed_serv_logo.png\",\"width\":291,\"height\":51,\"caption\":\"PMed Services GmbH\"},\"image\":{\"@id\":\"https:\/\/pmed-services.online\/es\/#\/schema\/logo\/image\/\"}}]}<\/script>\n<!-- \/ Yoast SEO plugin. -->","yoast_head_json":{"title":"Plataforma de balance con doble Sensor, mtd- Balance\/COBS - PMed Services Online","robots":{"index":"index","follow":"follow","max-snippet":"max-snippet:-1","max-image-preview":"max-image-preview:large","max-video-preview":"max-video-preview:-1"},"canonical":"https:\/\/pmed-services.online\/es\/producto\/plataforma-de-balance-con-doble-sensor-mtd-balance-cobs\/","og_locale":"es_ES","og_type":"article","og_title":"Plataforma de balance con doble Sensor, mtd- Balance\/COBS - PMed Services Online","og_description":"Plataforma estabilom\u00e9trica para el entrenamiento y diagn\u00f3stico del balance, el equilibrio y la coordinaci\u00f3n motora.","og_url":"https:\/\/pmed-services.online\/es\/producto\/plataforma-de-balance-con-doble-sensor-mtd-balance-cobs\/","og_site_name":"PMed Services Online","article_modified_time":"2024-06-20T13:38:40+00:00","og_image":[{"width":400,"height":331,"url":"https:\/\/pmed-services.online\/wp-content\/uploads\/2023\/02\/1040-10-mtd-balance-Arbeitsplatz-e1676833813269.jpg","type":"image\/jpeg"}],"twitter_card":"summary_large_image","twitter_misc":{"Tiempo de lectura":"2 minutos"},"schema":{"@context":"https:\/\/schema.org","@graph":[{"@type":"WebPage","@id":"https:\/\/pmed-services.online\/es\/producto\/plataforma-de-balance-con-doble-sensor-mtd-balance-cobs\/","url":"https:\/\/pmed-services.online\/es\/producto\/plataforma-de-balance-con-doble-sensor-mtd-balance-cobs\/","name":"Plataforma de balance con doble Sensor, mtd- Balance\/COBS - PMed Services Online","isPartOf":{"@id":"https:\/\/pmed-services.online\/es\/#website"},"primaryImageOfPage":{"@id":"https:\/\/pmed-services.online\/es\/producto\/plataforma-de-balance-con-doble-sensor-mtd-balance-cobs\/#primaryimage"},"image":{"@id":"https:\/\/pmed-services.online\/es\/producto\/plataforma-de-balance-con-doble-sensor-mtd-balance-cobs\/#primaryimage"},"thumbnailUrl":"https:\/\/pmed-services.online\/wp-content\/uploads\/2023\/02\/1040-10-mtd-balance-Arbeitsplatz-e1676833813269.jpg","datePublished":"2023-02-19T19:09:15+00:00","dateModified":"2024-06-20T13:38:40+00:00","breadcrumb":{"@id":"https:\/\/pmed-services.online\/es\/producto\/plataforma-de-balance-con-doble-sensor-mtd-balance-cobs\/#breadcrumb"},"inLanguage":"es","potentialAction":[{"@type":"ReadAction","target":["https:\/\/pmed-services.online\/es\/producto\/plataforma-de-balance-con-doble-sensor-mtd-balance-cobs\/"]}]},{"@type":"ImageObject","inLanguage":"es","@id":"https:\/\/pmed-services.online\/es\/producto\/plataforma-de-balance-con-doble-sensor-mtd-balance-cobs\/#primaryimage","url":"https:\/\/pmed-services.online\/wp-content\/uploads\/2023\/02\/1040-10-mtd-balance-Arbeitsplatz-e1676833813269.jpg","contentUrl":"https:\/\/pmed-services.online\/wp-content\/uploads\/2023\/02\/1040-10-mtd-balance-Arbeitsplatz-e1676833813269.jpg","width":400,"height":331},{"@type":"BreadcrumbList","@id":"https:\/\/pmed-services.online\/es\/producto\/plataforma-de-balance-con-doble-sensor-mtd-balance-cobs\/#breadcrumb","itemListElement":[{"@type":"ListItem","position":1,"name":"Startseite","item":"https:\/\/pmed-services.online\/es\/"},{"@type":"ListItem","position":2,"name":"Tienda","item":"https:\/\/pmed-services.online\/es\/tienda-online-productos-de-proteccion-y-rehabilitacion\/"},{"@type":"ListItem","position":3,"name":"Plataforma de balance con doble Sensor, mtd- Balance\/COBS"}]},{"@type":"WebSite","@id":"https:\/\/pmed-services.online\/es\/#website","url":"https:\/\/pmed-services.online\/es\/","name":"PMed Services Online","description":"Ihr Webshop f\u00fcr medizinische Produkte","publisher":{"@id":"https:\/\/pmed-services.online\/es\/#organization"},"potentialAction":[{"@type":"SearchAction","target":{"@type":"EntryPoint","urlTemplate":"https:\/\/pmed-services.online\/es\/?s={search_term_string}"},"query-input":{"@type":"PropertyValueSpecification","valueRequired":true,"valueName":"search_term_string"}}],"inLanguage":"es"},{"@type":"Organization","@id":"https:\/\/pmed-services.online\/es\/#organization","name":"PMed Services GmbH","url":"https:\/\/pmed-services.online\/es\/","logo":{"@type":"ImageObject","inLanguage":"es","@id":"https:\/\/pmed-services.online\/es\/#\/schema\/logo\/image\/","url":"https:\/\/pmed-services.online\/wp-content\/uploads\/2021\/02\/pmed_serv_logo.png","contentUrl":"https:\/\/pmed-services.online\/wp-content\/uploads\/2021\/02\/pmed_serv_logo.png","width":291,"height":51,"caption":"PMed Services GmbH"},"image":{"@id":"https:\/\/pmed-services.online\/es\/#\/schema\/logo\/image\/"}}]}},"_links":{"self":[{"href":"https:\/\/pmed-services.online\/es\/wp-json\/wp\/v2\/product\/1135","targetHints":{"allow":["GET"]}}],"collection":[{"href":"https:\/\/pmed-services.online\/es\/wp-json\/wp\/v2\/product"}],"about":[{"href":"https:\/\/pmed-services.online\/es\/wp-json\/wp\/v2\/types\/product"}],"replies":[{"embeddable":true,"href":"https:\/\/pmed-services.online\/es\/wp-json\/wp\/v2\/comments?post=1135"}],"wp:featuredmedia":[{"embeddable":true,"href":"https:\/\/pmed-services.online\/es\/wp-json\/wp\/v2\/media\/1138"}],"wp:attachment":[{"href":"https:\/\/pmed-services.online\/es\/wp-json\/wp\/v2\/media?parent=1135"}],"wp:term":[{"taxonomy":"product_brand","embeddable":true,"href":"https:\/\/pmed-services.online\/es\/wp-json\/wp\/v2\/product_brand?post=1135"},{"taxonomy":"product_cat","embeddable":true,"href":"https:\/\/pmed-services.online\/es\/wp-json\/wp\/v2\/product_cat?post=1135"},{"taxonomy":"product_tag","embeddable":true,"href":"https:\/\/pmed-services.online\/es\/wp-json\/wp\/v2\/product_tag?post=1135"}],"curies":[{"name":"wp","href":"https:\/\/api.w.org\/{rel}","templated":true}]}}