{"id":1187,"date":"2024-06-20T20:19:30","date_gmt":"2024-06-20T18:19:30","guid":{"rendered":"https:\/\/pmed-services.online\/?post_type=product&#038;p=1187"},"modified":"2025-06-28T15:55:24","modified_gmt":"2025-06-28T13:55:24","slug":"deep-oscillation-personal-home-lipedema","status":"publish","type":"product","link":"https:\/\/pmed-services.online\/es\/producto\/deep-oscillation-personal-home-lipedema\/","title":{"rendered":"DEEP OSCILLATION\u00ae Personal Home Lipedema"},"content":{"rendered":"<div id=\"pl-1187\"  class=\"panel-layout\" ><div id=\"pg-1187-0\"  class=\"panel-grid panel-no-style\" ><div id=\"pgc-1187-0-0\"  class=\"panel-grid-cell\" ><div id=\"panel-1187-0-0-0\" class=\"so-panel widget widget_sow-editor panel-first-child panel-last-child\" data-index=\"0\" ><div\n\t\t\t\n\t\t\tclass=\"so-widget-sow-editor so-widget-sow-editor-base\"\n\t\t\t\n\t\t><h3 class=\"widget-title\">DEEP OSCILLATION\u00ae Personal<\/h3>\n<div class=\"siteorigin-widget-tinymce textwidget\">\n\t<p><strong>DEEP OSCILLATION\u00ae Personal Home<\/strong> Lipedema se ha concebido para el tratamiento conservador del lipedema, para el uso port\u00e1til e individual de pacientes afectados por est\u00e1 patolog\u00eda en diferentes estadios.<\/p>\n<p><strong>Portable<\/strong>.<\/p>\n<p>Gracias a su bater\u00eda de larga duraci\u00f3n y su peque\u00f1o tama\u00f1o garantizan una disponibilidad y flexibilidad para su uso en casa y la facilidad para transportarlo durante viajes, permitiendo a los pacientes, realizarse su autotratamiento conservador diariamente.<\/p>\n<p><strong>Beneficios del equipo<\/strong><\/p>\n<p>DEEP OSCILLATION\u00ae Personal es un equipo m\u00e9dico, tambi\u00e9n conocido por oscilaciones profundas, ha probado ser particularmente efectivo en el tratamiento conservador del Lipedema y para el tratamiento previo y posterior a las <a href=\"https:\/\/youtu.be\/Gx7WA6ebfw8?feature=shared\">liposucciones<\/a>.<\/p>\n<p>Durante su aplicaci\u00f3n el tejido se relaja hasta las capas m\u00e1s profundas, esto permite disolver las tensiones, reducir la fibrosis y mejorar significativamente el drenaje de los tejidos.<\/p>\n<p>Los linfoterapeutas y kinesiologos especialistas en drenaje linf\u00e1tico, llevan a\u00f1os utilizando la terapia por oscilaci\u00f3n profunda con grandes resultados. El efecto de los compos electrost\u00e1ticos intensifica el efecto del drenaje linf\u00e1tico manual (DLM) y ofrece alivio a los pacientes con lipedema, lipolinfedema y linfedema.<\/p>\n<p><strong>DEEP OSCILLATION\u00ae<\/strong><\/p>\n<p>La terapia con DEEP OSCILLATION\u00ae es un m\u00e9todo de tratamiento \u00fanico, no invasivo, atraum\u00e1tico y patentado internacionalmente por PHYSIOMED ELEKTROMEDIZIN AG. El tratamiento destaca por sus importantes efectos biol\u00f3gicos que\u00a0 ya se aplican con \u00e9xito desde hace m\u00e1s de 30 a\u00f1os, en los campos de la rehabilitaci\u00f3n f\u00edsica, la medicina del deporte, la medicina \u00e9stetica y la rehabilitaci\u00f3n dermatofuncional.<\/p>\n<p>Entre sus efectos fisiol\u00f3gicos se destacan el gran potencial de acci\u00f3n analg\u00e9sica, antiinflamatoria, movilizaci\u00f3n de tejidos, antifibrotica, drenaje del sistema linf\u00e1tico y de favorecer los procesos de curaci\u00f3n celular.<\/p>\n<div class=\"wpb_text_column wpb_content_element \">\n<div class=\"wpb_wrapper\">\n<p>Se han comprobado cient\u00edficamente los siguientes efectos de la oscilaci\u00f3n profunda:<\/p>\n<\/div>\n<\/div>\n<div class=\"gem-list gem-list-type-check-style-1\">\n<p>\u2022 Reducci\u00f3n del dolor<br \/>\n\u2022 Reabsorci\u00f3n de edemas<br \/>\n\u2022 Mejora el riego en los tejidos<br \/>\n\u2022 Mejora de la calidad del tejido<br \/>\n\u2022 Reducci\u00f3n del per\u00edmetro de las extremidades<\/p>\n<\/div>\n<p>Mediante la utilizaci\u00f3n de la atracci\u00f3n y la fricci\u00f3n electrost\u00e1tica, se genera una oscilaci\u00f3n que surge desde las propias c\u00e9lulas en profundida, <a href=\"https:\/\/youtu.be\/GxwvzfPFYQ0?feature=shared\">actuando sobre diferentes estructuras celulares en profundidad del tejido<\/a> (piel, tejido superficial, tejidos grasos subcut\u00e1neos, m\u00fasculos, vasos sangu\u00edneos y linf\u00e1ticos)<\/p>\n<p>La terapia se aplica mediante un aplicador manual con cabezales de diferentes tama\u00f1os o mediante la aplicaci\u00f3n manual con guantes de vinil, produciendo un sensaci\u00f3n muy agradable al paciente durante el tratamiento.<\/p>\n<p><strong>Otros modelos<\/strong><\/p>\n<p>La terapia por oscilaciones profundas se comercializan en varios modelos<\/p>\n<p>DEEP OSCILLATION Personal\u00ae Home (equipo para pacientes)<br \/>\n<a href=\"https:\/\/pmed-services.online\/es\/producto\/deep-oscillation-personal-basic\/\">DEEP OSCILLATION Personal\u00ae Basic<\/a> (equipo para profesionales)<br \/>\n<a href=\"https:\/\/pmed-services.online\/es\/producto\/deep-oscillation-personal-pro\/\">DEEP OSCILLATION Personal\u00ae Pro<\/a> (equipo para profesionales)<\/p>\n<\/div>\n<\/div><\/div><\/div><\/div><\/div>","protected":false},"excerpt":{"rendered":"<p>Equipo para pacientes, indicado para uso domiciliario en el tratamiento conservador del Lipedema.<br \/>\nPortable, con bateria de larga duraci\u00f3n<br \/>\nF\u00e1cil manejo<\/p>\n","protected":false},"featured_media":1198,"comment_status":"open","ping_status":"closed","template":"","meta":{"_genesis_hide_title":false,"_genesis_hide_breadcrumbs":false,"_genesis_hide_singular_image":false,"_genesis_hide_footer_widgets":false,"_genesis_custom_body_class":"","_genesis_custom_post_class":"","_genesis_layout":""},"product_brand":[],"product_cat":[294,96,244],"product_tag":[162,163,164,165],"class_list":{"0":"post-1187","1":"product","2":"type-product","3":"status-publish","4":"has-post-thumbnail","6":"product_cat-deep-oscillation-es","7":"product_cat-equipos-fisioterapia-y-rehabilitacion-es","8":"product_cat-soluciones-de-fisioterapia","9":"product_tag-linfedema","10":"product_tag-lipedema","11":"product_tag-liposuccion","12":"product_tag-poscirugia","13":"product_shipping_class-standard-es","14":"entry","16":"first","17":"instock","18":"taxable","19":"shipping-taxable","20":"purchasable","21":"product-type-simple"},"yoast_head":"<!-- This site is optimized with the Yoast SEO plugin v27.0 - https:\/\/yoast.com\/product\/yoast-seo-wordpress\/ -->\n<title>DEEP OSCILLATION\u00ae Personal Home Lipedema en lipedema<\/title>\n<meta name=\"description\" content=\"PMed Services Online . DEEP OSCILLATION\u00ae Personal Home Lipedema para el tratamiento conservador del lipedema en diferentes estadios. Uso domiciliario.\" \/>\n<meta name=\"robots\" content=\"index, follow, max-snippet:-1, max-image-preview:large, max-video-preview:-1\" \/>\n<link rel=\"canonical\" href=\"https:\/\/pmed-services.online\/es\/producto\/deep-oscillation-personal-home-lipedema\/\" \/>\n<meta property=\"og:locale\" content=\"es_ES\" \/>\n<meta property=\"og:type\" content=\"article\" \/>\n<meta property=\"og:title\" content=\"DEEP OSCILLATION\u00ae Personal Home Lipedema en lipedema\" \/>\n<meta property=\"og:description\" content=\"PMed Services Online . DEEP OSCILLATION\u00ae Personal Home Lipedema para el tratamiento conservador del lipedema en diferentes estadios. Uso domiciliario.\" \/>\n<meta property=\"og:url\" content=\"https:\/\/pmed-services.online\/es\/producto\/deep-oscillation-personal-home-lipedema\/\" \/>\n<meta property=\"og:site_name\" content=\"PMed Services Online\" \/>\n<meta property=\"article:modified_time\" content=\"2025-06-28T13:55:24+00:00\" \/>\n<meta property=\"og:image\" content=\"https:\/\/pmed-services.online\/wp-content\/uploads\/2024\/06\/DEEP-OSCILLATION-Personal-Home-scaled-e1718911449771.webp\" \/>\n\t<meta property=\"og:image:width\" content=\"371\" \/>\n\t<meta property=\"og:image:height\" content=\"374\" \/>\n\t<meta property=\"og:image:type\" content=\"image\/webp\" \/>\n<meta name=\"twitter:card\" content=\"summary_large_image\" \/>\n<meta name=\"twitter:label1\" content=\"Tiempo de lectura\" \/>\n\t<meta name=\"twitter:data1\" content=\"3 minutos\" \/>\n<script type=\"application\/ld+json\" class=\"yoast-schema-graph\">{\"@context\":\"https:\/\/schema.org\",\"@graph\":[{\"@type\":\"WebPage\",\"@id\":\"https:\/\/pmed-services.online\/es\/producto\/deep-oscillation-personal-home-lipedema\/\",\"url\":\"https:\/\/pmed-services.online\/es\/producto\/deep-oscillation-personal-home-lipedema\/\",\"name\":\"DEEP OSCILLATION\u00ae Personal Home Lipedema en lipedema\",\"isPartOf\":{\"@id\":\"https:\/\/pmed-services.online\/es\/#website\"},\"primaryImageOfPage\":{\"@id\":\"https:\/\/pmed-services.online\/es\/producto\/deep-oscillation-personal-home-lipedema\/#primaryimage\"},\"image\":{\"@id\":\"https:\/\/pmed-services.online\/es\/producto\/deep-oscillation-personal-home-lipedema\/#primaryimage\"},\"thumbnailUrl\":\"https:\/\/pmed-services.online\/wp-content\/uploads\/2024\/06\/DEEP-OSCILLATION-Personal-Home-scaled-e1718911449771.webp\",\"datePublished\":\"2024-06-20T18:19:30+00:00\",\"dateModified\":\"2025-06-28T13:55:24+00:00\",\"description\":\"PMed Services Online . DEEP OSCILLATION\u00ae Personal Home Lipedema para el tratamiento conservador del lipedema en diferentes estadios. Uso domiciliario.\",\"breadcrumb\":{\"@id\":\"https:\/\/pmed-services.online\/es\/producto\/deep-oscillation-personal-home-lipedema\/#breadcrumb\"},\"inLanguage\":\"es\",\"potentialAction\":[{\"@type\":\"ReadAction\",\"target\":[\"https:\/\/pmed-services.online\/es\/producto\/deep-oscillation-personal-home-lipedema\/\"]}]},{\"@type\":\"ImageObject\",\"inLanguage\":\"es\",\"@id\":\"https:\/\/pmed-services.online\/es\/producto\/deep-oscillation-personal-home-lipedema\/#primaryimage\",\"url\":\"https:\/\/pmed-services.online\/wp-content\/uploads\/2024\/06\/DEEP-OSCILLATION-Personal-Home-scaled-e1718911449771.webp\",\"contentUrl\":\"https:\/\/pmed-services.online\/wp-content\/uploads\/2024\/06\/DEEP-OSCILLATION-Personal-Home-scaled-e1718911449771.webp\",\"width\":371,\"height\":374},{\"@type\":\"BreadcrumbList\",\"@id\":\"https:\/\/pmed-services.online\/es\/producto\/deep-oscillation-personal-home-lipedema\/#breadcrumb\",\"itemListElement\":[{\"@type\":\"ListItem\",\"position\":1,\"name\":\"Startseite\",\"item\":\"https:\/\/pmed-services.online\/es\/\"},{\"@type\":\"ListItem\",\"position\":2,\"name\":\"Tienda\",\"item\":\"https:\/\/pmed-services.online\/es\/tienda-online-productos-de-proteccion-y-rehabilitacion\/\"},{\"@type\":\"ListItem\",\"position\":3,\"name\":\"DEEP OSCILLATION\u00ae Personal Home Lipedema\"}]},{\"@type\":\"WebSite\",\"@id\":\"https:\/\/pmed-services.online\/es\/#website\",\"url\":\"https:\/\/pmed-services.online\/es\/\",\"name\":\"PMed Services Online\",\"description\":\"Ihr Webshop f\u00fcr medizinische Produkte\",\"publisher\":{\"@id\":\"https:\/\/pmed-services.online\/es\/#organization\"},\"potentialAction\":[{\"@type\":\"SearchAction\",\"target\":{\"@type\":\"EntryPoint\",\"urlTemplate\":\"https:\/\/pmed-services.online\/es\/?s={search_term_string}\"},\"query-input\":{\"@type\":\"PropertyValueSpecification\",\"valueRequired\":true,\"valueName\":\"search_term_string\"}}],\"inLanguage\":\"es\"},{\"@type\":\"Organization\",\"@id\":\"https:\/\/pmed-services.online\/es\/#organization\",\"name\":\"PMed Services GmbH\",\"url\":\"https:\/\/pmed-services.online\/es\/\",\"logo\":{\"@type\":\"ImageObject\",\"inLanguage\":\"es\",\"@id\":\"https:\/\/pmed-services.online\/es\/#\/schema\/logo\/image\/\",\"url\":\"https:\/\/pmed-services.online\/wp-content\/uploads\/2021\/02\/pmed_serv_logo.png\",\"contentUrl\":\"https:\/\/pmed-services.online\/wp-content\/uploads\/2021\/02\/pmed_serv_logo.png\",\"width\":291,\"height\":51,\"caption\":\"PMed Services GmbH\"},\"image\":{\"@id\":\"https:\/\/pmed-services.online\/es\/#\/schema\/logo\/image\/\"}}]}<\/script>\n<!-- \/ Yoast SEO plugin. -->","yoast_head_json":{"title":"DEEP OSCILLATION\u00ae Personal Home Lipedema en lipedema","description":"PMed Services Online . DEEP OSCILLATION\u00ae Personal Home Lipedema para el tratamiento conservador del lipedema en diferentes estadios. Uso domiciliario.","robots":{"index":"index","follow":"follow","max-snippet":"max-snippet:-1","max-image-preview":"max-image-preview:large","max-video-preview":"max-video-preview:-1"},"canonical":"https:\/\/pmed-services.online\/es\/producto\/deep-oscillation-personal-home-lipedema\/","og_locale":"es_ES","og_type":"article","og_title":"DEEP OSCILLATION\u00ae Personal Home Lipedema en lipedema","og_description":"PMed Services Online . DEEP OSCILLATION\u00ae Personal Home Lipedema para el tratamiento conservador del lipedema en diferentes estadios. Uso domiciliario.","og_url":"https:\/\/pmed-services.online\/es\/producto\/deep-oscillation-personal-home-lipedema\/","og_site_name":"PMed Services Online","article_modified_time":"2025-06-28T13:55:24+00:00","og_image":[{"width":371,"height":374,"url":"https:\/\/pmed-services.online\/wp-content\/uploads\/2024\/06\/DEEP-OSCILLATION-Personal-Home-scaled-e1718911449771.webp","type":"image\/webp"}],"twitter_card":"summary_large_image","twitter_misc":{"Tiempo de lectura":"3 minutos"},"schema":{"@context":"https:\/\/schema.org","@graph":[{"@type":"WebPage","@id":"https:\/\/pmed-services.online\/es\/producto\/deep-oscillation-personal-home-lipedema\/","url":"https:\/\/pmed-services.online\/es\/producto\/deep-oscillation-personal-home-lipedema\/","name":"DEEP OSCILLATION\u00ae Personal Home Lipedema en lipedema","isPartOf":{"@id":"https:\/\/pmed-services.online\/es\/#website"},"primaryImageOfPage":{"@id":"https:\/\/pmed-services.online\/es\/producto\/deep-oscillation-personal-home-lipedema\/#primaryimage"},"image":{"@id":"https:\/\/pmed-services.online\/es\/producto\/deep-oscillation-personal-home-lipedema\/#primaryimage"},"thumbnailUrl":"https:\/\/pmed-services.online\/wp-content\/uploads\/2024\/06\/DEEP-OSCILLATION-Personal-Home-scaled-e1718911449771.webp","datePublished":"2024-06-20T18:19:30+00:00","dateModified":"2025-06-28T13:55:24+00:00","description":"PMed Services Online . DEEP OSCILLATION\u00ae Personal Home Lipedema para el tratamiento conservador del lipedema en diferentes estadios. Uso domiciliario.","breadcrumb":{"@id":"https:\/\/pmed-services.online\/es\/producto\/deep-oscillation-personal-home-lipedema\/#breadcrumb"},"inLanguage":"es","potentialAction":[{"@type":"ReadAction","target":["https:\/\/pmed-services.online\/es\/producto\/deep-oscillation-personal-home-lipedema\/"]}]},{"@type":"ImageObject","inLanguage":"es","@id":"https:\/\/pmed-services.online\/es\/producto\/deep-oscillation-personal-home-lipedema\/#primaryimage","url":"https:\/\/pmed-services.online\/wp-content\/uploads\/2024\/06\/DEEP-OSCILLATION-Personal-Home-scaled-e1718911449771.webp","contentUrl":"https:\/\/pmed-services.online\/wp-content\/uploads\/2024\/06\/DEEP-OSCILLATION-Personal-Home-scaled-e1718911449771.webp","width":371,"height":374},{"@type":"BreadcrumbList","@id":"https:\/\/pmed-services.online\/es\/producto\/deep-oscillation-personal-home-lipedema\/#breadcrumb","itemListElement":[{"@type":"ListItem","position":1,"name":"Startseite","item":"https:\/\/pmed-services.online\/es\/"},{"@type":"ListItem","position":2,"name":"Tienda","item":"https:\/\/pmed-services.online\/es\/tienda-online-productos-de-proteccion-y-rehabilitacion\/"},{"@type":"ListItem","position":3,"name":"DEEP OSCILLATION\u00ae Personal Home Lipedema"}]},{"@type":"WebSite","@id":"https:\/\/pmed-services.online\/es\/#website","url":"https:\/\/pmed-services.online\/es\/","name":"PMed Services Online","description":"Ihr Webshop f\u00fcr medizinische Produkte","publisher":{"@id":"https:\/\/pmed-services.online\/es\/#organization"},"potentialAction":[{"@type":"SearchAction","target":{"@type":"EntryPoint","urlTemplate":"https:\/\/pmed-services.online\/es\/?s={search_term_string}"},"query-input":{"@type":"PropertyValueSpecification","valueRequired":true,"valueName":"search_term_string"}}],"inLanguage":"es"},{"@type":"Organization","@id":"https:\/\/pmed-services.online\/es\/#organization","name":"PMed Services GmbH","url":"https:\/\/pmed-services.online\/es\/","logo":{"@type":"ImageObject","inLanguage":"es","@id":"https:\/\/pmed-services.online\/es\/#\/schema\/logo\/image\/","url":"https:\/\/pmed-services.online\/wp-content\/uploads\/2021\/02\/pmed_serv_logo.png","contentUrl":"https:\/\/pmed-services.online\/wp-content\/uploads\/2021\/02\/pmed_serv_logo.png","width":291,"height":51,"caption":"PMed Services GmbH"},"image":{"@id":"https:\/\/pmed-services.online\/es\/#\/schema\/logo\/image\/"}}]}},"_links":{"self":[{"href":"https:\/\/pmed-services.online\/es\/wp-json\/wp\/v2\/product\/1187","targetHints":{"allow":["GET"]}}],"collection":[{"href":"https:\/\/pmed-services.online\/es\/wp-json\/wp\/v2\/product"}],"about":[{"href":"https:\/\/pmed-services.online\/es\/wp-json\/wp\/v2\/types\/product"}],"replies":[{"embeddable":true,"href":"https:\/\/pmed-services.online\/es\/wp-json\/wp\/v2\/comments?post=1187"}],"wp:featuredmedia":[{"embeddable":true,"href":"https:\/\/pmed-services.online\/es\/wp-json\/wp\/v2\/media\/1198"}],"wp:attachment":[{"href":"https:\/\/pmed-services.online\/es\/wp-json\/wp\/v2\/media?parent=1187"}],"wp:term":[{"taxonomy":"product_brand","embeddable":true,"href":"https:\/\/pmed-services.online\/es\/wp-json\/wp\/v2\/product_brand?post=1187"},{"taxonomy":"product_cat","embeddable":true,"href":"https:\/\/pmed-services.online\/es\/wp-json\/wp\/v2\/product_cat?post=1187"},{"taxonomy":"product_tag","embeddable":true,"href":"https:\/\/pmed-services.online\/es\/wp-json\/wp\/v2\/product_tag?post=1187"}],"curies":[{"name":"wp","href":"https:\/\/api.w.org\/{rel}","templated":true}]}}