{"id":1214,"date":"2024-08-18T15:37:32","date_gmt":"2024-08-18T13:37:32","guid":{"rendered":"https:\/\/pmed-services.online\/?post_type=product&#038;p=1214"},"modified":"2024-08-18T15:43:11","modified_gmt":"2024-08-18T13:43:11","slug":"terapia-inductiva","status":"publish","type":"product","link":"https:\/\/pmed-services.online\/es\/producto\/terapia-inductiva\/","title":{"rendered":"Equipo de Terapia Inductiva de Alta Energ\u00eda M-TEC MAG S"},"content":{"rendered":"<p>El equipo M-TEC MAG S es un sistema de Terapia Inductiva de Alta Energ\u00eda de campo m\u00e1gnetico.<\/p>\n<p>La innovadora terapia inductiva de alta energ\u00eda tambi\u00e9n conocida, como sistema de campo m\u00e1gnetico de alta intensidad, establece nuevos est\u00e1ndares en el tratamiento para el manejo del dolor, favorece el tono muscular, mejora la circulaci\u00f3n sangu\u00ednea y activa el proceso de regeneraci\u00f3n.<\/p>\n<p><strong>Principio de funcionamiento<\/strong><\/p>\n<p>El M-Tec Mag S genera un campo magn\u00e9tico de 3 Tesla, que es aproximadamente 600 veces m\u00e1s fuerte que una barra magn\u00e9tica normal. En consecuencia, este fuerte campo magn\u00e9tico estimula las c\u00e9lulas nerviosas, los m\u00fasculos y los vasos sangu\u00edneos.<\/p>\n<p>Los campos electromagn\u00e9ticos pueden atravesar c\u00e9lulas, tejidos, \u00f3rganos y huesos sin deformaci\u00f3n ni p\u00e9rdida, activar la electroqu\u00edmica de los tejidos y mejorar la funci\u00f3n de las c\u00e9lulas y las membranas celulares.<\/p>\n<p><strong>Datos t\u00e9cnicos<\/strong><\/p>\n<ul>\n<li>2 canales independientes<\/li>\n<li>Potencia de salida m\u00e1xima de 3 Tesla<\/li>\n<li>Aplicadores de 2 tama\u00f1os<\/li>\n<li>Frecuencia de trabajo: 1- 150Hz<\/li>\n<li>Tiempo tratamiento: 1 &#8211; 60 minutos<\/li>\n<li>20 programas de tratamiento<\/li>\n<\/ul>\n","protected":false},"excerpt":{"rendered":"<p>Equipo de campo magn\u00e9tico de alta intensidad <strong>M-TEC MAG S<\/strong> ,es un sistema de Terapia Inductiva de Alta Energ\u00eda para uso en el campo de la medicina f\u00edsica y la rehabilitaci\u00f3n deportiva.<\/p>\n","protected":false},"featured_media":1215,"comment_status":"open","ping_status":"closed","template":"","meta":{"_genesis_hide_title":false,"_genesis_hide_breadcrumbs":false,"_genesis_hide_singular_image":false,"_genesis_hide_footer_widgets":false,"_genesis_custom_body_class":"","_genesis_custom_post_class":"","_genesis_layout":""},"product_brand":[],"product_cat":[96,244],"product_tag":[251,249,250],"class_list":{"0":"post-1214","1":"product","2":"type-product","3":"status-publish","4":"has-post-thumbnail","6":"product_cat-equipos-fisioterapia-y-rehabilitacion-es","7":"product_cat-soluciones-de-fisioterapia","8":"product_tag-alto-campo-magnetico","9":"product_tag-terapia-inductiva","10":"product_tag-terapia-superinductiva","11":"product_shipping_class-vehiculo-de-carga","12":"entry","14":"first","15":"instock","16":"taxable","17":"shipping-taxable","18":"purchasable","19":"product-type-simple"},"yoast_head":"<!-- This site is optimized with the Yoast SEO plugin v27.0 - https:\/\/yoast.com\/product\/yoast-seo-wordpress\/ -->\n<title>Equipo de Terapia Inductiva de Alta Energ\u00eda M-TEC MAG S - PMed Services Online<\/title>\n<meta name=\"description\" content=\"PMed Services Online ofrece soluciones de alta tecnolog\u00eda como el Equipo de Terapia Inductiva de Alta Energ\u00eda M-TEC MAG S para el uso en fisioterapia.\" \/>\n<meta name=\"robots\" content=\"index, follow, max-snippet:-1, max-image-preview:large, max-video-preview:-1\" \/>\n<link rel=\"canonical\" href=\"https:\/\/pmed-services.online\/es\/producto\/terapia-inductiva\/\" \/>\n<meta property=\"og:locale\" content=\"es_ES\" \/>\n<meta property=\"og:type\" content=\"article\" \/>\n<meta property=\"og:title\" content=\"Equipo de Terapia Inductiva de Alta Energ\u00eda M-TEC MAG S - PMed Services Online\" \/>\n<meta property=\"og:description\" content=\"PMed Services Online ofrece soluciones de alta tecnolog\u00eda como el Equipo de Terapia Inductiva de Alta Energ\u00eda M-TEC MAG S para el uso en fisioterapia.\" \/>\n<meta property=\"og:url\" content=\"https:\/\/pmed-services.online\/es\/producto\/terapia-inductiva\/\" \/>\n<meta property=\"og:site_name\" content=\"PMed Services Online\" \/>\n<meta property=\"article:modified_time\" content=\"2024-08-18T13:43:11+00:00\" \/>\n<meta property=\"og:image\" content=\"https:\/\/pmed-services.online\/wp-content\/uploads\/2024\/08\/M-Tec-Mag-S_bearbeitet-korrigiert-2592x3872-1-e1723988564530.png\" \/>\n\t<meta property=\"og:image:width\" content=\"669\" \/>\n\t<meta property=\"og:image:height\" content=\"1000\" \/>\n\t<meta property=\"og:image:type\" content=\"image\/png\" \/>\n<meta name=\"twitter:card\" content=\"summary_large_image\" \/>\n<meta name=\"twitter:label1\" content=\"Tiempo de lectura\" \/>\n\t<meta name=\"twitter:data1\" content=\"1 minuto\" \/>\n<script type=\"application\/ld+json\" class=\"yoast-schema-graph\">{\"@context\":\"https:\/\/schema.org\",\"@graph\":[{\"@type\":\"WebPage\",\"@id\":\"https:\/\/pmed-services.online\/es\/producto\/terapia-inductiva\/\",\"url\":\"https:\/\/pmed-services.online\/es\/producto\/terapia-inductiva\/\",\"name\":\"Equipo de Terapia Inductiva de Alta Energ\u00eda M-TEC MAG S - PMed Services Online\",\"isPartOf\":{\"@id\":\"https:\/\/pmed-services.online\/es\/#website\"},\"primaryImageOfPage\":{\"@id\":\"https:\/\/pmed-services.online\/es\/producto\/terapia-inductiva\/#primaryimage\"},\"image\":{\"@id\":\"https:\/\/pmed-services.online\/es\/producto\/terapia-inductiva\/#primaryimage\"},\"thumbnailUrl\":\"https:\/\/pmed-services.online\/wp-content\/uploads\/2024\/08\/M-Tec-Mag-S_bearbeitet-korrigiert-2592x3872-1-e1723988564530.png\",\"datePublished\":\"2024-08-18T13:37:32+00:00\",\"dateModified\":\"2024-08-18T13:43:11+00:00\",\"description\":\"PMed Services Online ofrece soluciones de alta tecnolog\u00eda como el Equipo de Terapia Inductiva de Alta Energ\u00eda M-TEC MAG S para el uso en fisioterapia.\",\"breadcrumb\":{\"@id\":\"https:\/\/pmed-services.online\/es\/producto\/terapia-inductiva\/#breadcrumb\"},\"inLanguage\":\"es\",\"potentialAction\":[{\"@type\":\"ReadAction\",\"target\":[\"https:\/\/pmed-services.online\/es\/producto\/terapia-inductiva\/\"]}]},{\"@type\":\"ImageObject\",\"inLanguage\":\"es\",\"@id\":\"https:\/\/pmed-services.online\/es\/producto\/terapia-inductiva\/#primaryimage\",\"url\":\"https:\/\/pmed-services.online\/wp-content\/uploads\/2024\/08\/M-Tec-Mag-S_bearbeitet-korrigiert-2592x3872-1-e1723988564530.png\",\"contentUrl\":\"https:\/\/pmed-services.online\/wp-content\/uploads\/2024\/08\/M-Tec-Mag-S_bearbeitet-korrigiert-2592x3872-1-e1723988564530.png\",\"width\":669,\"height\":1000},{\"@type\":\"BreadcrumbList\",\"@id\":\"https:\/\/pmed-services.online\/es\/producto\/terapia-inductiva\/#breadcrumb\",\"itemListElement\":[{\"@type\":\"ListItem\",\"position\":1,\"name\":\"Startseite\",\"item\":\"https:\/\/pmed-services.online\/es\/\"},{\"@type\":\"ListItem\",\"position\":2,\"name\":\"Tienda\",\"item\":\"https:\/\/pmed-services.online\/es\/tienda-online-productos-de-proteccion-y-rehabilitacion\/\"},{\"@type\":\"ListItem\",\"position\":3,\"name\":\"Equipo de Terapia Inductiva de Alta Energ\u00eda M-TEC MAG S\"}]},{\"@type\":\"WebSite\",\"@id\":\"https:\/\/pmed-services.online\/es\/#website\",\"url\":\"https:\/\/pmed-services.online\/es\/\",\"name\":\"PMed Services Online\",\"description\":\"Ihr Webshop f\u00fcr medizinische Produkte\",\"publisher\":{\"@id\":\"https:\/\/pmed-services.online\/es\/#organization\"},\"potentialAction\":[{\"@type\":\"SearchAction\",\"target\":{\"@type\":\"EntryPoint\",\"urlTemplate\":\"https:\/\/pmed-services.online\/es\/?s={search_term_string}\"},\"query-input\":{\"@type\":\"PropertyValueSpecification\",\"valueRequired\":true,\"valueName\":\"search_term_string\"}}],\"inLanguage\":\"es\"},{\"@type\":\"Organization\",\"@id\":\"https:\/\/pmed-services.online\/es\/#organization\",\"name\":\"PMed Services GmbH\",\"url\":\"https:\/\/pmed-services.online\/es\/\",\"logo\":{\"@type\":\"ImageObject\",\"inLanguage\":\"es\",\"@id\":\"https:\/\/pmed-services.online\/es\/#\/schema\/logo\/image\/\",\"url\":\"https:\/\/pmed-services.online\/wp-content\/uploads\/2021\/02\/pmed_serv_logo.png\",\"contentUrl\":\"https:\/\/pmed-services.online\/wp-content\/uploads\/2021\/02\/pmed_serv_logo.png\",\"width\":291,\"height\":51,\"caption\":\"PMed Services GmbH\"},\"image\":{\"@id\":\"https:\/\/pmed-services.online\/es\/#\/schema\/logo\/image\/\"}}]}<\/script>\n<!-- \/ Yoast SEO plugin. -->","yoast_head_json":{"title":"Equipo de Terapia Inductiva de Alta Energ\u00eda M-TEC MAG S - PMed Services Online","description":"PMed Services Online ofrece soluciones de alta tecnolog\u00eda como el Equipo de Terapia Inductiva de Alta Energ\u00eda M-TEC MAG S para el uso en fisioterapia.","robots":{"index":"index","follow":"follow","max-snippet":"max-snippet:-1","max-image-preview":"max-image-preview:large","max-video-preview":"max-video-preview:-1"},"canonical":"https:\/\/pmed-services.online\/es\/producto\/terapia-inductiva\/","og_locale":"es_ES","og_type":"article","og_title":"Equipo de Terapia Inductiva de Alta Energ\u00eda M-TEC MAG S - PMed Services Online","og_description":"PMed Services Online ofrece soluciones de alta tecnolog\u00eda como el Equipo de Terapia Inductiva de Alta Energ\u00eda M-TEC MAG S para el uso en fisioterapia.","og_url":"https:\/\/pmed-services.online\/es\/producto\/terapia-inductiva\/","og_site_name":"PMed Services Online","article_modified_time":"2024-08-18T13:43:11+00:00","og_image":[{"width":669,"height":1000,"url":"https:\/\/pmed-services.online\/wp-content\/uploads\/2024\/08\/M-Tec-Mag-S_bearbeitet-korrigiert-2592x3872-1-e1723988564530.png","type":"image\/png"}],"twitter_card":"summary_large_image","twitter_misc":{"Tiempo de lectura":"1 minuto"},"schema":{"@context":"https:\/\/schema.org","@graph":[{"@type":"WebPage","@id":"https:\/\/pmed-services.online\/es\/producto\/terapia-inductiva\/","url":"https:\/\/pmed-services.online\/es\/producto\/terapia-inductiva\/","name":"Equipo de Terapia Inductiva de Alta Energ\u00eda M-TEC MAG S - PMed Services Online","isPartOf":{"@id":"https:\/\/pmed-services.online\/es\/#website"},"primaryImageOfPage":{"@id":"https:\/\/pmed-services.online\/es\/producto\/terapia-inductiva\/#primaryimage"},"image":{"@id":"https:\/\/pmed-services.online\/es\/producto\/terapia-inductiva\/#primaryimage"},"thumbnailUrl":"https:\/\/pmed-services.online\/wp-content\/uploads\/2024\/08\/M-Tec-Mag-S_bearbeitet-korrigiert-2592x3872-1-e1723988564530.png","datePublished":"2024-08-18T13:37:32+00:00","dateModified":"2024-08-18T13:43:11+00:00","description":"PMed Services Online ofrece soluciones de alta tecnolog\u00eda como el Equipo de Terapia Inductiva de Alta Energ\u00eda M-TEC MAG S para el uso en fisioterapia.","breadcrumb":{"@id":"https:\/\/pmed-services.online\/es\/producto\/terapia-inductiva\/#breadcrumb"},"inLanguage":"es","potentialAction":[{"@type":"ReadAction","target":["https:\/\/pmed-services.online\/es\/producto\/terapia-inductiva\/"]}]},{"@type":"ImageObject","inLanguage":"es","@id":"https:\/\/pmed-services.online\/es\/producto\/terapia-inductiva\/#primaryimage","url":"https:\/\/pmed-services.online\/wp-content\/uploads\/2024\/08\/M-Tec-Mag-S_bearbeitet-korrigiert-2592x3872-1-e1723988564530.png","contentUrl":"https:\/\/pmed-services.online\/wp-content\/uploads\/2024\/08\/M-Tec-Mag-S_bearbeitet-korrigiert-2592x3872-1-e1723988564530.png","width":669,"height":1000},{"@type":"BreadcrumbList","@id":"https:\/\/pmed-services.online\/es\/producto\/terapia-inductiva\/#breadcrumb","itemListElement":[{"@type":"ListItem","position":1,"name":"Startseite","item":"https:\/\/pmed-services.online\/es\/"},{"@type":"ListItem","position":2,"name":"Tienda","item":"https:\/\/pmed-services.online\/es\/tienda-online-productos-de-proteccion-y-rehabilitacion\/"},{"@type":"ListItem","position":3,"name":"Equipo de Terapia Inductiva de Alta Energ\u00eda M-TEC MAG S"}]},{"@type":"WebSite","@id":"https:\/\/pmed-services.online\/es\/#website","url":"https:\/\/pmed-services.online\/es\/","name":"PMed Services Online","description":"Ihr Webshop f\u00fcr medizinische Produkte","publisher":{"@id":"https:\/\/pmed-services.online\/es\/#organization"},"potentialAction":[{"@type":"SearchAction","target":{"@type":"EntryPoint","urlTemplate":"https:\/\/pmed-services.online\/es\/?s={search_term_string}"},"query-input":{"@type":"PropertyValueSpecification","valueRequired":true,"valueName":"search_term_string"}}],"inLanguage":"es"},{"@type":"Organization","@id":"https:\/\/pmed-services.online\/es\/#organization","name":"PMed Services GmbH","url":"https:\/\/pmed-services.online\/es\/","logo":{"@type":"ImageObject","inLanguage":"es","@id":"https:\/\/pmed-services.online\/es\/#\/schema\/logo\/image\/","url":"https:\/\/pmed-services.online\/wp-content\/uploads\/2021\/02\/pmed_serv_logo.png","contentUrl":"https:\/\/pmed-services.online\/wp-content\/uploads\/2021\/02\/pmed_serv_logo.png","width":291,"height":51,"caption":"PMed Services GmbH"},"image":{"@id":"https:\/\/pmed-services.online\/es\/#\/schema\/logo\/image\/"}}]}},"_links":{"self":[{"href":"https:\/\/pmed-services.online\/es\/wp-json\/wp\/v2\/product\/1214","targetHints":{"allow":["GET"]}}],"collection":[{"href":"https:\/\/pmed-services.online\/es\/wp-json\/wp\/v2\/product"}],"about":[{"href":"https:\/\/pmed-services.online\/es\/wp-json\/wp\/v2\/types\/product"}],"replies":[{"embeddable":true,"href":"https:\/\/pmed-services.online\/es\/wp-json\/wp\/v2\/comments?post=1214"}],"wp:featuredmedia":[{"embeddable":true,"href":"https:\/\/pmed-services.online\/es\/wp-json\/wp\/v2\/media\/1215"}],"wp:attachment":[{"href":"https:\/\/pmed-services.online\/es\/wp-json\/wp\/v2\/media?parent=1214"}],"wp:term":[{"taxonomy":"product_brand","embeddable":true,"href":"https:\/\/pmed-services.online\/es\/wp-json\/wp\/v2\/product_brand?post=1214"},{"taxonomy":"product_cat","embeddable":true,"href":"https:\/\/pmed-services.online\/es\/wp-json\/wp\/v2\/product_cat?post=1214"},{"taxonomy":"product_tag","embeddable":true,"href":"https:\/\/pmed-services.online\/es\/wp-json\/wp\/v2\/product_tag?post=1214"}],"curies":[{"name":"wp","href":"https:\/\/api.w.org\/{rel}","templated":true}]}}