{"id":14161,"date":"2025-06-22T15:46:18","date_gmt":"2025-06-22T13:46:18","guid":{"rendered":"https:\/\/pmed-services.online\/?post_type=product&#038;p=14161"},"modified":"2025-06-22T16:29:05","modified_gmt":"2025-06-22T14:29:05","slug":"icaros-health-rehabilitacion-neuromuscular","status":"publish","type":"product","link":"https:\/\/pmed-services.online\/es\/producto\/icaros-health-rehabilitacion-neuromuscular\/","title":{"rendered":"ICAROS Health \u2013 Rehabilitaci\u00f3n Neuromuscular del Core"},"content":{"rendered":"<div id=\"pl-14161\"  class=\"panel-layout\" ><div id=\"pg-14161-0\"  class=\"panel-grid panel-no-style\" ><div id=\"pgc-14161-0-0\"  class=\"panel-grid-cell\" ><div id=\"panel-14161-0-0-0\" class=\"so-panel widget widget_sow-editor panel-first-child panel-last-child\" data-index=\"0\" ><div\n\t\t\t\n\t\t\tclass=\"so-widget-sow-editor so-widget-sow-editor-base\"\n\t\t\t\n\t\t>\n<div class=\"siteorigin-widget-tinymce textwidget\">\n\t<p><strong>ICAROS Health<\/strong> \u2013 Movimiento. Rehabilitaci\u00f3n. Innovaci\u00f3n.<\/p>\n<p><strong>Descripci\u00f3n del producto<\/strong><br \/>\n<strong>ICAROS Health<\/strong> es un sistema de rehabilitaci\u00f3n terap\u00e9utica de \u00faltima generaci\u00f3n que combina realidad virtual inmersiva, entrenamiento neuromuscular y precisi\u00f3n biomec\u00e1nica para transformar la fisioterapia tradicional en una experiencia eficaz y altamente motivadora. Est\u00e1 dise\u00f1ado para mejorar la estabilidad, fuerza, movilidad y control postural, especialmente en pacientes con trastornos neurol\u00f3gicos, ortop\u00e9dicos y del equilibrio.<br \/>\nFabricado en Alemania con est\u00e1ndares m\u00e9dicos, ICAROS Health ofrece una plataforma ajustable y segura, combinada con software cl\u00ednico validado.<br \/>\n________________________________________<br \/>\n\ud83c\udfaf<strong> \u00bfQu\u00e9 hace \u00fanico a ICAROS Health?<\/strong><br \/>\nCaracter\u00edstica Beneficio Directo<br \/>\n<strong><a href=\"https:\/\/youtu.be\/oGGlFdIaTdM?feature=shared\">Realidad Virtual Inmersiva<\/a><\/strong> Motiva al paciente, reduce percepci\u00f3n de esfuerzo y promueve la constancia<br \/>\n- Aplicaci\u00f3n en <strong>Neurorehabilitaci\u00f3n<\/strong>: Mejora la plasticidad cerebral, la coordinaci\u00f3n motora y el control postural<br \/>\n- <strong>Entrenamiento profundo del Core<\/strong>: Fortalece m\u00fasculos estabilizadores, reduce dolores lumbares y mejora la postura<br \/>\n- Retroalimentaci\u00f3n en tiempo real: Ayuda a la correcci\u00f3n del movimiento y optimiza el aprendizaje motor<br \/>\n- <strong>Evaluaci\u00f3n <\/strong>y progreso monitorizado: Permite al terapeuta ajustar planes personalizados y mostrar resultados<br \/>\n- <strong>Gamificaci\u00f3n <\/strong>terap\u00e9utica: Mejora el estado an\u00edmico del paciente y reduce el aburrimiento durante sesiones<br \/>\n- <strong>Dise\u00f1o ergon\u00f3mico <\/strong>y adaptable: Se ajusta a diferentes tipos de pacientes y patolog\u00edas<br \/>\n- Dise\u00f1o y <strong>tecnolog\u00eda alemana<\/strong>: Alta durabilidad, precisi\u00f3n mec\u00e1nica y fiabilidad cl\u00ednica<\/p>\n<p><strong>Como funciona ICAROS Health<\/strong><br \/>\nEl paciente se colaca en el equipo y mediante movimientos compensatorios y contracciones de los m\u00fasculos del tronco y la columna vertebral intenta seguir un objetivo de entrenamiento mediante feedback visual, esos movimientos permiten fortalecer la musculatura aut\u00f3ctona de la columna vertebral y el tronco.<\/p>\n<p><iframe loading=\"lazy\" title=\"ICAROS Health Introduction - English\" width=\"500\" height=\"281\" src=\"https:\/\/www.youtube.com\/embed\/oGGlFdIaTdM?feature=oembed\" frameborder=\"0\" allow=\"accelerometer; autoplay; clipboard-write; encrypted-media; gyroscope; picture-in-picture; web-share\" referrerpolicy=\"strict-origin-when-cross-origin\" allowfullscreen><\/iframe><\/p>\n<p>Beneficios terap\u00e9uticos y efectos de la rehabilitaci\u00f3n con <strong>ICAROS Health<\/strong><br \/>\n\ud83d\udd39 <strong>Fisiol\u00f3gicos<\/strong><br \/>\nAumento de la fuerza muscular: especialmente en la musculatura del core, espalda baja, gl\u00fateos y extremidades.<br \/>\nMejor <strong>coordinaci\u00f3n intermuscular<\/strong>: gracias a ejercicios multiaxiales y de inestabilidad.<br \/>\n<strong>Activaci\u00f3n del sistema vestibular<\/strong>: mejora el equilibrio, la orientaci\u00f3n espacial y la propiocepci\u00f3n.<br \/>\n<strong>Mejora del metabolismo<\/strong>: se queman hasta un 30\u202f% m\u00e1s de calor\u00edas que en ejercicios tradicionales en suelo.<br \/>\n<strong>Reducci\u00f3n del dolor lumbar cr\u00f3nico<\/strong>: cl\u00ednicamente probado tras ciclos de entrenamiento de 12 semanas.<br \/>\n<strong>Aceleraci\u00f3n de la recuperaci\u00f3n postural<\/strong> en pacientes con atrofia muscular o inmovilidad prolongada.<br \/>\n\ud83d\udd39 <strong>Neurol\u00f3gicos<\/strong><br \/>\nEstimulaci\u00f3n de la <strong>neuroplasticidad<\/strong>: especialmente \u00fatil en rehabilitaci\u00f3n post-ictus, esclerosis m\u00faltiple y da\u00f1o cerebral adquirido.<br \/>\nDesarrollo del <strong>control motor fino y grueso<\/strong><br \/>\nActivaci\u00f3n de redes cerebrales multisensoriales: visi\u00f3n, equilibrio, coordinaci\u00f3n, movimiento y concentraci\u00f3n.<br \/>\nIncremento de la motivaci\u00f3n neurocognitiva: gracias a la interacci\u00f3n en entornos virtuales atractivos.<br \/>\n\ud83d\udd39 <strong>Psicol\u00f3gicos y emocionales<\/strong><br \/>\nMayor motivaci\u00f3n y adherencia terap\u00e9utica<br \/>\nReducci\u00f3n del estr\u00e9s y la ansiedad relacionados con la rehabilitaci\u00f3n<br \/>\nMayor sensaci\u00f3n de logro y autonom\u00eda del paciente<br \/>\nMejora de la autoestima y percepci\u00f3n del avance<\/p>\n<p>\ud83d\udcc8 <strong>Resultados cl\u00ednicos comprobados<\/strong><br \/>\n+25,8\u202f% de mejora muscular en 12 semanas de entrenamiento<br \/>\n30\u202f% m\u00e1s calor\u00edas quemadas comparado con ejercicios en suelo<br \/>\nDisminuci\u00f3n significativa del dolor lumbar cr\u00f3nico<br \/>\nAlto grado de satisfacci\u00f3n del paciente (estudios en el ADELI Medical Center y universidades europeas)<\/p>\n<\/div>\n<\/div><\/div><\/div><\/div><\/div>","protected":false},"excerpt":{"rendered":"<p><strong>ICAROS Health<\/strong> \u2013 Rehabilitaci\u00f3n inmersiva del Core con tecnolog\u00eda de vanguardia.<br \/>\nICAROS Health es un sistema terap\u00e9utico innovador que combina ejercicio f\u00edsico con realidad virtual para mejorar la fuerza, el equilibrio y la coordinaci\u00f3n de los musculos de la columna vertebral y el tronco.<br \/>\nDise\u00f1ado para cl\u00ednicas y centros de rehabilitaci\u00f3n, motiva a los pacientes con experiencias interactivas mientras fortalece el cuerpo de forma segura y eficaz.<br \/>\n<strong>Solicitar una oferta<\/strong> o m\u00e1s informaci\u00f3n <a href=\"https:\/\/pmed-services.online\/es\/contacto\/\">Contacto<\/a><\/p>\n","protected":false},"featured_media":14162,"comment_status":"open","ping_status":"closed","template":"","meta":{"_genesis_hide_title":false,"_genesis_hide_breadcrumbs":false,"_genesis_hide_singular_image":false,"_genesis_hide_footer_widgets":false,"_genesis_custom_body_class":"","_genesis_custom_post_class":"","_genesis_layout":""},"product_brand":[],"product_cat":[240,96,244],"product_tag":[268,269,271,267,273,270,272],"class_list":{"0":"post-14161","1":"product","2":"type-product","3":"status-publish","4":"has-post-thumbnail","6":"product_cat-analisis-biomecanico","7":"product_cat-equipos-fisioterapia-y-rehabilitacion-es","8":"product_cat-soluciones-de-fisioterapia","9":"product_tag-back-pain","10":"product_tag-control-motor","11":"product_tag-control-postural","12":"product_tag-icaros-health","13":"product_tag-neurorehabilitacion","14":"product_tag-realidad-virtual","15":"product_tag-rehabilitacion-del-core","16":"product_shipping_class-vehiculo-de-carga","17":"entry","19":"first","20":"instock","21":"taxable","22":"shipping-taxable","23":"product-type-simple"},"yoast_head":"<!-- This site is optimized with the Yoast SEO plugin v27.0 - https:\/\/yoast.com\/product\/yoast-seo-wordpress\/ -->\n<title>ICAROS Health \u2013 Rehabilitaci\u00f3n Neuromuscular del Core - PMed Services Online<\/title>\n<meta name=\"robots\" content=\"index, follow, max-snippet:-1, max-image-preview:large, max-video-preview:-1\" \/>\n<link rel=\"canonical\" href=\"https:\/\/pmed-services.online\/es\/producto\/icaros-health-rehabilitacion-neuromuscular\/\" \/>\n<meta property=\"og:locale\" content=\"es_ES\" \/>\n<meta property=\"og:type\" content=\"article\" \/>\n<meta property=\"og:title\" content=\"ICAROS Health \u2013 Rehabilitaci\u00f3n Neuromuscular del Core - PMed Services Online\" \/>\n<meta property=\"og:description\" content=\"ICAROS Health \u2013 Rehabilitaci\u00f3n inmersiva del Core con tecnolog\u00eda de vanguardia. ICAROS Health es un sistema terap\u00e9utico innovador que combina ejercicio f\u00edsico con realidad virtual para mejorar la fuerza, el equilibrio y la coordinaci\u00f3n de los musculos de la columna vertebral y el tronco.  Dise\u00f1ado para cl\u00ednicas y centros de rehabilitaci\u00f3n, motiva a los pacientes con experiencias interactivas mientras fortalece el cuerpo de forma segura y eficaz. Solicitar una oferta o m\u00e1s informaci\u00f3n Contacto\" \/>\n<meta property=\"og:url\" content=\"https:\/\/pmed-services.online\/es\/producto\/icaros-health-rehabilitacion-neuromuscular\/\" \/>\n<meta property=\"og:site_name\" content=\"PMed Services Online\" \/>\n<meta property=\"article:modified_time\" content=\"2025-06-22T14:29:05+00:00\" \/>\n<meta property=\"og:image\" content=\"https:\/\/pmed-services.online\/wp-content\/uploads\/2025\/06\/Health25_Tooltip.jpg\" \/>\n\t<meta property=\"og:image:width\" content=\"1546\" \/>\n\t<meta property=\"og:image:height\" content=\"1000\" \/>\n\t<meta property=\"og:image:type\" content=\"image\/jpeg\" \/>\n<meta name=\"twitter:card\" content=\"summary_large_image\" \/>\n<meta name=\"twitter:label1\" content=\"Tiempo de lectura\" \/>\n\t<meta name=\"twitter:data1\" content=\"3 minutos\" \/>\n<script type=\"application\/ld+json\" class=\"yoast-schema-graph\">{\"@context\":\"https:\/\/schema.org\",\"@graph\":[{\"@type\":\"WebPage\",\"@id\":\"https:\/\/pmed-services.online\/es\/producto\/icaros-health-rehabilitacion-neuromuscular\/\",\"url\":\"https:\/\/pmed-services.online\/es\/producto\/icaros-health-rehabilitacion-neuromuscular\/\",\"name\":\"ICAROS Health \u2013 Rehabilitaci\u00f3n Neuromuscular del Core - PMed Services Online\",\"isPartOf\":{\"@id\":\"https:\/\/pmed-services.online\/es\/#website\"},\"primaryImageOfPage\":{\"@id\":\"https:\/\/pmed-services.online\/es\/producto\/icaros-health-rehabilitacion-neuromuscular\/#primaryimage\"},\"image\":{\"@id\":\"https:\/\/pmed-services.online\/es\/producto\/icaros-health-rehabilitacion-neuromuscular\/#primaryimage\"},\"thumbnailUrl\":\"https:\/\/pmed-services.online\/wp-content\/uploads\/2025\/06\/Health25_Tooltip.jpg\",\"datePublished\":\"2025-06-22T13:46:18+00:00\",\"dateModified\":\"2025-06-22T14:29:05+00:00\",\"breadcrumb\":{\"@id\":\"https:\/\/pmed-services.online\/es\/producto\/icaros-health-rehabilitacion-neuromuscular\/#breadcrumb\"},\"inLanguage\":\"es\",\"potentialAction\":[{\"@type\":\"ReadAction\",\"target\":[\"https:\/\/pmed-services.online\/es\/producto\/icaros-health-rehabilitacion-neuromuscular\/\"]}]},{\"@type\":\"ImageObject\",\"inLanguage\":\"es\",\"@id\":\"https:\/\/pmed-services.online\/es\/producto\/icaros-health-rehabilitacion-neuromuscular\/#primaryimage\",\"url\":\"https:\/\/pmed-services.online\/wp-content\/uploads\/2025\/06\/Health25_Tooltip.jpg\",\"contentUrl\":\"https:\/\/pmed-services.online\/wp-content\/uploads\/2025\/06\/Health25_Tooltip.jpg\",\"width\":1546,\"height\":1000},{\"@type\":\"BreadcrumbList\",\"@id\":\"https:\/\/pmed-services.online\/es\/producto\/icaros-health-rehabilitacion-neuromuscular\/#breadcrumb\",\"itemListElement\":[{\"@type\":\"ListItem\",\"position\":1,\"name\":\"Startseite\",\"item\":\"https:\/\/pmed-services.online\/es\/\"},{\"@type\":\"ListItem\",\"position\":2,\"name\":\"Tienda\",\"item\":\"https:\/\/pmed-services.online\/es\/tienda-online-productos-de-proteccion-y-rehabilitacion\/\"},{\"@type\":\"ListItem\",\"position\":3,\"name\":\"ICAROS Health \u2013 Rehabilitaci\u00f3n Neuromuscular del Core\"}]},{\"@type\":\"WebSite\",\"@id\":\"https:\/\/pmed-services.online\/es\/#website\",\"url\":\"https:\/\/pmed-services.online\/es\/\",\"name\":\"PMed Services Online\",\"description\":\"Ihr Webshop f\u00fcr medizinische Produkte\",\"publisher\":{\"@id\":\"https:\/\/pmed-services.online\/es\/#organization\"},\"potentialAction\":[{\"@type\":\"SearchAction\",\"target\":{\"@type\":\"EntryPoint\",\"urlTemplate\":\"https:\/\/pmed-services.online\/es\/?s={search_term_string}\"},\"query-input\":{\"@type\":\"PropertyValueSpecification\",\"valueRequired\":true,\"valueName\":\"search_term_string\"}}],\"inLanguage\":\"es\"},{\"@type\":\"Organization\",\"@id\":\"https:\/\/pmed-services.online\/es\/#organization\",\"name\":\"PMed Services GmbH\",\"url\":\"https:\/\/pmed-services.online\/es\/\",\"logo\":{\"@type\":\"ImageObject\",\"inLanguage\":\"es\",\"@id\":\"https:\/\/pmed-services.online\/es\/#\/schema\/logo\/image\/\",\"url\":\"https:\/\/pmed-services.online\/wp-content\/uploads\/2021\/02\/pmed_serv_logo.png\",\"contentUrl\":\"https:\/\/pmed-services.online\/wp-content\/uploads\/2021\/02\/pmed_serv_logo.png\",\"width\":291,\"height\":51,\"caption\":\"PMed Services GmbH\"},\"image\":{\"@id\":\"https:\/\/pmed-services.online\/es\/#\/schema\/logo\/image\/\"}}]}<\/script>\n<!-- \/ Yoast SEO plugin. -->","yoast_head_json":{"title":"ICAROS Health \u2013 Rehabilitaci\u00f3n Neuromuscular del Core - PMed Services Online","robots":{"index":"index","follow":"follow","max-snippet":"max-snippet:-1","max-image-preview":"max-image-preview:large","max-video-preview":"max-video-preview:-1"},"canonical":"https:\/\/pmed-services.online\/es\/producto\/icaros-health-rehabilitacion-neuromuscular\/","og_locale":"es_ES","og_type":"article","og_title":"ICAROS Health \u2013 Rehabilitaci\u00f3n Neuromuscular del Core - PMed Services Online","og_description":"ICAROS Health \u2013 Rehabilitaci\u00f3n inmersiva del Core con tecnolog\u00eda de vanguardia. ICAROS Health es un sistema terap\u00e9utico innovador que combina ejercicio f\u00edsico con realidad virtual para mejorar la fuerza, el equilibrio y la coordinaci\u00f3n de los musculos de la columna vertebral y el tronco.  Dise\u00f1ado para cl\u00ednicas y centros de rehabilitaci\u00f3n, motiva a los pacientes con experiencias interactivas mientras fortalece el cuerpo de forma segura y eficaz. Solicitar una oferta o m\u00e1s informaci\u00f3n Contacto","og_url":"https:\/\/pmed-services.online\/es\/producto\/icaros-health-rehabilitacion-neuromuscular\/","og_site_name":"PMed Services Online","article_modified_time":"2025-06-22T14:29:05+00:00","og_image":[{"width":1546,"height":1000,"url":"https:\/\/pmed-services.online\/wp-content\/uploads\/2025\/06\/Health25_Tooltip.jpg","type":"image\/jpeg"}],"twitter_card":"summary_large_image","twitter_misc":{"Tiempo de lectura":"3 minutos"},"schema":{"@context":"https:\/\/schema.org","@graph":[{"@type":"WebPage","@id":"https:\/\/pmed-services.online\/es\/producto\/icaros-health-rehabilitacion-neuromuscular\/","url":"https:\/\/pmed-services.online\/es\/producto\/icaros-health-rehabilitacion-neuromuscular\/","name":"ICAROS Health \u2013 Rehabilitaci\u00f3n Neuromuscular del Core - PMed Services Online","isPartOf":{"@id":"https:\/\/pmed-services.online\/es\/#website"},"primaryImageOfPage":{"@id":"https:\/\/pmed-services.online\/es\/producto\/icaros-health-rehabilitacion-neuromuscular\/#primaryimage"},"image":{"@id":"https:\/\/pmed-services.online\/es\/producto\/icaros-health-rehabilitacion-neuromuscular\/#primaryimage"},"thumbnailUrl":"https:\/\/pmed-services.online\/wp-content\/uploads\/2025\/06\/Health25_Tooltip.jpg","datePublished":"2025-06-22T13:46:18+00:00","dateModified":"2025-06-22T14:29:05+00:00","breadcrumb":{"@id":"https:\/\/pmed-services.online\/es\/producto\/icaros-health-rehabilitacion-neuromuscular\/#breadcrumb"},"inLanguage":"es","potentialAction":[{"@type":"ReadAction","target":["https:\/\/pmed-services.online\/es\/producto\/icaros-health-rehabilitacion-neuromuscular\/"]}]},{"@type":"ImageObject","inLanguage":"es","@id":"https:\/\/pmed-services.online\/es\/producto\/icaros-health-rehabilitacion-neuromuscular\/#primaryimage","url":"https:\/\/pmed-services.online\/wp-content\/uploads\/2025\/06\/Health25_Tooltip.jpg","contentUrl":"https:\/\/pmed-services.online\/wp-content\/uploads\/2025\/06\/Health25_Tooltip.jpg","width":1546,"height":1000},{"@type":"BreadcrumbList","@id":"https:\/\/pmed-services.online\/es\/producto\/icaros-health-rehabilitacion-neuromuscular\/#breadcrumb","itemListElement":[{"@type":"ListItem","position":1,"name":"Startseite","item":"https:\/\/pmed-services.online\/es\/"},{"@type":"ListItem","position":2,"name":"Tienda","item":"https:\/\/pmed-services.online\/es\/tienda-online-productos-de-proteccion-y-rehabilitacion\/"},{"@type":"ListItem","position":3,"name":"ICAROS Health \u2013 Rehabilitaci\u00f3n Neuromuscular del Core"}]},{"@type":"WebSite","@id":"https:\/\/pmed-services.online\/es\/#website","url":"https:\/\/pmed-services.online\/es\/","name":"PMed Services Online","description":"Ihr Webshop f\u00fcr medizinische Produkte","publisher":{"@id":"https:\/\/pmed-services.online\/es\/#organization"},"potentialAction":[{"@type":"SearchAction","target":{"@type":"EntryPoint","urlTemplate":"https:\/\/pmed-services.online\/es\/?s={search_term_string}"},"query-input":{"@type":"PropertyValueSpecification","valueRequired":true,"valueName":"search_term_string"}}],"inLanguage":"es"},{"@type":"Organization","@id":"https:\/\/pmed-services.online\/es\/#organization","name":"PMed Services GmbH","url":"https:\/\/pmed-services.online\/es\/","logo":{"@type":"ImageObject","inLanguage":"es","@id":"https:\/\/pmed-services.online\/es\/#\/schema\/logo\/image\/","url":"https:\/\/pmed-services.online\/wp-content\/uploads\/2021\/02\/pmed_serv_logo.png","contentUrl":"https:\/\/pmed-services.online\/wp-content\/uploads\/2021\/02\/pmed_serv_logo.png","width":291,"height":51,"caption":"PMed Services GmbH"},"image":{"@id":"https:\/\/pmed-services.online\/es\/#\/schema\/logo\/image\/"}}]}},"_links":{"self":[{"href":"https:\/\/pmed-services.online\/es\/wp-json\/wp\/v2\/product\/14161","targetHints":{"allow":["GET"]}}],"collection":[{"href":"https:\/\/pmed-services.online\/es\/wp-json\/wp\/v2\/product"}],"about":[{"href":"https:\/\/pmed-services.online\/es\/wp-json\/wp\/v2\/types\/product"}],"replies":[{"embeddable":true,"href":"https:\/\/pmed-services.online\/es\/wp-json\/wp\/v2\/comments?post=14161"}],"wp:featuredmedia":[{"embeddable":true,"href":"https:\/\/pmed-services.online\/es\/wp-json\/wp\/v2\/media\/14162"}],"wp:attachment":[{"href":"https:\/\/pmed-services.online\/es\/wp-json\/wp\/v2\/media?parent=14161"}],"wp:term":[{"taxonomy":"product_brand","embeddable":true,"href":"https:\/\/pmed-services.online\/es\/wp-json\/wp\/v2\/product_brand?post=14161"},{"taxonomy":"product_cat","embeddable":true,"href":"https:\/\/pmed-services.online\/es\/wp-json\/wp\/v2\/product_cat?post=14161"},{"taxonomy":"product_tag","embeddable":true,"href":"https:\/\/pmed-services.online\/es\/wp-json\/wp\/v2\/product_tag?post=14161"}],"curies":[{"name":"wp","href":"https:\/\/api.w.org\/{rel}","templated":true}]}}