{"id":502,"date":"2021-07-23T14:43:48","date_gmt":"2021-07-23T12:43:48","guid":{"rendered":"https:\/\/pmed-services.online\/?post_type=product&#038;p=502"},"modified":"2021-12-06T22:31:00","modified_gmt":"2021-12-06T21:31:00","slug":"testprodukt","status":"publish","type":"product","link":"https:\/\/pmed-services.online\/es\/producto\/testprodukt\/","title":{"rendered":"CERTIFICACI\u00d3N INTERNACIONAL Evaluaci\u00f3n y Rehabilitaci\u00f3n ISOCIN\u00c9TICA"},"content":{"rendered":"<p><strong>INTRODUCCI\u00d3N<\/strong><br \/>\nLa Evaluaci\u00f3n Isocin\u00e9tica es un Examen que permite evaluar la fuerza m\u00e1xima que produce la musculatura en relaci\u00f3n biomec\u00e1nica en distintas articulaciones (rodilla, tobillo, hombro, codo, etc.) en todo el rango de movimiento de acuerdo a determinadas velocidades, cargas Newtonianas y diferentes tipos de contracciones musculares.<br \/>\nSe realiza a trav\u00e9s de una m\u00e1quina Isocin\u00e9tica conectada a un computador, midiendo de manera objetiva y precisa la fuerza (expresada en Newton) y la potencia (expresada en Watt) entre muchos otros par\u00e1metros m\u00e1s.<\/p>\n<p><strong>PROGRAMA y Estructura de la Certificaci\u00f3n<\/strong><br \/>\nLa certificaci\u00f3n se realiza de manera ON-Line 12 Horas- (350,00Eur Precio regular).<\/p>\n<p>Horas efectivas te\u00f3ricas: 12 Horas mediante la plataforma On-Line Zoom.<\/p>\n<p><strong>Plan tem\u00e1tico y Base te\u00f3rica:<\/strong><br \/>\n1. Introducci\u00f3n y fundamentos fisiol\u00f3gicos y biomec\u00e1nicos<br \/>\n2. Generalidades de dinamometr\u00eda isocin\u00e9tica<br \/>\n3. Modos isocin\u00e9ticos: conc\u00e9ntrico y exc\u00e9ntrico<br \/>\n4. Posicionamientos principales y programaci\u00f3n y configuraci\u00f3n CON- TREX MJ<br \/>\n5. Campo cl\u00ednico, indicaciones y precauciones<br \/>\n6. Interpretaci\u00f3n cualitativa<br \/>\n7. Interpretaci\u00f3n cuantitativa<br \/>\n8. Isometr\u00eda: Bases fisiol\u00f3gicas y biomec\u00e1nicas<br \/>\n9. Isometr\u00eda: Protocolos de evaluaci\u00f3n<br \/>\n10. Isometr\u00eda: Interpretaci\u00f3n<br \/>\n11. Programaci\u00f3n del entrenamiento y perspectivas<br \/>\n12. Contraindicaciones del uso y consideraciones finales<br \/>\n13. Preguntas y discusi\u00f3n de casos.<\/p>\n<p>Sobre los expositores<br \/>\nDr. Pavel Loeza Maga\u00f1a<br \/>\nMsc. Dr. Luis Felipe Medina Cabezas<\/p>\n","protected":false},"excerpt":{"rendered":"<p><strong>Versi\u00f3n Offline<\/strong> (Grabaci\u00f3n de las conferencias)<br \/>\n4 m\u00f3dulos de 3 Horas cada uno<\/p>\n","protected":false},"featured_media":746,"comment_status":"open","ping_status":"closed","template":"","meta":{"_genesis_hide_title":false,"_genesis_hide_breadcrumbs":false,"_genesis_hide_singular_image":false,"_genesis_hide_footer_widgets":false,"_genesis_custom_body_class":"","_genesis_custom_post_class":"","_genesis_layout":""},"product_brand":[],"product_cat":[101],"product_tag":[],"class_list":{"0":"post-502","1":"product","2":"type-product","3":"status-publish","4":"has-post-thumbnail","6":"product_cat-academia-rehabilitacion","7":"entry","9":"first","10":"instock","11":"sale","12":"virtual","13":"taxable","14":"purchasable","15":"product-type-simple"},"yoast_head":"<!-- This site is optimized with the Yoast SEO plugin v27.0 - https:\/\/yoast.com\/product\/yoast-seo-wordpress\/ -->\n<title>CERTIFICACI\u00d3N INTERNACIONAL Evaluaci\u00f3n y Rehabilitaci\u00f3n ISOCIN\u00c9TICA - PMed Services Online<\/title>\n<meta name=\"robots\" content=\"index, follow, max-snippet:-1, max-image-preview:large, max-video-preview:-1\" \/>\n<link rel=\"canonical\" href=\"https:\/\/pmed-services.online\/es\/producto\/testprodukt\/\" \/>\n<meta property=\"og:locale\" content=\"es_ES\" \/>\n<meta property=\"og:type\" content=\"article\" \/>\n<meta property=\"og:title\" content=\"CERTIFICACI\u00d3N INTERNACIONAL Evaluaci\u00f3n y Rehabilitaci\u00f3n ISOCIN\u00c9TICA - PMed Services Online\" \/>\n<meta property=\"og:description\" content=\"Versi\u00f3n Offline (Grabaci\u00f3n de las conferencias) 4 m\u00f3dulos de 3 Horas cada uno\" \/>\n<meta property=\"og:url\" content=\"https:\/\/pmed-services.online\/es\/producto\/testprodukt\/\" \/>\n<meta property=\"og:site_name\" content=\"PMed Services Online\" \/>\n<meta property=\"article:modified_time\" content=\"2021-12-06T21:31:00+00:00\" \/>\n<meta property=\"og:image\" content=\"https:\/\/pmed-services.online\/wp-content\/uploads\/2021\/07\/CON-TREX_Anuncio_1.jpg\" \/>\n\t<meta property=\"og:image:width\" content=\"840\" \/>\n\t<meta property=\"og:image:height\" content=\"627\" \/>\n\t<meta property=\"og:image:type\" content=\"image\/jpeg\" \/>\n<meta name=\"twitter:card\" content=\"summary_large_image\" \/>\n<meta name=\"twitter:label1\" content=\"Tiempo de lectura\" \/>\n\t<meta name=\"twitter:data1\" content=\"1 minuto\" \/>\n<script type=\"application\/ld+json\" class=\"yoast-schema-graph\">{\"@context\":\"https:\/\/schema.org\",\"@graph\":[{\"@type\":\"WebPage\",\"@id\":\"https:\/\/pmed-services.online\/es\/producto\/testprodukt\/\",\"url\":\"https:\/\/pmed-services.online\/es\/producto\/testprodukt\/\",\"name\":\"CERTIFICACI\u00d3N INTERNACIONAL Evaluaci\u00f3n y Rehabilitaci\u00f3n ISOCIN\u00c9TICA - PMed Services Online\",\"isPartOf\":{\"@id\":\"https:\/\/pmed-services.online\/es\/#website\"},\"primaryImageOfPage\":{\"@id\":\"https:\/\/pmed-services.online\/es\/producto\/testprodukt\/#primaryimage\"},\"image\":{\"@id\":\"https:\/\/pmed-services.online\/es\/producto\/testprodukt\/#primaryimage\"},\"thumbnailUrl\":\"https:\/\/pmed-services.online\/wp-content\/uploads\/2021\/07\/CON-TREX_Anuncio_1.jpg\",\"datePublished\":\"2021-07-23T12:43:48+00:00\",\"dateModified\":\"2021-12-06T21:31:00+00:00\",\"breadcrumb\":{\"@id\":\"https:\/\/pmed-services.online\/es\/producto\/testprodukt\/#breadcrumb\"},\"inLanguage\":\"es\",\"potentialAction\":[{\"@type\":\"ReadAction\",\"target\":[\"https:\/\/pmed-services.online\/es\/producto\/testprodukt\/\"]}]},{\"@type\":\"ImageObject\",\"inLanguage\":\"es\",\"@id\":\"https:\/\/pmed-services.online\/es\/producto\/testprodukt\/#primaryimage\",\"url\":\"https:\/\/pmed-services.online\/wp-content\/uploads\/2021\/07\/CON-TREX_Anuncio_1.jpg\",\"contentUrl\":\"https:\/\/pmed-services.online\/wp-content\/uploads\/2021\/07\/CON-TREX_Anuncio_1.jpg\",\"width\":840,\"height\":627},{\"@type\":\"BreadcrumbList\",\"@id\":\"https:\/\/pmed-services.online\/es\/producto\/testprodukt\/#breadcrumb\",\"itemListElement\":[{\"@type\":\"ListItem\",\"position\":1,\"name\":\"Startseite\",\"item\":\"https:\/\/pmed-services.online\/es\/\"},{\"@type\":\"ListItem\",\"position\":2,\"name\":\"Tienda\",\"item\":\"https:\/\/pmed-services.online\/es\/tienda-online-productos-de-proteccion-y-rehabilitacion\/\"},{\"@type\":\"ListItem\",\"position\":3,\"name\":\"CERTIFICACI\u00d3N INTERNACIONAL Evaluaci\u00f3n y Rehabilitaci\u00f3n ISOCIN\u00c9TICA\"}]},{\"@type\":\"WebSite\",\"@id\":\"https:\/\/pmed-services.online\/es\/#website\",\"url\":\"https:\/\/pmed-services.online\/es\/\",\"name\":\"PMed Services Online\",\"description\":\"Ihr Webshop f\u00fcr medizinische Produkte\",\"publisher\":{\"@id\":\"https:\/\/pmed-services.online\/es\/#organization\"},\"potentialAction\":[{\"@type\":\"SearchAction\",\"target\":{\"@type\":\"EntryPoint\",\"urlTemplate\":\"https:\/\/pmed-services.online\/es\/?s={search_term_string}\"},\"query-input\":{\"@type\":\"PropertyValueSpecification\",\"valueRequired\":true,\"valueName\":\"search_term_string\"}}],\"inLanguage\":\"es\"},{\"@type\":\"Organization\",\"@id\":\"https:\/\/pmed-services.online\/es\/#organization\",\"name\":\"PMed Services GmbH\",\"url\":\"https:\/\/pmed-services.online\/es\/\",\"logo\":{\"@type\":\"ImageObject\",\"inLanguage\":\"es\",\"@id\":\"https:\/\/pmed-services.online\/es\/#\/schema\/logo\/image\/\",\"url\":\"https:\/\/pmed-services.online\/wp-content\/uploads\/2021\/02\/pmed_serv_logo.png\",\"contentUrl\":\"https:\/\/pmed-services.online\/wp-content\/uploads\/2021\/02\/pmed_serv_logo.png\",\"width\":291,\"height\":51,\"caption\":\"PMed Services GmbH\"},\"image\":{\"@id\":\"https:\/\/pmed-services.online\/es\/#\/schema\/logo\/image\/\"}}]}<\/script>\n<!-- \/ Yoast SEO plugin. -->","yoast_head_json":{"title":"CERTIFICACI\u00d3N INTERNACIONAL Evaluaci\u00f3n y Rehabilitaci\u00f3n ISOCIN\u00c9TICA - PMed Services Online","robots":{"index":"index","follow":"follow","max-snippet":"max-snippet:-1","max-image-preview":"max-image-preview:large","max-video-preview":"max-video-preview:-1"},"canonical":"https:\/\/pmed-services.online\/es\/producto\/testprodukt\/","og_locale":"es_ES","og_type":"article","og_title":"CERTIFICACI\u00d3N INTERNACIONAL Evaluaci\u00f3n y Rehabilitaci\u00f3n ISOCIN\u00c9TICA - PMed Services Online","og_description":"Versi\u00f3n Offline (Grabaci\u00f3n de las conferencias) 4 m\u00f3dulos de 3 Horas cada uno","og_url":"https:\/\/pmed-services.online\/es\/producto\/testprodukt\/","og_site_name":"PMed Services Online","article_modified_time":"2021-12-06T21:31:00+00:00","og_image":[{"width":840,"height":627,"url":"https:\/\/pmed-services.online\/wp-content\/uploads\/2021\/07\/CON-TREX_Anuncio_1.jpg","type":"image\/jpeg"}],"twitter_card":"summary_large_image","twitter_misc":{"Tiempo de lectura":"1 minuto"},"schema":{"@context":"https:\/\/schema.org","@graph":[{"@type":"WebPage","@id":"https:\/\/pmed-services.online\/es\/producto\/testprodukt\/","url":"https:\/\/pmed-services.online\/es\/producto\/testprodukt\/","name":"CERTIFICACI\u00d3N INTERNACIONAL Evaluaci\u00f3n y Rehabilitaci\u00f3n ISOCIN\u00c9TICA - PMed Services Online","isPartOf":{"@id":"https:\/\/pmed-services.online\/es\/#website"},"primaryImageOfPage":{"@id":"https:\/\/pmed-services.online\/es\/producto\/testprodukt\/#primaryimage"},"image":{"@id":"https:\/\/pmed-services.online\/es\/producto\/testprodukt\/#primaryimage"},"thumbnailUrl":"https:\/\/pmed-services.online\/wp-content\/uploads\/2021\/07\/CON-TREX_Anuncio_1.jpg","datePublished":"2021-07-23T12:43:48+00:00","dateModified":"2021-12-06T21:31:00+00:00","breadcrumb":{"@id":"https:\/\/pmed-services.online\/es\/producto\/testprodukt\/#breadcrumb"},"inLanguage":"es","potentialAction":[{"@type":"ReadAction","target":["https:\/\/pmed-services.online\/es\/producto\/testprodukt\/"]}]},{"@type":"ImageObject","inLanguage":"es","@id":"https:\/\/pmed-services.online\/es\/producto\/testprodukt\/#primaryimage","url":"https:\/\/pmed-services.online\/wp-content\/uploads\/2021\/07\/CON-TREX_Anuncio_1.jpg","contentUrl":"https:\/\/pmed-services.online\/wp-content\/uploads\/2021\/07\/CON-TREX_Anuncio_1.jpg","width":840,"height":627},{"@type":"BreadcrumbList","@id":"https:\/\/pmed-services.online\/es\/producto\/testprodukt\/#breadcrumb","itemListElement":[{"@type":"ListItem","position":1,"name":"Startseite","item":"https:\/\/pmed-services.online\/es\/"},{"@type":"ListItem","position":2,"name":"Tienda","item":"https:\/\/pmed-services.online\/es\/tienda-online-productos-de-proteccion-y-rehabilitacion\/"},{"@type":"ListItem","position":3,"name":"CERTIFICACI\u00d3N INTERNACIONAL Evaluaci\u00f3n y Rehabilitaci\u00f3n ISOCIN\u00c9TICA"}]},{"@type":"WebSite","@id":"https:\/\/pmed-services.online\/es\/#website","url":"https:\/\/pmed-services.online\/es\/","name":"PMed Services Online","description":"Ihr Webshop f\u00fcr medizinische Produkte","publisher":{"@id":"https:\/\/pmed-services.online\/es\/#organization"},"potentialAction":[{"@type":"SearchAction","target":{"@type":"EntryPoint","urlTemplate":"https:\/\/pmed-services.online\/es\/?s={search_term_string}"},"query-input":{"@type":"PropertyValueSpecification","valueRequired":true,"valueName":"search_term_string"}}],"inLanguage":"es"},{"@type":"Organization","@id":"https:\/\/pmed-services.online\/es\/#organization","name":"PMed Services GmbH","url":"https:\/\/pmed-services.online\/es\/","logo":{"@type":"ImageObject","inLanguage":"es","@id":"https:\/\/pmed-services.online\/es\/#\/schema\/logo\/image\/","url":"https:\/\/pmed-services.online\/wp-content\/uploads\/2021\/02\/pmed_serv_logo.png","contentUrl":"https:\/\/pmed-services.online\/wp-content\/uploads\/2021\/02\/pmed_serv_logo.png","width":291,"height":51,"caption":"PMed Services GmbH"},"image":{"@id":"https:\/\/pmed-services.online\/es\/#\/schema\/logo\/image\/"}}]}},"_links":{"self":[{"href":"https:\/\/pmed-services.online\/es\/wp-json\/wp\/v2\/product\/502","targetHints":{"allow":["GET"]}}],"collection":[{"href":"https:\/\/pmed-services.online\/es\/wp-json\/wp\/v2\/product"}],"about":[{"href":"https:\/\/pmed-services.online\/es\/wp-json\/wp\/v2\/types\/product"}],"replies":[{"embeddable":true,"href":"https:\/\/pmed-services.online\/es\/wp-json\/wp\/v2\/comments?post=502"}],"wp:featuredmedia":[{"embeddable":true,"href":"https:\/\/pmed-services.online\/es\/wp-json\/wp\/v2\/media\/746"}],"wp:attachment":[{"href":"https:\/\/pmed-services.online\/es\/wp-json\/wp\/v2\/media?parent=502"}],"wp:term":[{"taxonomy":"product_brand","embeddable":true,"href":"https:\/\/pmed-services.online\/es\/wp-json\/wp\/v2\/product_brand?post=502"},{"taxonomy":"product_cat","embeddable":true,"href":"https:\/\/pmed-services.online\/es\/wp-json\/wp\/v2\/product_cat?post=502"},{"taxonomy":"product_tag","embeddable":true,"href":"https:\/\/pmed-services.online\/es\/wp-json\/wp\/v2\/product_tag?post=502"}],"curies":[{"name":"wp","href":"https:\/\/api.w.org\/{rel}","templated":true}]}}