{"id":551,"date":"2021-07-29T23:16:44","date_gmt":"2021-07-29T21:16:44","guid":{"rendered":"https:\/\/pmed-services.online\/?post_type=product&#038;p=551"},"modified":"2025-06-28T15:56:26","modified_gmt":"2025-06-28T13:56:26","slug":"deep-oscillation-personal-basic","status":"publish","type":"product","link":"https:\/\/pmed-services.online\/es\/producto\/deep-oscillation-personal-basic\/","title":{"rendered":"DEEP OSCILLATION Personal Basic"},"content":{"rendered":"<div id=\"pl-551\" class=\"panel-layout\">\n<div id=\"pg-551-0\" class=\"panel-grid panel-no-style\">\n<div id=\"pgc-551-0-0\" class=\"panel-grid-cell\" data-weight=\"1\">\n<div id=\"panel-551-0-0-0\" class=\"so-panel widget widget_sow-editor panel-first-child panel-last-child\" data-index=\"0\" data-style=\"{&quot;background_image_attachment&quot;:false,&quot;background_display&quot;:&quot;tile&quot;}\">\n<div class=\"so-widget-sow-editor so-widget-sow-editor-base\">\n<div class=\"siteorigin-widget-tinymce textwidget\">\n<p>El DEEP OSCILLATION es un m\u00e9todo de tratamiento \u00fanico, no invasivo, atraum\u00e1tico y patentado internacionalmente. Destaca por sus importantes efectos biol\u00f3gicos aplicandos\u00e9 con \u00e9xito desde hace m\u00e1s de 30 a\u00f1os, en los campos de la rehabilitaci\u00f3n f\u00edsica, la medicina del deporte y la medicina \u00e9stetica.<\/p>\n<p>Entre sus efectos fisiol\u00f3gicos se destacan el gran potencial de acci\u00f3n analg\u00e9sica, antiinflamatoria, drenaje del sistema linf\u00e1tico y de favorecer los procesos de curaci\u00f3n celular.<\/p>\n<p>Mediante la utilizaci\u00f3n de la atracci\u00f3n electrost\u00e1tica y la fricci\u00f3n, se genera una oscilaci\u00f3n que surge desde la propia c\u00e9lula, actuando sobre diferentes estructuras celulares en profundidad (piel, tejido superficial, tejidos grasos subcut\u00e1neos, m\u00fasculos, vasos sangu\u00edneos y linf\u00e1ticos)<\/p>\n<p>La terapia se aplica mediante un aplicador manual con cabezales de diferentes tama\u00f1os o mediante la aplicaci\u00f3n manual con guantes de vinil, produciendo un sensaci\u00f3n muy agradable al paciente durante el tratamiento.<\/p>\n<p>Los equipos port\u00e1tiles se presentan en dos modelos<\/p>\n<p>DEEP OSCILLATION Personal Basic<br \/>\nDEEP OSCILLATION Personal Pro<\/p>\n<\/div>\n<\/div>\n<\/div>\n<\/div>\n<\/div>\n<\/div>\n","protected":false},"excerpt":{"rendered":"<p>Un m\u00e9todo de tratamiento \u00fanico, no invasivo y atraum\u00e1tico con un gran potencial de acci\u00f3n analg\u00e9sica y desinflamatoria<\/p>\n","protected":false},"featured_media":855,"comment_status":"open","ping_status":"closed","template":"","meta":{"_genesis_hide_title":false,"_genesis_hide_breadcrumbs":false,"_genesis_hide_singular_image":false,"_genesis_hide_footer_widgets":false,"_genesis_custom_body_class":"","_genesis_custom_post_class":"","_genesis_layout":""},"product_brand":[],"product_cat":[294,96,244],"product_tag":[162,163,164,165],"class_list":{"0":"post-551","1":"product","2":"type-product","3":"status-publish","4":"has-post-thumbnail","6":"product_cat-deep-oscillation-es","7":"product_cat-equipos-fisioterapia-y-rehabilitacion-es","8":"product_cat-soluciones-de-fisioterapia","9":"product_tag-linfedema","10":"product_tag-lipedema","11":"product_tag-liposuccion","12":"product_tag-poscirugia","13":"product_shipping_class-standard-es","14":"entry","16":"first","17":"instock","18":"taxable","19":"shipping-taxable","20":"purchasable","21":"product-type-simple"},"yoast_head":"<!-- This site is optimized with the Yoast SEO plugin v27.0 - https:\/\/yoast.com\/product\/yoast-seo-wordpress\/ -->\n<title>DEEP OSCILLATION Personal Basic - PMed Services Online<\/title>\n<meta name=\"robots\" content=\"index, follow, max-snippet:-1, max-image-preview:large, max-video-preview:-1\" \/>\n<link rel=\"canonical\" href=\"https:\/\/pmed-services.online\/es\/producto\/deep-oscillation-personal-basic\/\" \/>\n<meta property=\"og:locale\" content=\"es_ES\" \/>\n<meta property=\"og:type\" content=\"article\" \/>\n<meta property=\"og:title\" content=\"DEEP OSCILLATION Personal Basic - PMed Services Online\" \/>\n<meta property=\"og:description\" content=\"Un m\u00e9todo de tratamiento \u00fanico, no invasivo y atraum\u00e1tico con un gran potencial de acci\u00f3n analg\u00e9sica y desinflamatoria\" \/>\n<meta property=\"og:url\" content=\"https:\/\/pmed-services.online\/es\/producto\/deep-oscillation-personal-basic\/\" \/>\n<meta property=\"og:site_name\" content=\"PMed Services Online\" \/>\n<meta property=\"article:modified_time\" content=\"2025-06-28T13:56:26+00:00\" \/>\n<meta property=\"og:image\" content=\"https:\/\/pmed-services.online\/wp-content\/uploads\/2021\/07\/p_DOP_Basic.png\" \/>\n\t<meta property=\"og:image:width\" content=\"500\" \/>\n\t<meta property=\"og:image:height\" content=\"500\" \/>\n\t<meta property=\"og:image:type\" content=\"image\/png\" \/>\n<meta name=\"twitter:card\" content=\"summary_large_image\" \/>\n<meta name=\"twitter:label1\" content=\"Tiempo de lectura\" \/>\n\t<meta name=\"twitter:data1\" content=\"1 minuto\" \/>\n<script type=\"application\/ld+json\" class=\"yoast-schema-graph\">{\"@context\":\"https:\/\/schema.org\",\"@graph\":[{\"@type\":\"WebPage\",\"@id\":\"https:\/\/pmed-services.online\/es\/producto\/deep-oscillation-personal-basic\/\",\"url\":\"https:\/\/pmed-services.online\/es\/producto\/deep-oscillation-personal-basic\/\",\"name\":\"DEEP OSCILLATION Personal Basic - PMed Services Online\",\"isPartOf\":{\"@id\":\"https:\/\/pmed-services.online\/es\/#website\"},\"primaryImageOfPage\":{\"@id\":\"https:\/\/pmed-services.online\/es\/producto\/deep-oscillation-personal-basic\/#primaryimage\"},\"image\":{\"@id\":\"https:\/\/pmed-services.online\/es\/producto\/deep-oscillation-personal-basic\/#primaryimage\"},\"thumbnailUrl\":\"https:\/\/pmed-services.online\/wp-content\/uploads\/2021\/07\/p_DOP_Basic.png\",\"datePublished\":\"2021-07-29T21:16:44+00:00\",\"dateModified\":\"2025-06-28T13:56:26+00:00\",\"breadcrumb\":{\"@id\":\"https:\/\/pmed-services.online\/es\/producto\/deep-oscillation-personal-basic\/#breadcrumb\"},\"inLanguage\":\"es\",\"potentialAction\":[{\"@type\":\"ReadAction\",\"target\":[\"https:\/\/pmed-services.online\/es\/producto\/deep-oscillation-personal-basic\/\"]}]},{\"@type\":\"ImageObject\",\"inLanguage\":\"es\",\"@id\":\"https:\/\/pmed-services.online\/es\/producto\/deep-oscillation-personal-basic\/#primaryimage\",\"url\":\"https:\/\/pmed-services.online\/wp-content\/uploads\/2021\/07\/p_DOP_Basic.png\",\"contentUrl\":\"https:\/\/pmed-services.online\/wp-content\/uploads\/2021\/07\/p_DOP_Basic.png\",\"width\":500,\"height\":500},{\"@type\":\"BreadcrumbList\",\"@id\":\"https:\/\/pmed-services.online\/es\/producto\/deep-oscillation-personal-basic\/#breadcrumb\",\"itemListElement\":[{\"@type\":\"ListItem\",\"position\":1,\"name\":\"Startseite\",\"item\":\"https:\/\/pmed-services.online\/es\/\"},{\"@type\":\"ListItem\",\"position\":2,\"name\":\"Tienda\",\"item\":\"https:\/\/pmed-services.online\/es\/tienda-online-productos-de-proteccion-y-rehabilitacion\/\"},{\"@type\":\"ListItem\",\"position\":3,\"name\":\"DEEP OSCILLATION Personal Basic\"}]},{\"@type\":\"WebSite\",\"@id\":\"https:\/\/pmed-services.online\/es\/#website\",\"url\":\"https:\/\/pmed-services.online\/es\/\",\"name\":\"PMed Services Online\",\"description\":\"Ihr Webshop f\u00fcr medizinische Produkte\",\"publisher\":{\"@id\":\"https:\/\/pmed-services.online\/es\/#organization\"},\"potentialAction\":[{\"@type\":\"SearchAction\",\"target\":{\"@type\":\"EntryPoint\",\"urlTemplate\":\"https:\/\/pmed-services.online\/es\/?s={search_term_string}\"},\"query-input\":{\"@type\":\"PropertyValueSpecification\",\"valueRequired\":true,\"valueName\":\"search_term_string\"}}],\"inLanguage\":\"es\"},{\"@type\":\"Organization\",\"@id\":\"https:\/\/pmed-services.online\/es\/#organization\",\"name\":\"PMed Services GmbH\",\"url\":\"https:\/\/pmed-services.online\/es\/\",\"logo\":{\"@type\":\"ImageObject\",\"inLanguage\":\"es\",\"@id\":\"https:\/\/pmed-services.online\/es\/#\/schema\/logo\/image\/\",\"url\":\"https:\/\/pmed-services.online\/wp-content\/uploads\/2021\/02\/pmed_serv_logo.png\",\"contentUrl\":\"https:\/\/pmed-services.online\/wp-content\/uploads\/2021\/02\/pmed_serv_logo.png\",\"width\":291,\"height\":51,\"caption\":\"PMed Services GmbH\"},\"image\":{\"@id\":\"https:\/\/pmed-services.online\/es\/#\/schema\/logo\/image\/\"}}]}<\/script>\n<!-- \/ Yoast SEO plugin. -->","yoast_head_json":{"title":"DEEP OSCILLATION Personal Basic - PMed Services Online","robots":{"index":"index","follow":"follow","max-snippet":"max-snippet:-1","max-image-preview":"max-image-preview:large","max-video-preview":"max-video-preview:-1"},"canonical":"https:\/\/pmed-services.online\/es\/producto\/deep-oscillation-personal-basic\/","og_locale":"es_ES","og_type":"article","og_title":"DEEP OSCILLATION Personal Basic - PMed Services Online","og_description":"Un m\u00e9todo de tratamiento \u00fanico, no invasivo y atraum\u00e1tico con un gran potencial de acci\u00f3n analg\u00e9sica y desinflamatoria","og_url":"https:\/\/pmed-services.online\/es\/producto\/deep-oscillation-personal-basic\/","og_site_name":"PMed Services Online","article_modified_time":"2025-06-28T13:56:26+00:00","og_image":[{"width":500,"height":500,"url":"https:\/\/pmed-services.online\/wp-content\/uploads\/2021\/07\/p_DOP_Basic.png","type":"image\/png"}],"twitter_card":"summary_large_image","twitter_misc":{"Tiempo de lectura":"1 minuto"},"schema":{"@context":"https:\/\/schema.org","@graph":[{"@type":"WebPage","@id":"https:\/\/pmed-services.online\/es\/producto\/deep-oscillation-personal-basic\/","url":"https:\/\/pmed-services.online\/es\/producto\/deep-oscillation-personal-basic\/","name":"DEEP OSCILLATION Personal Basic - PMed Services Online","isPartOf":{"@id":"https:\/\/pmed-services.online\/es\/#website"},"primaryImageOfPage":{"@id":"https:\/\/pmed-services.online\/es\/producto\/deep-oscillation-personal-basic\/#primaryimage"},"image":{"@id":"https:\/\/pmed-services.online\/es\/producto\/deep-oscillation-personal-basic\/#primaryimage"},"thumbnailUrl":"https:\/\/pmed-services.online\/wp-content\/uploads\/2021\/07\/p_DOP_Basic.png","datePublished":"2021-07-29T21:16:44+00:00","dateModified":"2025-06-28T13:56:26+00:00","breadcrumb":{"@id":"https:\/\/pmed-services.online\/es\/producto\/deep-oscillation-personal-basic\/#breadcrumb"},"inLanguage":"es","potentialAction":[{"@type":"ReadAction","target":["https:\/\/pmed-services.online\/es\/producto\/deep-oscillation-personal-basic\/"]}]},{"@type":"ImageObject","inLanguage":"es","@id":"https:\/\/pmed-services.online\/es\/producto\/deep-oscillation-personal-basic\/#primaryimage","url":"https:\/\/pmed-services.online\/wp-content\/uploads\/2021\/07\/p_DOP_Basic.png","contentUrl":"https:\/\/pmed-services.online\/wp-content\/uploads\/2021\/07\/p_DOP_Basic.png","width":500,"height":500},{"@type":"BreadcrumbList","@id":"https:\/\/pmed-services.online\/es\/producto\/deep-oscillation-personal-basic\/#breadcrumb","itemListElement":[{"@type":"ListItem","position":1,"name":"Startseite","item":"https:\/\/pmed-services.online\/es\/"},{"@type":"ListItem","position":2,"name":"Tienda","item":"https:\/\/pmed-services.online\/es\/tienda-online-productos-de-proteccion-y-rehabilitacion\/"},{"@type":"ListItem","position":3,"name":"DEEP OSCILLATION Personal Basic"}]},{"@type":"WebSite","@id":"https:\/\/pmed-services.online\/es\/#website","url":"https:\/\/pmed-services.online\/es\/","name":"PMed Services Online","description":"Ihr Webshop f\u00fcr medizinische Produkte","publisher":{"@id":"https:\/\/pmed-services.online\/es\/#organization"},"potentialAction":[{"@type":"SearchAction","target":{"@type":"EntryPoint","urlTemplate":"https:\/\/pmed-services.online\/es\/?s={search_term_string}"},"query-input":{"@type":"PropertyValueSpecification","valueRequired":true,"valueName":"search_term_string"}}],"inLanguage":"es"},{"@type":"Organization","@id":"https:\/\/pmed-services.online\/es\/#organization","name":"PMed Services GmbH","url":"https:\/\/pmed-services.online\/es\/","logo":{"@type":"ImageObject","inLanguage":"es","@id":"https:\/\/pmed-services.online\/es\/#\/schema\/logo\/image\/","url":"https:\/\/pmed-services.online\/wp-content\/uploads\/2021\/02\/pmed_serv_logo.png","contentUrl":"https:\/\/pmed-services.online\/wp-content\/uploads\/2021\/02\/pmed_serv_logo.png","width":291,"height":51,"caption":"PMed Services GmbH"},"image":{"@id":"https:\/\/pmed-services.online\/es\/#\/schema\/logo\/image\/"}}]}},"_links":{"self":[{"href":"https:\/\/pmed-services.online\/es\/wp-json\/wp\/v2\/product\/551","targetHints":{"allow":["GET"]}}],"collection":[{"href":"https:\/\/pmed-services.online\/es\/wp-json\/wp\/v2\/product"}],"about":[{"href":"https:\/\/pmed-services.online\/es\/wp-json\/wp\/v2\/types\/product"}],"replies":[{"embeddable":true,"href":"https:\/\/pmed-services.online\/es\/wp-json\/wp\/v2\/comments?post=551"}],"wp:featuredmedia":[{"embeddable":true,"href":"https:\/\/pmed-services.online\/es\/wp-json\/wp\/v2\/media\/855"}],"wp:attachment":[{"href":"https:\/\/pmed-services.online\/es\/wp-json\/wp\/v2\/media?parent=551"}],"wp:term":[{"taxonomy":"product_brand","embeddable":true,"href":"https:\/\/pmed-services.online\/es\/wp-json\/wp\/v2\/product_brand?post=551"},{"taxonomy":"product_cat","embeddable":true,"href":"https:\/\/pmed-services.online\/es\/wp-json\/wp\/v2\/product_cat?post=551"},{"taxonomy":"product_tag","embeddable":true,"href":"https:\/\/pmed-services.online\/es\/wp-json\/wp\/v2\/product_tag?post=551"}],"curies":[{"name":"wp","href":"https:\/\/api.w.org\/{rel}","templated":true}]}}