{"id":590,"date":"2021-12-02T20:18:46","date_gmt":"2021-12-02T19:18:47","guid":{"rendered":"https:\/\/pmed-services.online\/?post_type=product&#038;p=590"},"modified":"2021-12-06T20:34:41","modified_gmt":"2021-12-06T19:34:41","slug":"mascaras-ffp2-25-piezas-negro","status":"publish","type":"product","link":"https:\/\/pmed-services.online\/es\/producto\/mascaras-ffp2-25-piezas-negro\/","title":{"rendered":"M\u00e1scaras FFP2 &#8211; 25x Caja (color negro)"},"content":{"rendered":"<p>Sistema de filtrado multicapa, capacidad de filtraci\u00f3n muy elevada.<br \/>\nM\u00e1scaras FFP2 (Protecci\u00f3n contra sustancias nocivas, aerosoles, etc&#8230;).<br \/>\nAprobadas y con Certificaci\u00f3n CE (CE1463) seg\u00fan la norma EN 149:2001 + A1:2009; Reglamento (UE) 2016\/425 para equipos de protecci\u00f3n individual.<\/p>\n<p>Cord\u00f3n el\u00e1stico para fijar en las orejas, pinza nasal ajustable oculta de forma flexible para un ajuste perfecto.<br \/>\nLos bordes de material suave y transpirable brindan un mayor confort.<br \/>\nDise\u00f1ado para un solo uso y no lavable.<\/p>\n<p>25 m\u00e1scaras por paquete.<\/p>\n","protected":false},"excerpt":{"rendered":"<p>Sistema de filtrado multicapa, capacidad de filtraci\u00f3n muy elevada. M\u00e1scaras FFP2 (Protecci\u00f3n contra sustancias nocivas, aerosoles, etc&#8230;). Aprobadas y con Certificaci\u00f3n CE (CE1463) seg\u00fan la norma EN 149:2001 + A1:2009; Reglamento (UE) 2016\/425 para equipos de protecci\u00f3n individual. Cord\u00f3n el\u00e1stico para fijar en las orejas, pinza nasal ajustable oculta de forma flexible para un ajuste [&hellip;]<\/p>\n","protected":false},"featured_media":612,"comment_status":"open","ping_status":"closed","template":"","meta":{"_genesis_hide_title":false,"_genesis_hide_breadcrumbs":false,"_genesis_hide_singular_image":false,"_genesis_hide_footer_widgets":false,"_genesis_custom_body_class":"","_genesis_custom_post_class":"","_genesis_layout":""},"product_brand":[],"product_cat":[95,94],"product_tag":[],"class_list":{"0":"post-590","1":"product","2":"type-product","3":"status-publish","4":"has-post-thumbnail","6":"product_cat-mascarillas-de-proteccion","7":"product_cat-covid-19-es","8":"entry","10":"first","11":"instock","12":"sale","13":"taxable","14":"shipping-taxable","15":"purchasable","16":"product-type-variable"},"yoast_head":"<!-- This site is optimized with the Yoast SEO plugin v27.0 - https:\/\/yoast.com\/product\/yoast-seo-wordpress\/ -->\n<title>M\u00e1scaras FFP2 - 25x Caja (color negro) - PMed Services Online<\/title>\n<meta name=\"robots\" content=\"index, follow, max-snippet:-1, max-image-preview:large, max-video-preview:-1\" \/>\n<link rel=\"canonical\" href=\"https:\/\/pmed-services.online\/es\/producto\/mascaras-ffp2-25-piezas-negro\/\" \/>\n<meta property=\"og:locale\" content=\"es_ES\" \/>\n<meta property=\"og:type\" content=\"article\" \/>\n<meta property=\"og:title\" content=\"M\u00e1scaras FFP2 - 25x Caja (color negro) - PMed Services Online\" \/>\n<meta property=\"og:description\" content=\"Sistema de filtrado multicapa, capacidad de filtraci\u00f3n muy elevada. M\u00e1scaras FFP2 (Protecci\u00f3n contra sustancias nocivas, aerosoles, etc&#8230;). Aprobadas y con Certificaci\u00f3n CE (CE1463) seg\u00fan la norma EN 149:2001 + A1:2009; Reglamento (UE) 2016\/425 para equipos de protecci\u00f3n individual. Cord\u00f3n el\u00e1stico para fijar en las orejas, pinza nasal ajustable oculta de forma flexible para un ajuste [&hellip;]\" \/>\n<meta property=\"og:url\" content=\"https:\/\/pmed-services.online\/es\/producto\/mascaras-ffp2-25-piezas-negro\/\" \/>\n<meta property=\"og:site_name\" content=\"PMed Services Online\" \/>\n<meta property=\"article:modified_time\" content=\"2021-12-06T19:34:41+00:00\" \/>\n<meta property=\"og:image\" content=\"https:\/\/pmed-services.online\/wp-content\/uploads\/2021\/12\/20211203_110251-scaled.jpg\" \/>\n\t<meta property=\"og:image:width\" content=\"2560\" \/>\n\t<meta property=\"og:image:height\" content=\"2313\" \/>\n\t<meta property=\"og:image:type\" content=\"image\/jpeg\" \/>\n<meta name=\"twitter:card\" content=\"summary_large_image\" \/>\n<script type=\"application\/ld+json\" class=\"yoast-schema-graph\">{\"@context\":\"https:\/\/schema.org\",\"@graph\":[{\"@type\":\"WebPage\",\"@id\":\"https:\/\/pmed-services.online\/es\/producto\/mascaras-ffp2-25-piezas-negro\/\",\"url\":\"https:\/\/pmed-services.online\/es\/producto\/mascaras-ffp2-25-piezas-negro\/\",\"name\":\"M\u00e1scaras FFP2 - 25x Caja (color negro) - PMed Services Online\",\"isPartOf\":{\"@id\":\"https:\/\/pmed-services.online\/es\/#website\"},\"primaryImageOfPage\":{\"@id\":\"https:\/\/pmed-services.online\/es\/producto\/mascaras-ffp2-25-piezas-negro\/#primaryimage\"},\"image\":{\"@id\":\"https:\/\/pmed-services.online\/es\/producto\/mascaras-ffp2-25-piezas-negro\/#primaryimage\"},\"thumbnailUrl\":\"https:\/\/pmed-services.online\/wp-content\/uploads\/2021\/12\/20211203_110251-scaled.jpg\",\"datePublished\":\"2021-12-02T19:18:47+00:00\",\"dateModified\":\"2021-12-06T19:34:41+00:00\",\"breadcrumb\":{\"@id\":\"https:\/\/pmed-services.online\/es\/producto\/mascaras-ffp2-25-piezas-negro\/#breadcrumb\"},\"inLanguage\":\"es\",\"potentialAction\":[{\"@type\":\"ReadAction\",\"target\":[\"https:\/\/pmed-services.online\/es\/producto\/mascaras-ffp2-25-piezas-negro\/\"]}]},{\"@type\":\"ImageObject\",\"inLanguage\":\"es\",\"@id\":\"https:\/\/pmed-services.online\/es\/producto\/mascaras-ffp2-25-piezas-negro\/#primaryimage\",\"url\":\"https:\/\/pmed-services.online\/wp-content\/uploads\/2021\/12\/20211203_110251-scaled.jpg\",\"contentUrl\":\"https:\/\/pmed-services.online\/wp-content\/uploads\/2021\/12\/20211203_110251-scaled.jpg\",\"width\":2560,\"height\":2313},{\"@type\":\"BreadcrumbList\",\"@id\":\"https:\/\/pmed-services.online\/es\/producto\/mascaras-ffp2-25-piezas-negro\/#breadcrumb\",\"itemListElement\":[{\"@type\":\"ListItem\",\"position\":1,\"name\":\"Startseite\",\"item\":\"https:\/\/pmed-services.online\/es\/\"},{\"@type\":\"ListItem\",\"position\":2,\"name\":\"Tienda\",\"item\":\"https:\/\/pmed-services.online\/es\/tienda-online-productos-de-proteccion-y-rehabilitacion\/\"},{\"@type\":\"ListItem\",\"position\":3,\"name\":\"M\u00e1scaras FFP2 &#8211; 25x Caja (color negro)\"}]},{\"@type\":\"WebSite\",\"@id\":\"https:\/\/pmed-services.online\/es\/#website\",\"url\":\"https:\/\/pmed-services.online\/es\/\",\"name\":\"PMed Services Online\",\"description\":\"Ihr Webshop f\u00fcr medizinische Produkte\",\"publisher\":{\"@id\":\"https:\/\/pmed-services.online\/es\/#organization\"},\"potentialAction\":[{\"@type\":\"SearchAction\",\"target\":{\"@type\":\"EntryPoint\",\"urlTemplate\":\"https:\/\/pmed-services.online\/es\/?s={search_term_string}\"},\"query-input\":{\"@type\":\"PropertyValueSpecification\",\"valueRequired\":true,\"valueName\":\"search_term_string\"}}],\"inLanguage\":\"es\"},{\"@type\":\"Organization\",\"@id\":\"https:\/\/pmed-services.online\/es\/#organization\",\"name\":\"PMed Services GmbH\",\"url\":\"https:\/\/pmed-services.online\/es\/\",\"logo\":{\"@type\":\"ImageObject\",\"inLanguage\":\"es\",\"@id\":\"https:\/\/pmed-services.online\/es\/#\/schema\/logo\/image\/\",\"url\":\"https:\/\/pmed-services.online\/wp-content\/uploads\/2021\/02\/pmed_serv_logo.png\",\"contentUrl\":\"https:\/\/pmed-services.online\/wp-content\/uploads\/2021\/02\/pmed_serv_logo.png\",\"width\":291,\"height\":51,\"caption\":\"PMed Services GmbH\"},\"image\":{\"@id\":\"https:\/\/pmed-services.online\/es\/#\/schema\/logo\/image\/\"}}]}<\/script>\n<!-- \/ Yoast SEO plugin. -->","yoast_head_json":{"title":"M\u00e1scaras FFP2 - 25x Caja (color negro) - PMed Services Online","robots":{"index":"index","follow":"follow","max-snippet":"max-snippet:-1","max-image-preview":"max-image-preview:large","max-video-preview":"max-video-preview:-1"},"canonical":"https:\/\/pmed-services.online\/es\/producto\/mascaras-ffp2-25-piezas-negro\/","og_locale":"es_ES","og_type":"article","og_title":"M\u00e1scaras FFP2 - 25x Caja (color negro) - PMed Services Online","og_description":"Sistema de filtrado multicapa, capacidad de filtraci\u00f3n muy elevada. M\u00e1scaras FFP2 (Protecci\u00f3n contra sustancias nocivas, aerosoles, etc&#8230;). Aprobadas y con Certificaci\u00f3n CE (CE1463) seg\u00fan la norma EN 149:2001 + A1:2009; Reglamento (UE) 2016\/425 para equipos de protecci\u00f3n individual. Cord\u00f3n el\u00e1stico para fijar en las orejas, pinza nasal ajustable oculta de forma flexible para un ajuste [&hellip;]","og_url":"https:\/\/pmed-services.online\/es\/producto\/mascaras-ffp2-25-piezas-negro\/","og_site_name":"PMed Services Online","article_modified_time":"2021-12-06T19:34:41+00:00","og_image":[{"width":2560,"height":2313,"url":"https:\/\/pmed-services.online\/wp-content\/uploads\/2021\/12\/20211203_110251-scaled.jpg","type":"image\/jpeg"}],"twitter_card":"summary_large_image","schema":{"@context":"https:\/\/schema.org","@graph":[{"@type":"WebPage","@id":"https:\/\/pmed-services.online\/es\/producto\/mascaras-ffp2-25-piezas-negro\/","url":"https:\/\/pmed-services.online\/es\/producto\/mascaras-ffp2-25-piezas-negro\/","name":"M\u00e1scaras FFP2 - 25x Caja (color negro) - PMed Services Online","isPartOf":{"@id":"https:\/\/pmed-services.online\/es\/#website"},"primaryImageOfPage":{"@id":"https:\/\/pmed-services.online\/es\/producto\/mascaras-ffp2-25-piezas-negro\/#primaryimage"},"image":{"@id":"https:\/\/pmed-services.online\/es\/producto\/mascaras-ffp2-25-piezas-negro\/#primaryimage"},"thumbnailUrl":"https:\/\/pmed-services.online\/wp-content\/uploads\/2021\/12\/20211203_110251-scaled.jpg","datePublished":"2021-12-02T19:18:47+00:00","dateModified":"2021-12-06T19:34:41+00:00","breadcrumb":{"@id":"https:\/\/pmed-services.online\/es\/producto\/mascaras-ffp2-25-piezas-negro\/#breadcrumb"},"inLanguage":"es","potentialAction":[{"@type":"ReadAction","target":["https:\/\/pmed-services.online\/es\/producto\/mascaras-ffp2-25-piezas-negro\/"]}]},{"@type":"ImageObject","inLanguage":"es","@id":"https:\/\/pmed-services.online\/es\/producto\/mascaras-ffp2-25-piezas-negro\/#primaryimage","url":"https:\/\/pmed-services.online\/wp-content\/uploads\/2021\/12\/20211203_110251-scaled.jpg","contentUrl":"https:\/\/pmed-services.online\/wp-content\/uploads\/2021\/12\/20211203_110251-scaled.jpg","width":2560,"height":2313},{"@type":"BreadcrumbList","@id":"https:\/\/pmed-services.online\/es\/producto\/mascaras-ffp2-25-piezas-negro\/#breadcrumb","itemListElement":[{"@type":"ListItem","position":1,"name":"Startseite","item":"https:\/\/pmed-services.online\/es\/"},{"@type":"ListItem","position":2,"name":"Tienda","item":"https:\/\/pmed-services.online\/es\/tienda-online-productos-de-proteccion-y-rehabilitacion\/"},{"@type":"ListItem","position":3,"name":"M\u00e1scaras FFP2 &#8211; 25x Caja (color negro)"}]},{"@type":"WebSite","@id":"https:\/\/pmed-services.online\/es\/#website","url":"https:\/\/pmed-services.online\/es\/","name":"PMed Services Online","description":"Ihr Webshop f\u00fcr medizinische Produkte","publisher":{"@id":"https:\/\/pmed-services.online\/es\/#organization"},"potentialAction":[{"@type":"SearchAction","target":{"@type":"EntryPoint","urlTemplate":"https:\/\/pmed-services.online\/es\/?s={search_term_string}"},"query-input":{"@type":"PropertyValueSpecification","valueRequired":true,"valueName":"search_term_string"}}],"inLanguage":"es"},{"@type":"Organization","@id":"https:\/\/pmed-services.online\/es\/#organization","name":"PMed Services GmbH","url":"https:\/\/pmed-services.online\/es\/","logo":{"@type":"ImageObject","inLanguage":"es","@id":"https:\/\/pmed-services.online\/es\/#\/schema\/logo\/image\/","url":"https:\/\/pmed-services.online\/wp-content\/uploads\/2021\/02\/pmed_serv_logo.png","contentUrl":"https:\/\/pmed-services.online\/wp-content\/uploads\/2021\/02\/pmed_serv_logo.png","width":291,"height":51,"caption":"PMed Services GmbH"},"image":{"@id":"https:\/\/pmed-services.online\/es\/#\/schema\/logo\/image\/"}}]}},"_links":{"self":[{"href":"https:\/\/pmed-services.online\/es\/wp-json\/wp\/v2\/product\/590","targetHints":{"allow":["GET"]}}],"collection":[{"href":"https:\/\/pmed-services.online\/es\/wp-json\/wp\/v2\/product"}],"about":[{"href":"https:\/\/pmed-services.online\/es\/wp-json\/wp\/v2\/types\/product"}],"replies":[{"embeddable":true,"href":"https:\/\/pmed-services.online\/es\/wp-json\/wp\/v2\/comments?post=590"}],"wp:featuredmedia":[{"embeddable":true,"href":"https:\/\/pmed-services.online\/es\/wp-json\/wp\/v2\/media\/612"}],"wp:attachment":[{"href":"https:\/\/pmed-services.online\/es\/wp-json\/wp\/v2\/media?parent=590"}],"wp:term":[{"taxonomy":"product_brand","embeddable":true,"href":"https:\/\/pmed-services.online\/es\/wp-json\/wp\/v2\/product_brand?post=590"},{"taxonomy":"product_cat","embeddable":true,"href":"https:\/\/pmed-services.online\/es\/wp-json\/wp\/v2\/product_cat?post=590"},{"taxonomy":"product_tag","embeddable":true,"href":"https:\/\/pmed-services.online\/es\/wp-json\/wp\/v2\/product_tag?post=590"}],"curies":[{"name":"wp","href":"https:\/\/api.w.org\/{rel}","templated":true}]}}