{"id":731,"date":"2021-12-04T09:03:07","date_gmt":"2021-12-06T20:16:54","guid":{"rendered":"https:\/\/pmed-services.online\/produkt\/guantes-de-nitrilo-color-azul-1295-eur-cajax-200-compra-minima-1-palet\/"},"modified":"2021-12-06T21:17:00","modified_gmt":"2021-12-06T20:17:00","slug":"guantes-de-examen-de-nitrilo-color-azul-200x-caja","status":"publish","type":"product","link":"https:\/\/pmed-services.online\/es\/producto\/guantes-de-examen-de-nitrilo-color-azul-200x-caja\/","title":{"rendered":"Guantes de nitrilo color azul (12,95 Eur) Cajax 200 (Compra m\u00ednima: 1 palet)"},"content":{"rendered":"<p>Guantes de nitrilo para examen, color azul, caja de 200 (Compra m\u00ednima: 1 palet)<\/p>\n<div id=\"pl-672\" class=\"panel-layout\">\n<div id=\"pg-672-0\" class=\"panel-grid panel-no-style\">\n<div id=\"pgc-672-0-0\" class=\"panel-grid-cell\" data-weight=\"1\">\n<div id=\"panel-672-0-0-0\" class=\"so-panel widget widget_sow-editor panel-first-child panel-last-child\" data-index=\"0\">\n<div class=\"so-widget-sow-editor so-widget-sow-editor-base\">\n<div class=\"siteorigin-widget-tinymce textwidget\">\n Guantes desechables (de un solo uso) no est\u00e9riles para la protecci\u00f3n contra g\u00e9rmenes pat\u00f3genos para uso m\u00e9dico y en laboratorio, etc. Sin talco y con doble cara, 200 guantes en caja dispensadora.<br \/>\nFabricado con caucho de nitrilo agradable para la piel (adecuado para personas al\u00e9rgicas al l\u00e1tex).<br \/>\nProducto sanitario de clase I.<br \/>\nAdecuado para el \u00e1mbito m\u00e9dico (equipo de protecci\u00f3n individual de categor\u00eda III seg\u00fan VO 2016\/425 y VO 1935\/2004). <\/p>\n<p>Entrega en paletas. Configuraciones<br \/>\n1x Palet 300x M; 170x L; 160x XL<br \/>\n1x Palet 470xM; 160xXL<br \/>\n1x Palet 480xM; 150xXL<br \/>\n1x Palet 630x M\n<\/p><\/div>\n<\/div>\n<\/div>\n<\/div>\n<\/div>\n<\/div>\n","protected":false},"excerpt":{"rendered":"<p><strong>Guantes para examen, de Nitrilo color azul, 200x Caja<\/strong> &#8211; 12,95\u20ac x Caja<br \/>\nDisponible en paletas como sigue<br \/>\n1x Palet 300x M; 170x L; 160x XL<br \/>\n1x Palet 470xM; 160xXL<br \/>\n1x Palet 480xM; 150xXL<br \/>\n1x Palet 630x M<\/p>\n","protected":false},"featured_media":674,"comment_status":"open","ping_status":"closed","template":"","meta":{"_genesis_hide_title":false,"_genesis_hide_breadcrumbs":false,"_genesis_hide_singular_image":false,"_genesis_hide_footer_widgets":false,"_genesis_custom_body_class":"","_genesis_custom_post_class":"","_genesis_layout":""},"product_brand":[],"product_cat":[146,94],"product_tag":[140,143,142],"class_list":{"0":"post-731","1":"product","2":"type-product","3":"status-publish","4":"has-post-thumbnail","6":"product_cat-guantes","7":"product_cat-covid-19-es","8":"product_tag-guantes","9":"product_tag-guantes-de-nitrilo","10":"product_tag-guantes-medicinales","11":"entry","13":"first","14":"instock","15":"taxable","16":"shipping-taxable","17":"purchasable","18":"product-type-variable","19":"has-default-attributes"},"yoast_head":"<!-- This site is optimized with the Yoast SEO plugin v27.0 - https:\/\/yoast.com\/product\/yoast-seo-wordpress\/ -->\n<title>Guantes de nitrilo color azul (12,95 Eur) Cajax 200 (Compra m\u00ednima: 1 palet) - PMed Services Online<\/title>\n<meta name=\"description\" content=\"Guantes de nitrilo para de examen. Producto sanitario\" \/>\n<meta name=\"robots\" content=\"index, follow, max-snippet:-1, max-image-preview:large, max-video-preview:-1\" \/>\n<link rel=\"canonical\" href=\"https:\/\/pmed-services.online\/es\/producto\/guantes-de-examen-de-nitrilo-color-azul-200x-caja\/\" \/>\n<meta property=\"og:locale\" content=\"es_ES\" \/>\n<meta property=\"og:type\" content=\"article\" \/>\n<meta property=\"og:title\" content=\"Guantes de nitrilo color azul (12,95 Eur) Cajax 200 (Compra m\u00ednima: 1 palet) - PMed Services Online\" \/>\n<meta property=\"og:description\" content=\"Guantes de nitrilo para de examen. Producto sanitario\" \/>\n<meta property=\"og:url\" content=\"https:\/\/pmed-services.online\/es\/producto\/guantes-de-examen-de-nitrilo-color-azul-200x-caja\/\" \/>\n<meta property=\"og:site_name\" content=\"PMed Services Online\" \/>\n<meta property=\"article:modified_time\" content=\"2021-12-06T20:17:00+00:00\" \/>\n<meta property=\"og:image\" content=\"https:\/\/pmed-services.online\/wp-content\/uploads\/2021\/12\/5262555834049739913_120.jpg\" \/>\n\t<meta property=\"og:image:width\" content=\"500\" \/>\n\t<meta property=\"og:image:height\" content=\"500\" \/>\n\t<meta property=\"og:image:type\" content=\"image\/jpeg\" \/>\n<meta name=\"twitter:card\" content=\"summary_large_image\" \/>\n<meta name=\"twitter:label1\" content=\"Tiempo de lectura\" \/>\n\t<meta name=\"twitter:data1\" content=\"1 minuto\" \/>\n<script type=\"application\/ld+json\" class=\"yoast-schema-graph\">{\"@context\":\"https:\/\/schema.org\",\"@graph\":[{\"@type\":\"WebPage\",\"@id\":\"https:\/\/pmed-services.online\/es\/producto\/guantes-de-examen-de-nitrilo-color-azul-200x-caja\/\",\"url\":\"https:\/\/pmed-services.online\/es\/producto\/guantes-de-examen-de-nitrilo-color-azul-200x-caja\/\",\"name\":\"Guantes de nitrilo color azul (12,95 Eur) Cajax 200 (Compra m\u00ednima: 1 palet) - PMed Services Online\",\"isPartOf\":{\"@id\":\"https:\/\/pmed-services.online\/es\/#website\"},\"primaryImageOfPage\":{\"@id\":\"https:\/\/pmed-services.online\/es\/producto\/guantes-de-examen-de-nitrilo-color-azul-200x-caja\/#primaryimage\"},\"image\":{\"@id\":\"https:\/\/pmed-services.online\/es\/producto\/guantes-de-examen-de-nitrilo-color-azul-200x-caja\/#primaryimage\"},\"thumbnailUrl\":\"https:\/\/pmed-services.online\/wp-content\/uploads\/2021\/12\/5262555834049739913_120.jpg\",\"datePublished\":\"2021-12-06T20:16:54+00:00\",\"dateModified\":\"2021-12-06T20:17:00+00:00\",\"description\":\"Guantes de nitrilo para de examen. Producto sanitario\",\"breadcrumb\":{\"@id\":\"https:\/\/pmed-services.online\/es\/producto\/guantes-de-examen-de-nitrilo-color-azul-200x-caja\/#breadcrumb\"},\"inLanguage\":\"es\",\"potentialAction\":[{\"@type\":\"ReadAction\",\"target\":[\"https:\/\/pmed-services.online\/es\/producto\/guantes-de-examen-de-nitrilo-color-azul-200x-caja\/\"]}]},{\"@type\":\"ImageObject\",\"inLanguage\":\"es\",\"@id\":\"https:\/\/pmed-services.online\/es\/producto\/guantes-de-examen-de-nitrilo-color-azul-200x-caja\/#primaryimage\",\"url\":\"https:\/\/pmed-services.online\/wp-content\/uploads\/2021\/12\/5262555834049739913_120.jpg\",\"contentUrl\":\"https:\/\/pmed-services.online\/wp-content\/uploads\/2021\/12\/5262555834049739913_120.jpg\",\"width\":500,\"height\":500},{\"@type\":\"BreadcrumbList\",\"@id\":\"https:\/\/pmed-services.online\/es\/producto\/guantes-de-examen-de-nitrilo-color-azul-200x-caja\/#breadcrumb\",\"itemListElement\":[{\"@type\":\"ListItem\",\"position\":1,\"name\":\"Startseite\",\"item\":\"https:\/\/pmed-services.online\/es\/\"},{\"@type\":\"ListItem\",\"position\":2,\"name\":\"Tienda\",\"item\":\"https:\/\/pmed-services.online\/es\/tienda-online-productos-de-proteccion-y-rehabilitacion\/\"},{\"@type\":\"ListItem\",\"position\":3,\"name\":\"Guantes de nitrilo color azul (12,95 Eur) Cajax 200 (Compra m\u00ednima: 1 palet)\"}]},{\"@type\":\"WebSite\",\"@id\":\"https:\/\/pmed-services.online\/es\/#website\",\"url\":\"https:\/\/pmed-services.online\/es\/\",\"name\":\"PMed Services Online\",\"description\":\"Ihr Webshop f\u00fcr medizinische Produkte\",\"publisher\":{\"@id\":\"https:\/\/pmed-services.online\/es\/#organization\"},\"potentialAction\":[{\"@type\":\"SearchAction\",\"target\":{\"@type\":\"EntryPoint\",\"urlTemplate\":\"https:\/\/pmed-services.online\/es\/?s={search_term_string}\"},\"query-input\":{\"@type\":\"PropertyValueSpecification\",\"valueRequired\":true,\"valueName\":\"search_term_string\"}}],\"inLanguage\":\"es\"},{\"@type\":\"Organization\",\"@id\":\"https:\/\/pmed-services.online\/es\/#organization\",\"name\":\"PMed Services GmbH\",\"url\":\"https:\/\/pmed-services.online\/es\/\",\"logo\":{\"@type\":\"ImageObject\",\"inLanguage\":\"es\",\"@id\":\"https:\/\/pmed-services.online\/es\/#\/schema\/logo\/image\/\",\"url\":\"https:\/\/pmed-services.online\/wp-content\/uploads\/2021\/02\/pmed_serv_logo.png\",\"contentUrl\":\"https:\/\/pmed-services.online\/wp-content\/uploads\/2021\/02\/pmed_serv_logo.png\",\"width\":291,\"height\":51,\"caption\":\"PMed Services GmbH\"},\"image\":{\"@id\":\"https:\/\/pmed-services.online\/es\/#\/schema\/logo\/image\/\"}}]}<\/script>\n<!-- \/ Yoast SEO plugin. -->","yoast_head_json":{"title":"Guantes de nitrilo color azul (12,95 Eur) Cajax 200 (Compra m\u00ednima: 1 palet) - PMed Services Online","description":"Guantes de nitrilo para de examen. Producto sanitario","robots":{"index":"index","follow":"follow","max-snippet":"max-snippet:-1","max-image-preview":"max-image-preview:large","max-video-preview":"max-video-preview:-1"},"canonical":"https:\/\/pmed-services.online\/es\/producto\/guantes-de-examen-de-nitrilo-color-azul-200x-caja\/","og_locale":"es_ES","og_type":"article","og_title":"Guantes de nitrilo color azul (12,95 Eur) Cajax 200 (Compra m\u00ednima: 1 palet) - PMed Services Online","og_description":"Guantes de nitrilo para de examen. Producto sanitario","og_url":"https:\/\/pmed-services.online\/es\/producto\/guantes-de-examen-de-nitrilo-color-azul-200x-caja\/","og_site_name":"PMed Services Online","article_modified_time":"2021-12-06T20:17:00+00:00","og_image":[{"width":500,"height":500,"url":"https:\/\/pmed-services.online\/wp-content\/uploads\/2021\/12\/5262555834049739913_120.jpg","type":"image\/jpeg"}],"twitter_card":"summary_large_image","twitter_misc":{"Tiempo de lectura":"1 minuto"},"schema":{"@context":"https:\/\/schema.org","@graph":[{"@type":"WebPage","@id":"https:\/\/pmed-services.online\/es\/producto\/guantes-de-examen-de-nitrilo-color-azul-200x-caja\/","url":"https:\/\/pmed-services.online\/es\/producto\/guantes-de-examen-de-nitrilo-color-azul-200x-caja\/","name":"Guantes de nitrilo color azul (12,95 Eur) Cajax 200 (Compra m\u00ednima: 1 palet) - PMed Services Online","isPartOf":{"@id":"https:\/\/pmed-services.online\/es\/#website"},"primaryImageOfPage":{"@id":"https:\/\/pmed-services.online\/es\/producto\/guantes-de-examen-de-nitrilo-color-azul-200x-caja\/#primaryimage"},"image":{"@id":"https:\/\/pmed-services.online\/es\/producto\/guantes-de-examen-de-nitrilo-color-azul-200x-caja\/#primaryimage"},"thumbnailUrl":"https:\/\/pmed-services.online\/wp-content\/uploads\/2021\/12\/5262555834049739913_120.jpg","datePublished":"2021-12-06T20:16:54+00:00","dateModified":"2021-12-06T20:17:00+00:00","description":"Guantes de nitrilo para de examen. Producto sanitario","breadcrumb":{"@id":"https:\/\/pmed-services.online\/es\/producto\/guantes-de-examen-de-nitrilo-color-azul-200x-caja\/#breadcrumb"},"inLanguage":"es","potentialAction":[{"@type":"ReadAction","target":["https:\/\/pmed-services.online\/es\/producto\/guantes-de-examen-de-nitrilo-color-azul-200x-caja\/"]}]},{"@type":"ImageObject","inLanguage":"es","@id":"https:\/\/pmed-services.online\/es\/producto\/guantes-de-examen-de-nitrilo-color-azul-200x-caja\/#primaryimage","url":"https:\/\/pmed-services.online\/wp-content\/uploads\/2021\/12\/5262555834049739913_120.jpg","contentUrl":"https:\/\/pmed-services.online\/wp-content\/uploads\/2021\/12\/5262555834049739913_120.jpg","width":500,"height":500},{"@type":"BreadcrumbList","@id":"https:\/\/pmed-services.online\/es\/producto\/guantes-de-examen-de-nitrilo-color-azul-200x-caja\/#breadcrumb","itemListElement":[{"@type":"ListItem","position":1,"name":"Startseite","item":"https:\/\/pmed-services.online\/es\/"},{"@type":"ListItem","position":2,"name":"Tienda","item":"https:\/\/pmed-services.online\/es\/tienda-online-productos-de-proteccion-y-rehabilitacion\/"},{"@type":"ListItem","position":3,"name":"Guantes de nitrilo color azul (12,95 Eur) Cajax 200 (Compra m\u00ednima: 1 palet)"}]},{"@type":"WebSite","@id":"https:\/\/pmed-services.online\/es\/#website","url":"https:\/\/pmed-services.online\/es\/","name":"PMed Services Online","description":"Ihr Webshop f\u00fcr medizinische Produkte","publisher":{"@id":"https:\/\/pmed-services.online\/es\/#organization"},"potentialAction":[{"@type":"SearchAction","target":{"@type":"EntryPoint","urlTemplate":"https:\/\/pmed-services.online\/es\/?s={search_term_string}"},"query-input":{"@type":"PropertyValueSpecification","valueRequired":true,"valueName":"search_term_string"}}],"inLanguage":"es"},{"@type":"Organization","@id":"https:\/\/pmed-services.online\/es\/#organization","name":"PMed Services GmbH","url":"https:\/\/pmed-services.online\/es\/","logo":{"@type":"ImageObject","inLanguage":"es","@id":"https:\/\/pmed-services.online\/es\/#\/schema\/logo\/image\/","url":"https:\/\/pmed-services.online\/wp-content\/uploads\/2021\/02\/pmed_serv_logo.png","contentUrl":"https:\/\/pmed-services.online\/wp-content\/uploads\/2021\/02\/pmed_serv_logo.png","width":291,"height":51,"caption":"PMed Services GmbH"},"image":{"@id":"https:\/\/pmed-services.online\/es\/#\/schema\/logo\/image\/"}}]}},"_links":{"self":[{"href":"https:\/\/pmed-services.online\/es\/wp-json\/wp\/v2\/product\/731","targetHints":{"allow":["GET"]}}],"collection":[{"href":"https:\/\/pmed-services.online\/es\/wp-json\/wp\/v2\/product"}],"about":[{"href":"https:\/\/pmed-services.online\/es\/wp-json\/wp\/v2\/types\/product"}],"replies":[{"embeddable":true,"href":"https:\/\/pmed-services.online\/es\/wp-json\/wp\/v2\/comments?post=731"}],"wp:featuredmedia":[{"embeddable":true,"href":"https:\/\/pmed-services.online\/es\/wp-json\/wp\/v2\/media\/674"}],"wp:attachment":[{"href":"https:\/\/pmed-services.online\/es\/wp-json\/wp\/v2\/media?parent=731"}],"wp:term":[{"taxonomy":"product_brand","embeddable":true,"href":"https:\/\/pmed-services.online\/es\/wp-json\/wp\/v2\/product_brand?post=731"},{"taxonomy":"product_cat","embeddable":true,"href":"https:\/\/pmed-services.online\/es\/wp-json\/wp\/v2\/product_cat?post=731"},{"taxonomy":"product_tag","embeddable":true,"href":"https:\/\/pmed-services.online\/es\/wp-json\/wp\/v2\/product_tag?post=731"}],"curies":[{"name":"wp","href":"https:\/\/api.w.org\/{rel}","templated":true}]}}