{"id":782,"date":"2021-12-15T10:45:34","date_gmt":"2021-12-15T09:45:34","guid":{"rendered":"https:\/\/pmed-services.online\/?post_type=product&#038;p=782"},"modified":"2025-01-11T19:38:40","modified_gmt":"2025-01-11T18:38:40","slug":"equipo-magnetoterapia-portatil-magcell-arthro-1000-guass","status":"publish","type":"product","link":"https:\/\/pmed-services.online\/es\/producto\/equipo-magnetoterapia-portatil-magcell-arthro-1000-guass\/","title":{"rendered":"Equipo Magnetoterapia port\u00e1til MAGCELL\u00ae ARTHRO (1000 Gauss)"},"content":{"rendered":"<p><strong>Alivio de las artropat\u00edas<\/strong><br \/>\nEquipo de magnetoterapia port\u00e1til para uso tanto en cl\u00ednicas especializadas como directamente por el paciente<br \/>\nMuy f\u00e1cil de usar- Funcionamiento con un solo bot\u00f3n<br \/>\nSin efectos secundarios<br \/>\nAplicaci\u00f3n directa sobre la ropa<br \/>\nF\u00e1cil de transportar<\/p>\n<p><strong>Funcionamiento<\/strong>  <a href=\"https:\/\/pmed-services.online\/wp-content\/uploads\/2021\/12\/MAGCELL-en-Rodilla.wmv\">MAGCELL en Rodilla<\/a><br \/>\nEl MAGCELL\u00ae ARTHRO tiene integrados imanes permanentes muy potentes los cuales durante el funcionamiento generan un potente campo de pulso electromagn\u00e9tico (PEMF) de valor aprox. 100 mT en un rango de frecuencias de 4-12Hz que induce un efecto electrico en el tejido y supera los valores umbrales que intervienen en los procesos de regeneraci\u00f3n del tejido da\u00f1ado logrando un efecto en una profundidad de 3-5 cm.<\/p>\n<p><iframe loading=\"lazy\" title=\"Demostraci\u00f3n y visualizaci\u00f3n del campo Magn\u00e9tico y emisi\u00f3n del MAGCELL\u00ae ARTHRO y MAGCELL\u00ae MICROCIRC\" width=\"500\" height=\"281\" src=\"https:\/\/www.youtube.com\/embed\/nUjcKKtyLOQ?feature=oembed\" frameborder=\"0\" allow=\"accelerometer; autoplay; clipboard-write; encrypted-media; gyroscope; picture-in-picture; web-share\" referrerpolicy=\"strict-origin-when-cross-origin\" allowfullscreen><\/iframe><\/p>\n<p><strong>Campo de aplicaci\u00f3n <\/strong><br \/>\nPuede emplearse para el tratamiento de la artrosis dolorosa de cadera y de rodilla, hallux rigidus y valgus, as\u00ed como en otros estados artr\u00edticos.<\/p>\n<p><strong>Efectos<\/strong><br \/>\nReducci\u00f3n del dolor<br \/>\nFavorece los procesos de curaci\u00f3n y regeneraci\u00f3n del tejido<br \/>\nFavorece la disminuci\u00f3n de la inflamaci\u00f3n<br \/>\n <img loading=\"lazy\" decoding=\"async\" src=\"https:\/\/pmed-services.online\/wp-content\/uploads\/2021\/12\/arthro_wirkung_print_Display-300x225.jpg\" alt=\"\" width=\"300\" height=\"225\" class=\"alignnone size-medium wp-image-789\" srcset=\"https:\/\/pmed-services.online\/wp-content\/uploads\/2021\/12\/arthro_wirkung_print_Display-300x225.jpg 300w, https:\/\/pmed-services.online\/wp-content\/uploads\/2021\/12\/arthro_wirkung_print_Display-1024x768.jpg 1024w, https:\/\/pmed-services.online\/wp-content\/uploads\/2021\/12\/arthro_wirkung_print_Display-768x576.jpg 768w, https:\/\/pmed-services.online\/wp-content\/uploads\/2021\/12\/arthro_wirkung_print_Display-1536x1152.jpg 1536w, https:\/\/pmed-services.online\/wp-content\/uploads\/2021\/12\/arthro_wirkung_print_Display-2048x1536.jpg 2048w, https:\/\/pmed-services.online\/wp-content\/uploads\/2021\/12\/arthro_wirkung_print_Display-702x526.jpg 702w, https:\/\/pmed-services.online\/wp-content\/uploads\/2021\/12\/arthro_wirkung_print_Display-450x338.jpg 450w, https:\/\/pmed-services.online\/wp-content\/uploads\/2021\/12\/arthro_wirkung_print_Display-200x150.jpg 200w\" sizes=\"auto, (max-width: 300px) 100vw, 300px\" \/><\/p>\n<p><strong> <a href=\"https:\/\/youtu.be\/__qxqOkjc0o\">Video presentaci\u00f3n del producto<\/a><\/strong><\/p>\n<p><strong>Evidencias<\/strong><br \/>\n(2015) Wuschech H., von Hehn U., Mikus E., Funk R. H.: Effects of PEMF on patients with osteoarthritis:Results of a prospective, placebo-controlled, double-blind study. Bioelectromagnetics<br \/>\n36(8), 576\u2013585.<br \/>\n(2009) Reimsch\u00fcssel A., Bodenburg P. : Niederfrequente elektromagnetische Felder. Erfolgreich in der Therapie der Myoarthritis des Kiefergelenkes. Die Naturheilkunde 5, 28<br \/>\n(2008) Hitrov N.A., Portnov V.V.: MAGCELL\u00ae ARTHRO in der Behandlung von Arthrose im Kniegelenk. Die Naturheilkunde 3, 25-27.<br \/>\n(2018) Funk R.H.W.: Coupling of pulsed electromagnetic fields (PEMF) therapy to molecular grounds of the cell. Am J Transl Res 10(5):1260-1272. https:\/\/www.ncbi.nlm.nih.gov\/pmc\/articles\/PMC5992548.<\/p>\n","protected":false},"excerpt":{"rendered":"<p>Equipo Portable y efectivo para el tratamiento de la artrosis<br \/>\nSin efectos secundarios<br \/>\nF\u00e1cil uso<\/p>\n<p>Equipo no disponible, le recomendamos revisar el producto equivalente <a href=\"https:\/\/pmed-services.online\/es\/producto\/equipo-magnetoterapia-portatil-magcell-microcirc-1000-gauss\/\"><strong>MAGCELL Microcirc<\/strong><\/a><\/p>\n","protected":false},"featured_media":850,"comment_status":"open","ping_status":"closed","template":"","meta":{"_genesis_hide_title":false,"_genesis_hide_breadcrumbs":false,"_genesis_hide_singular_image":false,"_genesis_hide_footer_widgets":false,"_genesis_custom_body_class":"","_genesis_custom_post_class":"","_genesis_layout":""},"product_brand":[],"product_cat":[96,244],"product_tag":[],"class_list":{"0":"post-782","1":"product","2":"type-product","3":"status-publish","4":"has-post-thumbnail","6":"product_cat-equipos-fisioterapia-y-rehabilitacion-es","7":"product_cat-soluciones-de-fisioterapia","8":"product_shipping_class-standard-es","9":"entry","11":"first","12":"outofstock","13":"taxable","14":"shipping-taxable","15":"purchasable","16":"product-type-simple"},"yoast_head":"<!-- This site is optimized with the Yoast SEO plugin v27.0 - https:\/\/yoast.com\/product\/yoast-seo-wordpress\/ -->\n<title>Equipo Magnetoterapia port\u00e1til MAGCELL\u00ae ARTHRO (1000 Gauss) - PMed Services Online<\/title>\n<meta name=\"robots\" content=\"index, follow, max-snippet:-1, max-image-preview:large, max-video-preview:-1\" \/>\n<link rel=\"canonical\" href=\"https:\/\/pmed-services.online\/es\/producto\/equipo-magnetoterapia-portatil-magcell-arthro-1000-guass\/\" \/>\n<meta property=\"og:locale\" content=\"es_ES\" \/>\n<meta property=\"og:type\" content=\"article\" \/>\n<meta property=\"og:title\" content=\"Equipo Magnetoterapia port\u00e1til MAGCELL\u00ae ARTHRO (1000 Gauss) - PMed Services Online\" \/>\n<meta property=\"og:description\" content=\"Equipo Portable y efectivo para el tratamiento de la artrosis Sin efectos secundarios F\u00e1cil uso  Equipo no disponible, le recomendamos revisar el producto equivalente MAGCELL Microcirc\" \/>\n<meta property=\"og:url\" content=\"https:\/\/pmed-services.online\/es\/producto\/equipo-magnetoterapia-portatil-magcell-arthro-1000-guass\/\" \/>\n<meta property=\"og:site_name\" content=\"PMed Services Online\" \/>\n<meta property=\"article:modified_time\" content=\"2025-01-11T18:38:40+00:00\" \/>\n<meta property=\"og:image\" content=\"https:\/\/pmed-services.online\/wp-content\/uploads\/2021\/12\/p_MAGCELL_ARTHRO.png\" \/>\n\t<meta property=\"og:image:width\" content=\"500\" \/>\n\t<meta property=\"og:image:height\" content=\"500\" \/>\n\t<meta property=\"og:image:type\" content=\"image\/png\" \/>\n<meta name=\"twitter:card\" content=\"summary_large_image\" \/>\n<meta name=\"twitter:label1\" content=\"Tiempo de lectura\" \/>\n\t<meta name=\"twitter:data1\" content=\"2 minutos\" \/>\n<script type=\"application\/ld+json\" class=\"yoast-schema-graph\">{\"@context\":\"https:\/\/schema.org\",\"@graph\":[{\"@type\":\"WebPage\",\"@id\":\"https:\/\/pmed-services.online\/es\/producto\/equipo-magnetoterapia-portatil-magcell-arthro-1000-guass\/\",\"url\":\"https:\/\/pmed-services.online\/es\/producto\/equipo-magnetoterapia-portatil-magcell-arthro-1000-guass\/\",\"name\":\"Equipo Magnetoterapia port\u00e1til MAGCELL\u00ae ARTHRO (1000 Gauss) - PMed Services Online\",\"isPartOf\":{\"@id\":\"https:\/\/pmed-services.online\/es\/#website\"},\"primaryImageOfPage\":{\"@id\":\"https:\/\/pmed-services.online\/es\/producto\/equipo-magnetoterapia-portatil-magcell-arthro-1000-guass\/#primaryimage\"},\"image\":{\"@id\":\"https:\/\/pmed-services.online\/es\/producto\/equipo-magnetoterapia-portatil-magcell-arthro-1000-guass\/#primaryimage\"},\"thumbnailUrl\":\"https:\/\/pmed-services.online\/wp-content\/uploads\/2021\/12\/p_MAGCELL_ARTHRO.png\",\"datePublished\":\"2021-12-15T09:45:34+00:00\",\"dateModified\":\"2025-01-11T18:38:40+00:00\",\"breadcrumb\":{\"@id\":\"https:\/\/pmed-services.online\/es\/producto\/equipo-magnetoterapia-portatil-magcell-arthro-1000-guass\/#breadcrumb\"},\"inLanguage\":\"es\",\"potentialAction\":[{\"@type\":\"ReadAction\",\"target\":[\"https:\/\/pmed-services.online\/es\/producto\/equipo-magnetoterapia-portatil-magcell-arthro-1000-guass\/\"]}]},{\"@type\":\"ImageObject\",\"inLanguage\":\"es\",\"@id\":\"https:\/\/pmed-services.online\/es\/producto\/equipo-magnetoterapia-portatil-magcell-arthro-1000-guass\/#primaryimage\",\"url\":\"https:\/\/pmed-services.online\/wp-content\/uploads\/2021\/12\/p_MAGCELL_ARTHRO.png\",\"contentUrl\":\"https:\/\/pmed-services.online\/wp-content\/uploads\/2021\/12\/p_MAGCELL_ARTHRO.png\",\"width\":500,\"height\":500},{\"@type\":\"BreadcrumbList\",\"@id\":\"https:\/\/pmed-services.online\/es\/producto\/equipo-magnetoterapia-portatil-magcell-arthro-1000-guass\/#breadcrumb\",\"itemListElement\":[{\"@type\":\"ListItem\",\"position\":1,\"name\":\"Startseite\",\"item\":\"https:\/\/pmed-services.online\/es\/\"},{\"@type\":\"ListItem\",\"position\":2,\"name\":\"Tienda\",\"item\":\"https:\/\/pmed-services.online\/es\/tienda-online-productos-de-proteccion-y-rehabilitacion\/\"},{\"@type\":\"ListItem\",\"position\":3,\"name\":\"Equipo Magnetoterapia port\u00e1til MAGCELL\u00ae ARTHRO (1000 Gauss)\"}]},{\"@type\":\"WebSite\",\"@id\":\"https:\/\/pmed-services.online\/es\/#website\",\"url\":\"https:\/\/pmed-services.online\/es\/\",\"name\":\"PMed Services Online\",\"description\":\"Ihr Webshop f\u00fcr medizinische Produkte\",\"publisher\":{\"@id\":\"https:\/\/pmed-services.online\/es\/#organization\"},\"potentialAction\":[{\"@type\":\"SearchAction\",\"target\":{\"@type\":\"EntryPoint\",\"urlTemplate\":\"https:\/\/pmed-services.online\/es\/?s={search_term_string}\"},\"query-input\":{\"@type\":\"PropertyValueSpecification\",\"valueRequired\":true,\"valueName\":\"search_term_string\"}}],\"inLanguage\":\"es\"},{\"@type\":\"Organization\",\"@id\":\"https:\/\/pmed-services.online\/es\/#organization\",\"name\":\"PMed Services GmbH\",\"url\":\"https:\/\/pmed-services.online\/es\/\",\"logo\":{\"@type\":\"ImageObject\",\"inLanguage\":\"es\",\"@id\":\"https:\/\/pmed-services.online\/es\/#\/schema\/logo\/image\/\",\"url\":\"https:\/\/pmed-services.online\/wp-content\/uploads\/2021\/02\/pmed_serv_logo.png\",\"contentUrl\":\"https:\/\/pmed-services.online\/wp-content\/uploads\/2021\/02\/pmed_serv_logo.png\",\"width\":291,\"height\":51,\"caption\":\"PMed Services GmbH\"},\"image\":{\"@id\":\"https:\/\/pmed-services.online\/es\/#\/schema\/logo\/image\/\"}}]}<\/script>\n<!-- \/ Yoast SEO plugin. -->","yoast_head_json":{"title":"Equipo Magnetoterapia port\u00e1til MAGCELL\u00ae ARTHRO (1000 Gauss) - PMed Services Online","robots":{"index":"index","follow":"follow","max-snippet":"max-snippet:-1","max-image-preview":"max-image-preview:large","max-video-preview":"max-video-preview:-1"},"canonical":"https:\/\/pmed-services.online\/es\/producto\/equipo-magnetoterapia-portatil-magcell-arthro-1000-guass\/","og_locale":"es_ES","og_type":"article","og_title":"Equipo Magnetoterapia port\u00e1til MAGCELL\u00ae ARTHRO (1000 Gauss) - PMed Services Online","og_description":"Equipo Portable y efectivo para el tratamiento de la artrosis Sin efectos secundarios F\u00e1cil uso  Equipo no disponible, le recomendamos revisar el producto equivalente MAGCELL Microcirc","og_url":"https:\/\/pmed-services.online\/es\/producto\/equipo-magnetoterapia-portatil-magcell-arthro-1000-guass\/","og_site_name":"PMed Services Online","article_modified_time":"2025-01-11T18:38:40+00:00","og_image":[{"width":500,"height":500,"url":"https:\/\/pmed-services.online\/wp-content\/uploads\/2021\/12\/p_MAGCELL_ARTHRO.png","type":"image\/png"}],"twitter_card":"summary_large_image","twitter_misc":{"Tiempo de lectura":"2 minutos"},"schema":{"@context":"https:\/\/schema.org","@graph":[{"@type":"WebPage","@id":"https:\/\/pmed-services.online\/es\/producto\/equipo-magnetoterapia-portatil-magcell-arthro-1000-guass\/","url":"https:\/\/pmed-services.online\/es\/producto\/equipo-magnetoterapia-portatil-magcell-arthro-1000-guass\/","name":"Equipo Magnetoterapia port\u00e1til MAGCELL\u00ae ARTHRO (1000 Gauss) - PMed Services Online","isPartOf":{"@id":"https:\/\/pmed-services.online\/es\/#website"},"primaryImageOfPage":{"@id":"https:\/\/pmed-services.online\/es\/producto\/equipo-magnetoterapia-portatil-magcell-arthro-1000-guass\/#primaryimage"},"image":{"@id":"https:\/\/pmed-services.online\/es\/producto\/equipo-magnetoterapia-portatil-magcell-arthro-1000-guass\/#primaryimage"},"thumbnailUrl":"https:\/\/pmed-services.online\/wp-content\/uploads\/2021\/12\/p_MAGCELL_ARTHRO.png","datePublished":"2021-12-15T09:45:34+00:00","dateModified":"2025-01-11T18:38:40+00:00","breadcrumb":{"@id":"https:\/\/pmed-services.online\/es\/producto\/equipo-magnetoterapia-portatil-magcell-arthro-1000-guass\/#breadcrumb"},"inLanguage":"es","potentialAction":[{"@type":"ReadAction","target":["https:\/\/pmed-services.online\/es\/producto\/equipo-magnetoterapia-portatil-magcell-arthro-1000-guass\/"]}]},{"@type":"ImageObject","inLanguage":"es","@id":"https:\/\/pmed-services.online\/es\/producto\/equipo-magnetoterapia-portatil-magcell-arthro-1000-guass\/#primaryimage","url":"https:\/\/pmed-services.online\/wp-content\/uploads\/2021\/12\/p_MAGCELL_ARTHRO.png","contentUrl":"https:\/\/pmed-services.online\/wp-content\/uploads\/2021\/12\/p_MAGCELL_ARTHRO.png","width":500,"height":500},{"@type":"BreadcrumbList","@id":"https:\/\/pmed-services.online\/es\/producto\/equipo-magnetoterapia-portatil-magcell-arthro-1000-guass\/#breadcrumb","itemListElement":[{"@type":"ListItem","position":1,"name":"Startseite","item":"https:\/\/pmed-services.online\/es\/"},{"@type":"ListItem","position":2,"name":"Tienda","item":"https:\/\/pmed-services.online\/es\/tienda-online-productos-de-proteccion-y-rehabilitacion\/"},{"@type":"ListItem","position":3,"name":"Equipo Magnetoterapia port\u00e1til MAGCELL\u00ae ARTHRO (1000 Gauss)"}]},{"@type":"WebSite","@id":"https:\/\/pmed-services.online\/es\/#website","url":"https:\/\/pmed-services.online\/es\/","name":"PMed Services Online","description":"Ihr Webshop f\u00fcr medizinische Produkte","publisher":{"@id":"https:\/\/pmed-services.online\/es\/#organization"},"potentialAction":[{"@type":"SearchAction","target":{"@type":"EntryPoint","urlTemplate":"https:\/\/pmed-services.online\/es\/?s={search_term_string}"},"query-input":{"@type":"PropertyValueSpecification","valueRequired":true,"valueName":"search_term_string"}}],"inLanguage":"es"},{"@type":"Organization","@id":"https:\/\/pmed-services.online\/es\/#organization","name":"PMed Services GmbH","url":"https:\/\/pmed-services.online\/es\/","logo":{"@type":"ImageObject","inLanguage":"es","@id":"https:\/\/pmed-services.online\/es\/#\/schema\/logo\/image\/","url":"https:\/\/pmed-services.online\/wp-content\/uploads\/2021\/02\/pmed_serv_logo.png","contentUrl":"https:\/\/pmed-services.online\/wp-content\/uploads\/2021\/02\/pmed_serv_logo.png","width":291,"height":51,"caption":"PMed Services GmbH"},"image":{"@id":"https:\/\/pmed-services.online\/es\/#\/schema\/logo\/image\/"}}]}},"_links":{"self":[{"href":"https:\/\/pmed-services.online\/es\/wp-json\/wp\/v2\/product\/782","targetHints":{"allow":["GET"]}}],"collection":[{"href":"https:\/\/pmed-services.online\/es\/wp-json\/wp\/v2\/product"}],"about":[{"href":"https:\/\/pmed-services.online\/es\/wp-json\/wp\/v2\/types\/product"}],"replies":[{"embeddable":true,"href":"https:\/\/pmed-services.online\/es\/wp-json\/wp\/v2\/comments?post=782"}],"wp:featuredmedia":[{"embeddable":true,"href":"https:\/\/pmed-services.online\/es\/wp-json\/wp\/v2\/media\/850"}],"wp:attachment":[{"href":"https:\/\/pmed-services.online\/es\/wp-json\/wp\/v2\/media?parent=782"}],"wp:term":[{"taxonomy":"product_brand","embeddable":true,"href":"https:\/\/pmed-services.online\/es\/wp-json\/wp\/v2\/product_brand?post=782"},{"taxonomy":"product_cat","embeddable":true,"href":"https:\/\/pmed-services.online\/es\/wp-json\/wp\/v2\/product_cat?post=782"},{"taxonomy":"product_tag","embeddable":true,"href":"https:\/\/pmed-services.online\/es\/wp-json\/wp\/v2\/product_tag?post=782"}],"curies":[{"name":"wp","href":"https:\/\/api.w.org\/{rel}","templated":true}]}}