{"id":993,"date":"2022-06-04T15:50:00","date_gmt":"2022-06-04T13:50:00","guid":{"rendered":"https:\/\/pmed-services.online\/?post_type=product&#038;p=993"},"modified":"2023-02-19T19:20:09","modified_gmt":"2023-02-19T18:20:09","slug":"sensor-inercial-baiobit-analisis-del-movimiento","status":"publish","type":"product","link":"https:\/\/pmed-services.online\/es\/producto\/sensor-inercial-baiobit-analisis-del-movimiento\/","title":{"rendered":"Sensor Inercial Baiobit. An\u00e1lisis del Movimiento."},"content":{"rendered":"<p>El sistema <strong>Baiobit<\/strong> es un dispositivo m\u00e9dico muy ligero, con un peso de apenas 37 Gramos y totalmente portable para el an\u00e1lisis del movimiento, desarrollado por la empresa de <strong><a href=\"https:\/\/rivelomove.com\/es\/test-esercizi.aspx\">Rivelo <\/a><\/strong> del Grupo BTS Bioengineering.<\/p>\n<p>Permite evaluar la <strong>funci\u00f3n motora<\/strong> y realizar ejercicios terap\u00e9uticos para el entrenamiento funcional del rango del movimiento y diferentes patrones de movimiento, adem\u00e1s de evaluar la disfuncionalidad de diferentes cadenas neuromusculares.<\/p>\n<p>El dispositivo baiobit se conecta de forma inal\u00e1mbrica via bluetooth con el software especialmente dise\u00f1ado para el an\u00e1lisis del movimiento, diversos protocolos posibilitan su uso en diferentes \u00e1reas cl\u00ednicas, deportivas y de la tercera edad, permitiendo la realizaci\u00f3n de estudios y rehabilitaci\u00f3n a trav\u00e9s de los siguientes diagn\u00f3sticos.<\/p>\n<p>&#8211; An\u00e1lisis instrumental y preciso del rango de movimiento articular.<br \/>\n&#8211; Evaluaci\u00f3n de la marcha y el balance y control postural.<br \/>\n&#8211; Evaluaci\u00f3n del salto, la reracci\u00f3n y el gesto motor.<br \/>\n&#8211; Evaluaci\u00f3n congnitiva y de la coordinaci\u00f3n neuromotora.<\/p>\n<p>El Software incluye diferentes test que internacionalmente usados para evaluar diferentes desordenes relacionados a la marcha, el an\u00e1lisis de movimiento, la coodinaci\u00f3n, el salto, el deficit motor, la cognitividad y el balance entre los que se encuentran.<\/p>\n<p>1- Test de marcha<br \/>\n2- Timed Up and Go Test<br \/>\n3- Test de Salto<br \/>\n4- Test de hombro<br \/>\n5- Test de tronco<br \/>\n6- Test de balance<br \/>\n7- Test cervial<br \/>\n8- Test de tronco<\/p>\n<p>Los resultados se muestran en apenas 1 minuto de estudio, visualizando los par\u00e1metros m\u00e1s relevantes de cada protocolo, ver un ejemplo de <a href=\"https:\/\/pmed-services.online\/es\/producto\/sensor-inercial-baiobit-analisis-del-movimiento\/?attachment_id=1011&amp;download_file=yuadxbtw5lewo\">reporte <\/a><\/p>\n<p>Video DEMO del producto <strong><a href=\"https:\/\/youtu.be\/juB9CG0WDpY\">Baiobit Sensor<\/a><\/strong><\/p>\n","protected":false},"excerpt":{"rendered":"<p>Un dispositivo m\u00e9dico ligero y manejable dise\u00f1ado para realizar mediciones precisas y r\u00e1pidas. Un sistema que te ayuda a evaluar la funci\u00f3n motora y a realizar protocolos terap\u00e9uticos.<\/p>\n<p>El kit consta de:<br \/>\n    1 sensor de movimiento port\u00e1til muy ligero (37 Gramos)<br \/>\n    3 cinturones de varias longitudes adaptables a diferentes zonas del cuerpo<\/p>\n<p>4 Protocolos incluidos.<br \/>\n&#8211; Rango de movimiento<br \/>\n&#8211; Retorno al juego<br \/>\n&#8211; Balance y marcha<br \/>\n&#8211; Cognitividad<\/p>\n<p>Cont\u00e1ctenos a trav\u00e9s de <a href=\"https:\/\/pmed-services.online\/es\/contacto\/\" rel=\"noopener\" target=\"_blank\">nuestro formulario<\/a> para m\u00e1s informaci\u00f3n o solicitar una oferta <\/p>\n","protected":false},"featured_media":1005,"comment_status":"open","ping_status":"closed","template":"","meta":{"_genesis_hide_title":false,"_genesis_hide_breadcrumbs":false,"_genesis_hide_singular_image":false,"_genesis_hide_footer_widgets":false,"_genesis_custom_body_class":"","_genesis_custom_post_class":"","_genesis_layout":""},"product_brand":[],"product_cat":[240,96],"product_tag":[188,192,189,194,191,190,193],"class_list":{"0":"post-993","1":"product","2":"type-product","3":"status-publish","4":"has-post-thumbnail","6":"product_cat-analisis-biomecanico","7":"product_cat-equipos-fisioterapia-y-rehabilitacion-es","8":"product_tag-analisis-de-marcha","9":"product_tag-analisis-de-movimiento","10":"product_tag-coordinacion","11":"product_tag-sensor-inercial","12":"product_tag-test-de-marcha","13":"product_tag-test-de-salto","14":"product_tag-timed-up-go","15":"product_shipping_class-standard-es","16":"entry","18":"first","19":"instock","20":"taxable","21":"shipping-taxable","22":"purchasable","23":"product-type-simple"},"yoast_head":"<!-- This site is optimized with the Yoast SEO plugin v27.0 - https:\/\/yoast.com\/product\/yoast-seo-wordpress\/ -->\n<title>Sensor Inercial Baiobit. An\u00e1lisis del Movimiento. - PMed Services Online<\/title>\n<meta name=\"description\" content=\"Sensor inercial portable para el an\u00e1lisis biomec\u00e1nico del movimiento, test de marcha, prueba de salto y mediciones de rango de movimiento.\" \/>\n<meta name=\"robots\" content=\"index, follow, max-snippet:-1, max-image-preview:large, max-video-preview:-1\" \/>\n<link rel=\"canonical\" href=\"https:\/\/pmed-services.online\/es\/producto\/sensor-inercial-baiobit-analisis-del-movimiento\/\" \/>\n<meta property=\"og:locale\" content=\"es_ES\" \/>\n<meta property=\"og:type\" content=\"article\" \/>\n<meta property=\"og:title\" content=\"Sensor Inercial Baiobit. An\u00e1lisis del Movimiento. - PMed Services Online\" \/>\n<meta property=\"og:description\" content=\"Sensor inercial portable para el an\u00e1lisis biomec\u00e1nico del movimiento, test de marcha, prueba de salto y mediciones de rango de movimiento.\" \/>\n<meta property=\"og:url\" content=\"https:\/\/pmed-services.online\/es\/producto\/sensor-inercial-baiobit-analisis-del-movimiento\/\" \/>\n<meta property=\"og:site_name\" content=\"PMed Services Online\" \/>\n<meta property=\"article:modified_time\" content=\"2023-02-19T18:20:09+00:00\" \/>\n<meta property=\"og:image\" content=\"https:\/\/pmed-services.online\/wp-content\/uploads\/2022\/06\/Baiobit1.jpg\" \/>\n\t<meta property=\"og:image:width\" content=\"1635\" \/>\n\t<meta property=\"og:image:height\" content=\"1408\" \/>\n\t<meta property=\"og:image:type\" content=\"image\/jpeg\" \/>\n<meta name=\"twitter:card\" content=\"summary_large_image\" \/>\n<meta name=\"twitter:label1\" content=\"Tiempo de lectura\" \/>\n\t<meta name=\"twitter:data1\" content=\"1 minuto\" \/>\n<script type=\"application\/ld+json\" class=\"yoast-schema-graph\">{\"@context\":\"https:\/\/schema.org\",\"@graph\":[{\"@type\":\"WebPage\",\"@id\":\"https:\/\/pmed-services.online\/es\/producto\/sensor-inercial-baiobit-analisis-del-movimiento\/\",\"url\":\"https:\/\/pmed-services.online\/es\/producto\/sensor-inercial-baiobit-analisis-del-movimiento\/\",\"name\":\"Sensor Inercial Baiobit. An\u00e1lisis del Movimiento. - PMed Services Online\",\"isPartOf\":{\"@id\":\"https:\/\/pmed-services.online\/es\/#website\"},\"primaryImageOfPage\":{\"@id\":\"https:\/\/pmed-services.online\/es\/producto\/sensor-inercial-baiobit-analisis-del-movimiento\/#primaryimage\"},\"image\":{\"@id\":\"https:\/\/pmed-services.online\/es\/producto\/sensor-inercial-baiobit-analisis-del-movimiento\/#primaryimage\"},\"thumbnailUrl\":\"https:\/\/pmed-services.online\/wp-content\/uploads\/2022\/06\/Baiobit1.jpg\",\"datePublished\":\"2022-06-04T13:50:00+00:00\",\"dateModified\":\"2023-02-19T18:20:09+00:00\",\"description\":\"Sensor inercial portable para el an\u00e1lisis biomec\u00e1nico del movimiento, test de marcha, prueba de salto y mediciones de rango de movimiento.\",\"breadcrumb\":{\"@id\":\"https:\/\/pmed-services.online\/es\/producto\/sensor-inercial-baiobit-analisis-del-movimiento\/#breadcrumb\"},\"inLanguage\":\"es\",\"potentialAction\":[{\"@type\":\"ReadAction\",\"target\":[\"https:\/\/pmed-services.online\/es\/producto\/sensor-inercial-baiobit-analisis-del-movimiento\/\"]}]},{\"@type\":\"ImageObject\",\"inLanguage\":\"es\",\"@id\":\"https:\/\/pmed-services.online\/es\/producto\/sensor-inercial-baiobit-analisis-del-movimiento\/#primaryimage\",\"url\":\"https:\/\/pmed-services.online\/wp-content\/uploads\/2022\/06\/Baiobit1.jpg\",\"contentUrl\":\"https:\/\/pmed-services.online\/wp-content\/uploads\/2022\/06\/Baiobit1.jpg\",\"width\":1635,\"height\":1408},{\"@type\":\"BreadcrumbList\",\"@id\":\"https:\/\/pmed-services.online\/es\/producto\/sensor-inercial-baiobit-analisis-del-movimiento\/#breadcrumb\",\"itemListElement\":[{\"@type\":\"ListItem\",\"position\":1,\"name\":\"Startseite\",\"item\":\"https:\/\/pmed-services.online\/es\/\"},{\"@type\":\"ListItem\",\"position\":2,\"name\":\"Tienda\",\"item\":\"https:\/\/pmed-services.online\/es\/tienda-online-productos-de-proteccion-y-rehabilitacion\/\"},{\"@type\":\"ListItem\",\"position\":3,\"name\":\"Sensor Inercial Baiobit. An\u00e1lisis del Movimiento.\"}]},{\"@type\":\"WebSite\",\"@id\":\"https:\/\/pmed-services.online\/es\/#website\",\"url\":\"https:\/\/pmed-services.online\/es\/\",\"name\":\"PMed Services Online\",\"description\":\"Ihr Webshop f\u00fcr medizinische Produkte\",\"publisher\":{\"@id\":\"https:\/\/pmed-services.online\/es\/#organization\"},\"potentialAction\":[{\"@type\":\"SearchAction\",\"target\":{\"@type\":\"EntryPoint\",\"urlTemplate\":\"https:\/\/pmed-services.online\/es\/?s={search_term_string}\"},\"query-input\":{\"@type\":\"PropertyValueSpecification\",\"valueRequired\":true,\"valueName\":\"search_term_string\"}}],\"inLanguage\":\"es\"},{\"@type\":\"Organization\",\"@id\":\"https:\/\/pmed-services.online\/es\/#organization\",\"name\":\"PMed Services GmbH\",\"url\":\"https:\/\/pmed-services.online\/es\/\",\"logo\":{\"@type\":\"ImageObject\",\"inLanguage\":\"es\",\"@id\":\"https:\/\/pmed-services.online\/es\/#\/schema\/logo\/image\/\",\"url\":\"https:\/\/pmed-services.online\/wp-content\/uploads\/2021\/02\/pmed_serv_logo.png\",\"contentUrl\":\"https:\/\/pmed-services.online\/wp-content\/uploads\/2021\/02\/pmed_serv_logo.png\",\"width\":291,\"height\":51,\"caption\":\"PMed Services GmbH\"},\"image\":{\"@id\":\"https:\/\/pmed-services.online\/es\/#\/schema\/logo\/image\/\"}}]}<\/script>\n<!-- \/ Yoast SEO plugin. -->","yoast_head_json":{"title":"Sensor Inercial Baiobit. An\u00e1lisis del Movimiento. - PMed Services Online","description":"Sensor inercial portable para el an\u00e1lisis biomec\u00e1nico del movimiento, test de marcha, prueba de salto y mediciones de rango de movimiento.","robots":{"index":"index","follow":"follow","max-snippet":"max-snippet:-1","max-image-preview":"max-image-preview:large","max-video-preview":"max-video-preview:-1"},"canonical":"https:\/\/pmed-services.online\/es\/producto\/sensor-inercial-baiobit-analisis-del-movimiento\/","og_locale":"es_ES","og_type":"article","og_title":"Sensor Inercial Baiobit. An\u00e1lisis del Movimiento. - PMed Services Online","og_description":"Sensor inercial portable para el an\u00e1lisis biomec\u00e1nico del movimiento, test de marcha, prueba de salto y mediciones de rango de movimiento.","og_url":"https:\/\/pmed-services.online\/es\/producto\/sensor-inercial-baiobit-analisis-del-movimiento\/","og_site_name":"PMed Services Online","article_modified_time":"2023-02-19T18:20:09+00:00","og_image":[{"width":1635,"height":1408,"url":"https:\/\/pmed-services.online\/wp-content\/uploads\/2022\/06\/Baiobit1.jpg","type":"image\/jpeg"}],"twitter_card":"summary_large_image","twitter_misc":{"Tiempo de lectura":"1 minuto"},"schema":{"@context":"https:\/\/schema.org","@graph":[{"@type":"WebPage","@id":"https:\/\/pmed-services.online\/es\/producto\/sensor-inercial-baiobit-analisis-del-movimiento\/","url":"https:\/\/pmed-services.online\/es\/producto\/sensor-inercial-baiobit-analisis-del-movimiento\/","name":"Sensor Inercial Baiobit. An\u00e1lisis del Movimiento. - PMed Services Online","isPartOf":{"@id":"https:\/\/pmed-services.online\/es\/#website"},"primaryImageOfPage":{"@id":"https:\/\/pmed-services.online\/es\/producto\/sensor-inercial-baiobit-analisis-del-movimiento\/#primaryimage"},"image":{"@id":"https:\/\/pmed-services.online\/es\/producto\/sensor-inercial-baiobit-analisis-del-movimiento\/#primaryimage"},"thumbnailUrl":"https:\/\/pmed-services.online\/wp-content\/uploads\/2022\/06\/Baiobit1.jpg","datePublished":"2022-06-04T13:50:00+00:00","dateModified":"2023-02-19T18:20:09+00:00","description":"Sensor inercial portable para el an\u00e1lisis biomec\u00e1nico del movimiento, test de marcha, prueba de salto y mediciones de rango de movimiento.","breadcrumb":{"@id":"https:\/\/pmed-services.online\/es\/producto\/sensor-inercial-baiobit-analisis-del-movimiento\/#breadcrumb"},"inLanguage":"es","potentialAction":[{"@type":"ReadAction","target":["https:\/\/pmed-services.online\/es\/producto\/sensor-inercial-baiobit-analisis-del-movimiento\/"]}]},{"@type":"ImageObject","inLanguage":"es","@id":"https:\/\/pmed-services.online\/es\/producto\/sensor-inercial-baiobit-analisis-del-movimiento\/#primaryimage","url":"https:\/\/pmed-services.online\/wp-content\/uploads\/2022\/06\/Baiobit1.jpg","contentUrl":"https:\/\/pmed-services.online\/wp-content\/uploads\/2022\/06\/Baiobit1.jpg","width":1635,"height":1408},{"@type":"BreadcrumbList","@id":"https:\/\/pmed-services.online\/es\/producto\/sensor-inercial-baiobit-analisis-del-movimiento\/#breadcrumb","itemListElement":[{"@type":"ListItem","position":1,"name":"Startseite","item":"https:\/\/pmed-services.online\/es\/"},{"@type":"ListItem","position":2,"name":"Tienda","item":"https:\/\/pmed-services.online\/es\/tienda-online-productos-de-proteccion-y-rehabilitacion\/"},{"@type":"ListItem","position":3,"name":"Sensor Inercial Baiobit. An\u00e1lisis del Movimiento."}]},{"@type":"WebSite","@id":"https:\/\/pmed-services.online\/es\/#website","url":"https:\/\/pmed-services.online\/es\/","name":"PMed Services Online","description":"Ihr Webshop f\u00fcr medizinische Produkte","publisher":{"@id":"https:\/\/pmed-services.online\/es\/#organization"},"potentialAction":[{"@type":"SearchAction","target":{"@type":"EntryPoint","urlTemplate":"https:\/\/pmed-services.online\/es\/?s={search_term_string}"},"query-input":{"@type":"PropertyValueSpecification","valueRequired":true,"valueName":"search_term_string"}}],"inLanguage":"es"},{"@type":"Organization","@id":"https:\/\/pmed-services.online\/es\/#organization","name":"PMed Services GmbH","url":"https:\/\/pmed-services.online\/es\/","logo":{"@type":"ImageObject","inLanguage":"es","@id":"https:\/\/pmed-services.online\/es\/#\/schema\/logo\/image\/","url":"https:\/\/pmed-services.online\/wp-content\/uploads\/2021\/02\/pmed_serv_logo.png","contentUrl":"https:\/\/pmed-services.online\/wp-content\/uploads\/2021\/02\/pmed_serv_logo.png","width":291,"height":51,"caption":"PMed Services GmbH"},"image":{"@id":"https:\/\/pmed-services.online\/es\/#\/schema\/logo\/image\/"}}]}},"_links":{"self":[{"href":"https:\/\/pmed-services.online\/es\/wp-json\/wp\/v2\/product\/993","targetHints":{"allow":["GET"]}}],"collection":[{"href":"https:\/\/pmed-services.online\/es\/wp-json\/wp\/v2\/product"}],"about":[{"href":"https:\/\/pmed-services.online\/es\/wp-json\/wp\/v2\/types\/product"}],"replies":[{"embeddable":true,"href":"https:\/\/pmed-services.online\/es\/wp-json\/wp\/v2\/comments?post=993"}],"wp:featuredmedia":[{"embeddable":true,"href":"https:\/\/pmed-services.online\/es\/wp-json\/wp\/v2\/media\/1005"}],"wp:attachment":[{"href":"https:\/\/pmed-services.online\/es\/wp-json\/wp\/v2\/media?parent=993"}],"wp:term":[{"taxonomy":"product_brand","embeddable":true,"href":"https:\/\/pmed-services.online\/es\/wp-json\/wp\/v2\/product_brand?post=993"},{"taxonomy":"product_cat","embeddable":true,"href":"https:\/\/pmed-services.online\/es\/wp-json\/wp\/v2\/product_cat?post=993"},{"taxonomy":"product_tag","embeddable":true,"href":"https:\/\/pmed-services.online\/es\/wp-json\/wp\/v2\/product_tag?post=993"}],"curies":[{"name":"wp","href":"https:\/\/api.w.org\/{rel}","templated":true}]}}